{"id":245417,"date":"2023-04-03T15:06:13","date_gmt":"2023-04-03T14:06:13","guid":{"rendered":"https:\/\/www.moskito.cz\/produkt\/bruska-cold-steel-benchtop-knife-sharpener\/"},"modified":"2025-05-07T10:49:12","modified_gmt":"2025-05-07T09:49:12","slug":"bruska-cold-steel-benchtop-knife-sharpener","status":"publish","type":"product","link":"https:\/\/www.moskito.cz\/sk\/produkt\/bruska-cold-steel-benchtop-knife-sharpener\/","title":{"rendered":"Br\u00faska Cold Steel BENCHTOP KNIFE SHARPENER"},"content":{"rendered":"<p>Br\u00faska Cold Steel BENCHTOP KNIFE SHARPENER<\/p>\n<p>Stoln\u00fd br\u00fasik je nastavite\u013en\u00fd v uhle od 15 do 30 stup\u0148ov a je dod\u00e1van\u00fd so 4 diamantov\u00fdmi br\u00fasnymi zrnami (300, 600, 800 a 1000). Dok\u00e1\u017ee r\u00fdchlo obnovi\u0165 ostr\u00fa hranu prakticky ka\u017ed\u00e9ho no\u017ea, ktor\u00fd vlastn\u00edte. M\u00e1 obojstrann\u00fa svorku s nekaziacou sa rukov\u00e4\u0165ou a rot\u00e1ciou o 180 stup\u0148ov pre br\u00fasenie dvoch hr\u00e1n bez vybratia no\u017ea zo svorky. Z\u00e1klad\u0148a je za\u0165a\u017een\u00e1 proti\u0161mykov\u00fdmi no\u017ei\u010dkami, ktor\u00e9 poskytuj\u00fa stabiln\u00fd podstavec pre stoln\u00e9 ostrenie. Obsahuje pevn\u00e9 puzdro na pren\u00e1\u0161anie.<\/p>\n<p>Popis:<\/p>\n<p>Materi\u00e1l: Diamant<br \/>\nMateri\u00e1l rukov\u00e4te: Plast<\/p>\n","protected":false},"excerpt":{"rendered":"<p>Stoln\u00fd diamantov\u00fd br\u00fasik.<\/p>\n","protected":false},"featured_media":245412,"comment_status":"open","ping_status":"closed","template":"","meta":[],"pwb-brand":[3598],"product_brand":[],"product_cat":[3205],"product_tag":[3668],"class_list":{"0":"post-245417","1":"product","2":"type-product","3":"status-publish","4":"has-post-thumbnail","6":"pwb-brand-cold-steel-sk","7":"product_cat-brusky-a-ocielky","8":"product_tag-b2b-sk","10":"first","11":"outofstock","12":"taxable","13":"shipping-taxable","14":"purchasable","15":"product-type-simple"},"brands":[{"id":3598,"name":"Cold Steel","slug":"cold-steel-sk"}],"_links":{"self":[{"href":"https:\/\/www.moskito.cz\/sk\/wp-json\/wp\/v2\/product\/245417","targetHints":{"allow":["GET"]}}],"collection":[{"href":"https:\/\/www.moskito.cz\/sk\/wp-json\/wp\/v2\/product"}],"about":[{"href":"https:\/\/www.moskito.cz\/sk\/wp-json\/wp\/v2\/types\/product"}],"replies":[{"embeddable":true,"href":"https:\/\/www.moskito.cz\/sk\/wp-json\/wp\/v2\/comments?post=245417"}],"wp:featuredmedia":[{"embeddable":true,"href":"https:\/\/www.moskito.cz\/sk\/wp-json\/wp\/v2\/media\/245412"}],"wp:attachment":[{"href":"https:\/\/www.moskito.cz\/sk\/wp-json\/wp\/v2\/media?parent=245417"}],"wp:term":[{"taxonomy":"pwb-brand","embeddable":true,"href":"https:\/\/www.moskito.cz\/sk\/wp-json\/wp\/v2\/pwb-brand?post=245417"},{"taxonomy":"product_brand","embeddable":true,"href":"https:\/\/www.moskito.cz\/sk\/wp-json\/wp\/v2\/product_brand?post=245417"},{"taxonomy":"product_cat","embeddable":true,"href":"https:\/\/www.moskito.cz\/sk\/wp-json\/wp\/v2\/product_cat?post=245417"},{"taxonomy":"product_tag","embeddable":true,"href":"https:\/\/www.moskito.cz\/sk\/wp-json\/wp\/v2\/product_tag?post=245417"}],"curies":[{"name":"wp","href":"https:\/\/api.w.org\/{rel}","templated":true}]}}