{"id":245425,"date":"2023-04-03T14:39:31","date_gmt":"2023-04-03T13:39:31","guid":{"rendered":"https:\/\/www.moskito.cz\/produkt\/sekera-cold-steel-hudson-bay-tomahawk\/"},"modified":"2025-05-07T10:49:12","modified_gmt":"2025-05-07T09:49:12","slug":"sekera-cold-steel-hudson-bay-tomahawk","status":"publish","type":"product","link":"https:\/\/www.moskito.cz\/sk\/produkt\/sekera-cold-steel-hudson-bay-tomahawk\/","title":{"rendered":"Sekera Cold Steel HUDSON BAY TOMAHAWK"},"content":{"rendered":"<p>Sekera Cold Steel HUDSON BAY TOMAHAWK<\/p>\n<p>Takmer ka\u017ed\u00fd tomahawk, ktor\u00fd si dnes m\u00f4\u017eete na trhu k\u00fapi\u0165, m\u00e1 korene v Hudson Bay Axe pou\u017e\u00edvan\u00e9 po st\u00e1ro\u010dia v roz\u013eahl\u00fdch lesoch a mo\u010diaroch severov\u00fdchodnej Kanady. Hudson Bay Axe, zn\u00e1ma svojou v\u0161estrannos\u0165ou a \u00fa\u010dinnos\u0165ou, sa stala nepostr\u00e1date\u013enou pre ka\u017ed\u00e9ho, kto sa sna\u017e\u00ed vyrva\u0165 \u017eivobytie z divo\u010diny. Aj my sme ve\u013ek\u00fdmi obdivovate\u013emi tohto sl\u00e1vneho vzoru sekery, a tak sme sa rozhodli (rovnako ako mnoh\u00ed pred nami) preform\u00e1tova\u0165 ho do form\u00e1tu tomahawk. Z\u00e1pustkovo vykovan\u00fd z uhl\u00edkovej ocele 1050, rovnako ako v\u0161etky na\u0161e jastraby, pon\u00faka 3 \u00bd dlh\u00fa rezn\u00fa hranu klasick\u00e9ho tvaru a tie\u017e zna\u010dn\u00fa \u0161pi\u010dku, ktor\u00fa je mo\u017en\u00e9 pou\u017ei\u0165 na b\u00fa\u0161enie, drvenie a kladivom. M\u00f4\u017eete s n\u00edm dokonca zat\u013aka\u0165 klince a hroty, preto\u017ee je rovnako ako \u010depe\u013e diferenci\u00e1lne tvrden\u00e1. Dod\u00e1van\u00e9 s tvrdou rukov\u00e4\u0165ou American Hickory s rovn\u00fdm zrnom, je pripraven\u00e9 na \u017eivot v lese av n\u00fadzi tie\u017e posl\u00fa\u017ei ako desivo \u00fa\u010dinn\u00e1 zbra\u0148.<\/p>\n<p>Popis:<\/p>\n<p>Celkov\u00e1 ve\u013ekos\u0165: 55.9 cm<br \/>\nFarba: oce\u013eovo \u0161ed\u00e1\/drevo<br \/>\nHmotnos\u0165: 697 g<br \/>\nOce\u013e: 1055 Carbon<br \/>\nD\u013a\u017eka rukov\u00e4te: 559 mm<br \/>\nMateri\u00e1l rukov\u00e4te: americk\u00fd biely orech<\/p>\n","protected":false},"excerpt":{"rendered":"<p>Tomahawk Hudson Bay je v\u00fdborn\u00fd pomocn\u00edk ako v pr\u00e1ci pri t\u00e1boren\u00ed, tak sa z neho m\u00f4\u017ee sta\u0165 desiv\u00e1 zbra\u0148.<\/p>\n","protected":false},"featured_media":245357,"comment_status":"open","ping_status":"closed","template":"","meta":[],"pwb-brand":[3598],"product_brand":[],"product_cat":[3190],"product_tag":[3668],"class_list":{"0":"post-245425","1":"product","2":"type-product","3":"status-publish","4":"has-post-thumbnail","6":"pwb-brand-cold-steel-sk","7":"product_cat-sekery-sk","8":"product_tag-b2b-sk","10":"first","11":"instock","12":"taxable","13":"shipping-taxable","14":"purchasable","15":"product-type-simple"},"brands":[{"id":3598,"name":"Cold Steel","slug":"cold-steel-sk"}],"_links":{"self":[{"href":"https:\/\/www.moskito.cz\/sk\/wp-json\/wp\/v2\/product\/245425","targetHints":{"allow":["GET"]}}],"collection":[{"href":"https:\/\/www.moskito.cz\/sk\/wp-json\/wp\/v2\/product"}],"about":[{"href":"https:\/\/www.moskito.cz\/sk\/wp-json\/wp\/v2\/types\/product"}],"replies":[{"embeddable":true,"href":"https:\/\/www.moskito.cz\/sk\/wp-json\/wp\/v2\/comments?post=245425"}],"wp:featuredmedia":[{"embeddable":true,"href":"https:\/\/www.moskito.cz\/sk\/wp-json\/wp\/v2\/media\/245357"}],"wp:attachment":[{"href":"https:\/\/www.moskito.cz\/sk\/wp-json\/wp\/v2\/media?parent=245425"}],"wp:term":[{"taxonomy":"pwb-brand","embeddable":true,"href":"https:\/\/www.moskito.cz\/sk\/wp-json\/wp\/v2\/pwb-brand?post=245425"},{"taxonomy":"product_brand","embeddable":true,"href":"https:\/\/www.moskito.cz\/sk\/wp-json\/wp\/v2\/product_brand?post=245425"},{"taxonomy":"product_cat","embeddable":true,"href":"https:\/\/www.moskito.cz\/sk\/wp-json\/wp\/v2\/product_cat?post=245425"},{"taxonomy":"product_tag","embeddable":true,"href":"https:\/\/www.moskito.cz\/sk\/wp-json\/wp\/v2\/product_tag?post=245425"}],"curies":[{"name":"wp","href":"https:\/\/api.w.org\/{rel}","templated":true}]}}