{"id":245429,"date":"2023-04-03T12:53:20","date_gmt":"2023-04-03T11:53:20","guid":{"rendered":"https:\/\/www.moskito.cz\/produkt\/pevny-noz-cold-steel-recon-scout-cpm-3v\/"},"modified":"2025-05-07T10:49:13","modified_gmt":"2025-05-07T09:49:13","slug":"pevny-noz-cold-steel-recon-scout-cpm-3v","status":"publish","type":"product","link":"https:\/\/www.moskito.cz\/sk\/produkt\/pevny-noz-cold-steel-recon-scout-cpm-3v\/","title":{"rendered":"Pevn\u00fd N\u00f4\u017e Cold Steel RECON SCOUT (CPM 3V)"},"content":{"rendered":"<p>In almost every respect, the Recon Scout is simply a 7.5-inch Trail Master Bowie. It offers the same heat treatment, blade thickness, blade shape, and handle &#8211; but now with CPM-3V tool steel.<\/p>\n<p>Unlike other combat knives, the Recon Scout&#8217;s broad clip point is highly resistant to bending or breaking. It&#8217;s ideal for long-range cutting and slashing. Additionally, the blade is equipped with a slightly concave false edge that measures approximately 3.5&#8243; long.<\/p>\n<p>Like the Trail Master, the Recon Scout has a slight curve along the entire length of the blade. This curve allows the blade to be used in a draw cut as well as a chopping stroke. Plus, the extra curve near the tip provides plenty of &#8222;belly&#8220; for emergency field dressing and skinning.<\/p>\n<p>The Recon Scout comes complete with a tough Secure-Ex sheath.<\/p>\n<p>Weight: 9.5 oz Blade Thickness: 5\/16in Handle Length\/Material: 5in Long Kray-ExHandle Blade Steel: 3-V Steel Blade Length: 7 1\/2in Overall Length: 12 1\/2in Knife Type: Fixed Blade Length Range: 5+ in Steel Family: 3-V Blade Shape: Clip Point<\/p>\n","protected":false},"excerpt":{"rendered":"<p>In almost every respect, the Recon Scout is simply a 7.5-inch Trail Master Bowie. It offers the same heat treatment, blade thickness, blade shape, and handle &#8211; but now with CPM-3V tool steel. Unlike other combat knives, the Recon Scout&#8217;s broad clip point is highly resistant to bending or breaking. It&#8217;s ideal for long-range cutting [&hellip;]<\/p>\n","protected":false},"featured_media":245343,"comment_status":"open","ping_status":"closed","template":"","meta":[],"pwb-brand":[3598],"product_brand":[],"product_cat":[3186,3187],"product_tag":[3668],"class_list":{"0":"post-245429","1":"product","2":"type-product","3":"status-publish","4":"has-post-thumbnail","6":"pwb-brand-cold-steel-sk","7":"product_cat-noze-sk","8":"product_cat-pevne-noze-sk","9":"product_tag-b2b-sk","11":"first","12":"instock","13":"taxable","14":"shipping-taxable","15":"purchasable","16":"product-type-simple"},"brands":[{"id":3598,"name":"Cold Steel","slug":"cold-steel-sk"}],"_links":{"self":[{"href":"https:\/\/www.moskito.cz\/sk\/wp-json\/wp\/v2\/product\/245429","targetHints":{"allow":["GET"]}}],"collection":[{"href":"https:\/\/www.moskito.cz\/sk\/wp-json\/wp\/v2\/product"}],"about":[{"href":"https:\/\/www.moskito.cz\/sk\/wp-json\/wp\/v2\/types\/product"}],"replies":[{"embeddable":true,"href":"https:\/\/www.moskito.cz\/sk\/wp-json\/wp\/v2\/comments?post=245429"}],"wp:featuredmedia":[{"embeddable":true,"href":"https:\/\/www.moskito.cz\/sk\/wp-json\/wp\/v2\/media\/245343"}],"wp:attachment":[{"href":"https:\/\/www.moskito.cz\/sk\/wp-json\/wp\/v2\/media?parent=245429"}],"wp:term":[{"taxonomy":"pwb-brand","embeddable":true,"href":"https:\/\/www.moskito.cz\/sk\/wp-json\/wp\/v2\/pwb-brand?post=245429"},{"taxonomy":"product_brand","embeddable":true,"href":"https:\/\/www.moskito.cz\/sk\/wp-json\/wp\/v2\/product_brand?post=245429"},{"taxonomy":"product_cat","embeddable":true,"href":"https:\/\/www.moskito.cz\/sk\/wp-json\/wp\/v2\/product_cat?post=245429"},{"taxonomy":"product_tag","embeddable":true,"href":"https:\/\/www.moskito.cz\/sk\/wp-json\/wp\/v2\/product_tag?post=245429"}],"curies":[{"name":"wp","href":"https:\/\/api.w.org\/{rel}","templated":true}]}}