{"id":245434,"date":"2023-04-03T12:25:48","date_gmt":"2023-04-03T11:25:48","guid":{"rendered":"https:\/\/www.moskito.cz\/produkt\/pevny-noz-cold-steel-drop-forged-bowie\/"},"modified":"2025-05-07T10:49:14","modified_gmt":"2025-05-07T09:49:14","slug":"pevny-noz-cold-steel-drop-forged-bowie","status":"publish","type":"product","link":"https:\/\/www.moskito.cz\/sk\/produkt\/pevny-noz-cold-steel-drop-forged-bowie\/","title":{"rendered":"Pevn\u00fd N\u00f4\u017e Cold Steel Drop Forged Bowie"},"content":{"rendered":"<p>Pevn\u00fd N\u00f4\u017e <strong>Cold Steel<\/strong> Drop Forged Bowie<\/p>\n<p>Tento pr\u00edrastok do n\u00e1\u0161ho radu no\u017eov Drop Forged m\u00e1 celkov\u00fa d\u013a\u017eku 14 palcov a je vybaven\u00fd 9 \u00bd palcovou \u010depe\u013eou, zdie\u013ea mnoho rovnak\u00fdch atrib\u00fatov ako ostatn\u00e9 no\u017ee v tejto s\u00e9rii, vr\u00e1tane rovnakej robustnej kon\u0161trukcie, kovan\u00e9 ako jeden kus. ocele, \u010do mu dod\u00e1va prekvapiv\u00fa silu. Ale na rozdiel od ostatn\u00fdch Drop Forged no\u017eov m\u00e1 do rukov\u00e4te zakomponovan\u00e9 v\u00fdrazn\u00e9 umel\u00e9 jelenie dosky. \u010cepe\u013e je naplocho br\u00fasen\u00e1 do stredne tenk\u00e9ho ostrie a n\u00e1sledne je br\u00fasen\u00e1 do britvy. \u0160pi\u010dka \u010depele je dostato\u010dne ostr\u00e1, aby pon\u00fakala hlbok\u00fd prienik, a bod rovnov\u00e1hy je tesne pred z\u00e1\u0161titou, v\u010faka \u010domu je v ruke \u017eiv\u00fd a \u010depe\u013e je len mierne \u0165a\u017ek\u00e1. Rovnako ako ostatn\u00e9 no\u017ee zo s\u00e9rie Drop Forged sa dod\u00e1va s puzdrom Secure-Ex\u2122 vojenskej triedy, ktor\u00e9 obsahuje odn\u00edmate\u013en\u00e9 p\u00fatko na opasok z Cordury.<\/p>\n<p>Popis:<\/p>\n<p>Materi\u00e1l \u010depele: 52100<br \/>\nMateri\u00e1l rukov\u00e4te: Oce\u013e, Umel\u00e9 paro\u017eie<br \/>\nMateri\u00e1l puzdra: Secure-Ex<br \/>\nD\u013a\u017eka \u010depele: 24 cm<br \/>\nCelkov\u00e1 d\u013a\u017eka: 36 cm<br \/>\nD\u013a\u017eka rukov\u00e4te: 12 cm<br \/>\nHr\u00fabka \u010depele: 5 mm<br \/>\nV\u00fd\u0161ka \u010depele: 3.7 cm<br \/>\nHmotnos\u0165: 420 g<\/p>\n<p><iframe title=\"Cold Steel Drop Forge Bowie Knife\" width=\"800\" height=\"450\" src=\"https:\/\/www.youtube.com\/embed\/kenk0Dq_1Qc?feature=oembed\" frameborder=\"0\" allow=\"accelerometer; autoplay; clipboard-write; encrypted-media; gyroscope; picture-in-picture; web-share\" referrerpolicy=\"strict-origin-when-cross-origin\" allowfullscreen><\/iframe><\/p>\n<p>&nbsp;<\/p>\n","protected":false},"excerpt":{"rendered":"<p><strong>Celokovan\u00fd Drop Forged Boot Knife od firmy COLD STEEL je pevn\u00fd n\u00f4\u017e ur\u010den\u00fd na skryt\u00e9 nosenie s obojstrann\u00fdm hladk\u00fdm ostr\u00edm.<\/strong><\/p>\n","protected":false},"featured_media":245330,"comment_status":"open","ping_status":"closed","template":"","meta":[],"pwb-brand":[3598],"product_brand":[],"product_cat":[3187,3186],"product_tag":[3668],"class_list":{"0":"post-245434","1":"product","2":"type-product","3":"status-publish","4":"has-post-thumbnail","6":"pwb-brand-cold-steel-sk","7":"product_cat-pevne-noze-sk","8":"product_cat-noze-sk","9":"product_tag-b2b-sk","11":"first","12":"instock","13":"taxable","14":"shipping-taxable","15":"purchasable","16":"product-type-simple"},"brands":[{"id":3598,"name":"Cold Steel","slug":"cold-steel-sk"}],"_links":{"self":[{"href":"https:\/\/www.moskito.cz\/sk\/wp-json\/wp\/v2\/product\/245434","targetHints":{"allow":["GET"]}}],"collection":[{"href":"https:\/\/www.moskito.cz\/sk\/wp-json\/wp\/v2\/product"}],"about":[{"href":"https:\/\/www.moskito.cz\/sk\/wp-json\/wp\/v2\/types\/product"}],"replies":[{"embeddable":true,"href":"https:\/\/www.moskito.cz\/sk\/wp-json\/wp\/v2\/comments?post=245434"}],"wp:featuredmedia":[{"embeddable":true,"href":"https:\/\/www.moskito.cz\/sk\/wp-json\/wp\/v2\/media\/245330"}],"wp:attachment":[{"href":"https:\/\/www.moskito.cz\/sk\/wp-json\/wp\/v2\/media?parent=245434"}],"wp:term":[{"taxonomy":"pwb-brand","embeddable":true,"href":"https:\/\/www.moskito.cz\/sk\/wp-json\/wp\/v2\/pwb-brand?post=245434"},{"taxonomy":"product_brand","embeddable":true,"href":"https:\/\/www.moskito.cz\/sk\/wp-json\/wp\/v2\/product_brand?post=245434"},{"taxonomy":"product_cat","embeddable":true,"href":"https:\/\/www.moskito.cz\/sk\/wp-json\/wp\/v2\/product_cat?post=245434"},{"taxonomy":"product_tag","embeddable":true,"href":"https:\/\/www.moskito.cz\/sk\/wp-json\/wp\/v2\/product_tag?post=245434"}],"curies":[{"name":"wp","href":"https:\/\/api.w.org\/{rel}","templated":true}]}}