{"id":245620,"date":"2023-04-05T20:29:19","date_gmt":"2023-04-05T19:29:19","guid":{"rendered":"https:\/\/www.moskito.cz\/produkt\/zatvaraci-noz-andre-de-villiers-scavenger-titanium-handle-6\/"},"modified":"2025-05-07T10:49:20","modified_gmt":"2025-05-07T09:49:20","slug":"zatvaraci-noz-andre-de-villiers-scavenger-titanium-handle-6","status":"publish","type":"product","link":"https:\/\/www.moskito.cz\/sk\/produkt\/zatvaraci-noz-andre-de-villiers-scavenger-titanium-handle-6\/","title":{"rendered":"Zatv\u00e1rac\u00ed N\u00f4\u017e Andre De Villiers Scavenger Titanium Handle"},"content":{"rendered":"<p>Zatv\u00e1rac\u00ed N\u00f4\u017e <strong>Andre De Villiers Scavenger<\/strong> Titanium Handle<\/p>\n<p>\u010co sa t\u00fdka zatv\u00e1rac\u00edch no\u017eov, nie je toho ve\u013emi \u010do porovn\u00e1va\u0165 s integr\u00e1lnym plutvom Scavenger od Andre De Villiers a Rike Knives. Naozaj sa nepodob\u00e1 ni\u010domu in\u00e9mu, \u010do nos\u00edme, a to z nieko\u013ek\u00fdch d\u00f4vodov, z ktor\u00fdch ka\u017ed\u00fd m\u00e1 \u010do do \u010dinenia s jeho zastra\u0161uj\u00facim vzh\u013eadom. Nikdy sme nevideli celistv\u00fd dizajn tak d\u00f4myselne vyfr\u00e9zovan\u00fd, s jedine\u010dnou t\u00e9mou, ktor\u00e1 je tak dokonale preveden\u00e1. Chrb\u00e1t no\u017ea bol navrhnut\u00fd tak, aby napodob\u0148oval kostrov\u00fa \u0161trukt\u00faru naukladan\u00fdch stavcov, a to sa dokonca pren\u00e1\u0161a do jedine\u010dn\u00e9ho klipu na kostn\u00e9 vrecko. Tento n\u00f4\u017e p\u00f4sob\u00ed v ruke neuverite\u013ene, m\u00e1 extr\u00e9mne sol\u00eddnu kvalitu kon\u0161trukcie a otv\u00e1ra sa s autoritou; Scavenger je tu, aby urobil vyhl\u00e1senie!<\/p>\n<p>V\u0161eobecne, ke\u010f vid\u00edte no\u017ee ako tento, maj\u00fa tendenciu obetova\u0165 kvalitu kv\u00f4li estetick\u00e9mu vzh\u013eadu, ale to nie je 100% pr\u00edpad Scavengeru. Tento n\u00f4\u017e je skuto\u010dn\u00fdm k\u00faskom ADV, ktor\u00fd je vyroben\u00fd tak, aby zniesol v\u00fdprask a dobre pri tom vyzeral. Ke\u010f Andre zh\u00e1\u0148al v\u00fdrobcu pre tento design, mal nieko\u013eko r\u00f4znych mo\u017enost\u00ed a rozhodol sa \u00eds\u0165 s Rike Knives, preto\u017ee boli schopn\u00ed doda\u0165 presn\u00fa kvalitu, ktor\u00fa h\u013eadal. Andre tu nechcel \u0161tandardn\u00fa v\u00fdrobn\u00fa zlo\u017eku, chcel n\u00f4\u017e, ktor\u00fd by kvalitou konkuroval jeho stredn\u00fdm technol\u00f3gi\u00e1m a musel by\u0165 integr\u00e1lny. Na tento projekt sa \u010dakalo dlho, dlho a mysl\u00edme si, \u017ee ho Rike s t\u00fdmto projektom zrazil z parku. Je to jedine\u010dn\u00fd dizajn skvele vyroben\u00fd tak, aby bol v\u0161estrann\u00fdm EDC alebo taktick\u00fdm no\u017eom, na ktor\u00fd sa m\u00f4\u017eete 100% spo\u013eahn\u00fa\u0165 so svoj\u00edm \u017eivotom.<\/p>\n<p>\u0160pecifik\u00e1cia:<br \/>\nMateri\u00e1l \u010depele: M390<\/p>\n<p>Povrchov\u00e1 \u00faprava \u010depele: Sat\u00e9n<\/p>\n<p>Uzamykac\u00ed mechanizmus: Z\u00e1mok r\u00e1mu<\/p>\n<p>Otv\u00e1rac\u00ed mechanizmus: Plutva<\/p>\n<p>N\u00e1vrh\u00e1r: Andr\u00e9 de Villiers<\/p>\n<p>Hmotnos\u0165:: 178 g<\/p>\n<p>Celkov\u00e1 d\u013a\u017eka:: 25 cm<\/p>\n<p>D\u013a\u017eka \u010depele: 11 cm<\/p>\n<p>D\u013a\u017eka v zlo\u017eenom stave: 14 cm<\/p>\n<p>Hr\u00fabka \u010depele: 0.45 cm<\/p>\n<p>Krajina p\u00f4vodu:: Ju\u017en\u00e1 Afrika<\/p>\n","protected":false},"excerpt":{"rendered":"<p><strong>N\u00f4\u017e AdV Savage m\u00e1 plynul\u00e9 otv\u00e1ranie s tit\u00e1nov\u00fdm r\u00e1mov\u00fdm z\u00e1mkom.<\/strong><\/p>\n","protected":false},"featured_media":245603,"comment_status":"open","ping_status":"closed","template":"","meta":[],"pwb-brand":[3244],"product_brand":[],"product_cat":[3233,3186],"product_tag":[3668],"class_list":{"0":"post-245620","1":"product","2":"type-product","3":"status-publish","4":"has-post-thumbnail","6":"pwb-brand-zatvaraci-noz-andre-de-villiers-tanto-s35vn-satin-tanto-blade-acid-rain-frag-milled-titanium","7":"product_cat-zatvaracie-noze","8":"product_cat-noze-sk","9":"product_tag-b2b-sk","11":"first","12":"outofstock","13":"taxable","14":"shipping-taxable","15":"purchasable","16":"product-type-simple"},"brands":[{"id":3244,"name":"Zatv\u00e1rac\u00ed N\u00f4\u017e Andre De Villiers Tanto S35VN Satin Tanto Blade Acid Rain Frag Milled Titanium","slug":"zatvaraci-noz-andre-de-villiers-tanto-s35vn-satin-tanto-blade-acid-rain-frag-milled-titanium"}],"_links":{"self":[{"href":"https:\/\/www.moskito.cz\/sk\/wp-json\/wp\/v2\/product\/245620","targetHints":{"allow":["GET"]}}],"collection":[{"href":"https:\/\/www.moskito.cz\/sk\/wp-json\/wp\/v2\/product"}],"about":[{"href":"https:\/\/www.moskito.cz\/sk\/wp-json\/wp\/v2\/types\/product"}],"replies":[{"embeddable":true,"href":"https:\/\/www.moskito.cz\/sk\/wp-json\/wp\/v2\/comments?post=245620"}],"wp:featuredmedia":[{"embeddable":true,"href":"https:\/\/www.moskito.cz\/sk\/wp-json\/wp\/v2\/media\/245603"}],"wp:attachment":[{"href":"https:\/\/www.moskito.cz\/sk\/wp-json\/wp\/v2\/media?parent=245620"}],"wp:term":[{"taxonomy":"pwb-brand","embeddable":true,"href":"https:\/\/www.moskito.cz\/sk\/wp-json\/wp\/v2\/pwb-brand?post=245620"},{"taxonomy":"product_brand","embeddable":true,"href":"https:\/\/www.moskito.cz\/sk\/wp-json\/wp\/v2\/product_brand?post=245620"},{"taxonomy":"product_cat","embeddable":true,"href":"https:\/\/www.moskito.cz\/sk\/wp-json\/wp\/v2\/product_cat?post=245620"},{"taxonomy":"product_tag","embeddable":true,"href":"https:\/\/www.moskito.cz\/sk\/wp-json\/wp\/v2\/product_tag?post=245620"}],"curies":[{"name":"wp","href":"https:\/\/api.w.org\/{rel}","templated":true}]}}