{"id":245635,"date":"2023-04-05T14:57:48","date_gmt":"2023-04-05T13:57:48","guid":{"rendered":"https:\/\/www.moskito.cz\/produkt\/pevny-noz-extrema-ratio-k1-dobermann-xxv-anniversarium\/"},"modified":"2025-05-07T10:49:20","modified_gmt":"2025-05-07T09:49:20","slug":"pevny-noz-extrema-ratio-k1-dobermann-xxv-anniversarium","status":"publish","type":"product","link":"https:\/\/www.moskito.cz\/sk\/produkt\/pevny-noz-extrema-ratio-k1-dobermann-xxv-anniversarium\/","title":{"rendered":"Pevn\u00fd N\u00f4\u017e Extrema Ratio K1 DOBERMANN XXV ANNIVERSARIUM"},"content":{"rendered":"<p>Pevn\u00fd N\u00f4\u017e Extrema Ratio K1 DOBERMANN XXV ANNIVERSARIUM<\/p>\n<p>T\u00e1to \u0161peci\u00e1lna ed\u00edcia 250 kusov, ur\u010den\u00e1 k 25. v\u00fdro\u010diu zna\u010dky, zachov\u00e1va tvar p\u00f4vodn\u00e9ho no\u017ea, ale s aktu\u00e1lnymi materi\u00e1lmi a povrchovou \u00fapravou.<\/p>\n<p>K1 m\u00e1 upraven\u00fa \u010depe\u013e s kopijou, ktorej \u0161pi\u010dka je kombin\u00e1ciou tant \u0161t\u00fdlu na 40 \u00b0 a tradi\u010dnej\u0161ieho eur\u00f3pskeho \u0161t\u00fdlu, v\u00fdsledkom je ve\u013emi ostr\u00fd, ale pevn\u00fd hybrid. M\u00e1 tie\u017e ostr\u00fa falo\u0161n\u00fa hranu, v\u010faka ktorej je ve\u013emi efekt\u00edvna pri nar\u00e1\u017ean\u00ed. M\u00e1 vysok\u00fd \u00fakos, ktor\u00fd umo\u017e\u0148uje ve\u013emi efekt\u00edvnu rezn\u00fa hranu.<\/p>\n<p>\u010cepe\u013e mo\u017eno spozna\u0165 pod\u013ea otvoru na \u010depeli, v\u010faka ktor\u00e9mu je n\u00f4\u017e v\u00fdrazne \u013eah\u0161\u00ed bez toho, aby bola ohrozen\u00e1 jeho robustnos\u0165. Je vyroben\u00e1 z B\u00f6hler N690, tepelne spracovan\u00e1 na 58 HRC, aby bola dosiahnut\u00e1 najlep\u0161ia kombin\u00e1cia retencie hr\u00e1n a odolnosti. M\u00e1 sat\u00e9nov\u00fd povrch a ploch\u00e9 br\u00fasenie.<\/p>\n<p>Eloxovan\u00e1 rukov\u00e4\u0165 Anticorodal m\u00e1 \u013eah\u0161\u00ed dizajn v porovnan\u00ed so svoj\u00edm origin\u00e1lom \u2013 dizajn, ktor\u00fd charakterizuje no\u017ee Extrema Ratio \u2013 ale zachov\u00e1va si klenut\u00fd tvar a bo\u010dn\u00fd \u201ehrbo\u013e\u201c K1, \u010do umo\u017e\u0148uje vynikaj\u00faci \u00fachop v top\u00e1nkovej \u0161able a reverznom re\u017eime.<\/p>\n<p>Spodn\u00e1 \u010das\u0165 rukov\u00e4te je zakriven\u00e1, aby vytvorila ak\u00fdsi h\u00e1\u010dik pre \u013eahk\u00e9 a r\u00fdchle vytiahnutie no\u017ea z po\u0161vy, zatia\u013e \u010do hlavica vy\u010dnieva ako trojuholn\u00edkov\u00fd rozb\u00edja\u010d skla, ktor\u00fd sa m\u00f4\u017ee sta\u0165 otvorom pre \u0161n\u00farku.<\/p>\n<p>Ko\u017een\u00e1 po\u0161va je presnou replikou origin\u00e1lu a zachov\u00e1va si svoje vlastnosti r\u00fdchle a \u013eahk\u00e9 vybratie. N\u00f4\u017e je mo\u017en\u00e9 nosi\u0165 hore v podpazu\u0161\u00ed, vodorovne s opaskom alebo takticky v nohe.<\/p>\n<p>K1 je dod\u00e1van\u00fd s polypropyl\u00e9nov\u00fdm puzdrom, kompletnou ko\u017eenou po\u0161vou a ramenn\u00fdm popruhom na nosenie no\u017ea v podpazu\u0161\u00ed.<\/p>\n<p>&nbsp;<\/p>\n<p>Popis:<\/p>\n<p>\u010cepe\u013e: B\u00f6hler N690<\/p>\n<p>Tvrdos\u0165 ocele: HRC 58<\/p>\n<p>Povrchov\u00e1 \u00faprava \u010depele: Satin<\/p>\n<p>Rukov\u00e4\u0165: Hlin\u00edk<\/p>\n<p>Po\u0161va: Ko\u017ea<\/p>\n<p>V\u00e1ha: 493 g<\/p>\n<p>Celkov\u00e1 d\u013a\u017eka: 35 cm<\/p>\n<p>D\u013a\u017eka \u010depele: 21 cm<\/p>\n<p>Hr\u00fabka \u010depele: 0.63 cm<\/p>\n<p>Krajina p\u00f4vodu: Taliansko<\/p>\n","protected":false},"excerpt":{"rendered":"<p>T\u00e1to \u0161peci\u00e1lna ed\u00edcia 250 kusov, ur\u010den\u00e1 na 25. v\u00fdro\u010die zna\u010dky.<\/p>\n","protected":false},"featured_media":245626,"comment_status":"open","ping_status":"closed","template":"","meta":[],"pwb-brand":[3198],"product_brand":[],"product_cat":[3186,3187],"product_tag":[3668],"class_list":{"0":"post-245635","1":"product","2":"type-product","3":"status-publish","4":"has-post-thumbnail","6":"pwb-brand-extrema-ratio-sk","7":"product_cat-noze-sk","8":"product_cat-pevne-noze-sk","9":"product_tag-b2b-sk","11":"first","12":"instock","13":"taxable","14":"shipping-taxable","15":"purchasable","16":"product-type-simple"},"brands":[{"id":3198,"name":"Extrema Ratio","slug":"extrema-ratio-sk"}],"_links":{"self":[{"href":"https:\/\/www.moskito.cz\/sk\/wp-json\/wp\/v2\/product\/245635","targetHints":{"allow":["GET"]}}],"collection":[{"href":"https:\/\/www.moskito.cz\/sk\/wp-json\/wp\/v2\/product"}],"about":[{"href":"https:\/\/www.moskito.cz\/sk\/wp-json\/wp\/v2\/types\/product"}],"replies":[{"embeddable":true,"href":"https:\/\/www.moskito.cz\/sk\/wp-json\/wp\/v2\/comments?post=245635"}],"wp:featuredmedia":[{"embeddable":true,"href":"https:\/\/www.moskito.cz\/sk\/wp-json\/wp\/v2\/media\/245626"}],"wp:attachment":[{"href":"https:\/\/www.moskito.cz\/sk\/wp-json\/wp\/v2\/media?parent=245635"}],"wp:term":[{"taxonomy":"pwb-brand","embeddable":true,"href":"https:\/\/www.moskito.cz\/sk\/wp-json\/wp\/v2\/pwb-brand?post=245635"},{"taxonomy":"product_brand","embeddable":true,"href":"https:\/\/www.moskito.cz\/sk\/wp-json\/wp\/v2\/product_brand?post=245635"},{"taxonomy":"product_cat","embeddable":true,"href":"https:\/\/www.moskito.cz\/sk\/wp-json\/wp\/v2\/product_cat?post=245635"},{"taxonomy":"product_tag","embeddable":true,"href":"https:\/\/www.moskito.cz\/sk\/wp-json\/wp\/v2\/product_tag?post=245635"}],"curies":[{"name":"wp","href":"https:\/\/api.w.org\/{rel}","templated":true}]}}