{"id":245835,"date":"2023-04-12T21:12:08","date_gmt":"2023-04-12T20:12:08","guid":{"rendered":"https:\/\/www.moskito.cz\/produkt\/microtech-dirac-apocalyptic-225-12ap\/"},"modified":"2025-05-07T10:49:25","modified_gmt":"2025-05-07T09:49:25","slug":"microtech-dirac-apocalyptic-225-12ap","status":"publish","type":"product","link":"https:\/\/www.moskito.cz\/sk\/produkt\/microtech-dirac-apocalyptic-225-12ap\/","title":{"rendered":"Vystre\u013eovac\u00ed N\u00f4\u017e Microtech Dirac Apocalyptic 225-12AP"},"content":{"rendered":"<p>Vystre\u013eovac\u00ed N\u00f4\u017e Microtech Dirac Apocalyptic 225-12AP<\/p>\n<p>Dirac je prv\u00fd dvoj\u010dinn\u00fd n\u00f4\u017e Microtech s jazdcom na vystre\u013eovanie na boku. Extr\u00e9mne ergonomick\u00e1 rukov\u00e4\u0165 sa vyzna\u010duje zakriven\u00fdmi l\u00edniami podobn\u00fdmi HALO pre trochu in\u00fd pocit v porovnan\u00ed s in\u00fdmi rukov\u00e4\u0165ami. Presk\u00famali tento konkr\u00e9tny dizajn OTF a pou\u017eili svoje typick\u00e9 mikrotechnologick\u00e9 funkcie s ultra vysokou toleranciou, ako je propriet\u00e1rny hardv\u00e9r, inovat\u00edvny vn\u00fatorn\u00fd mechanizmus a rozb\u00edja\u010d skla. S celkovou d\u013a\u017ekou 18.12 cm je Dirac tak akur\u00e1t na ka\u017edodenn\u00e9 nosenie.<\/p>\n<p>\u0160pecifik\u00e1cia<br \/>\nD\u013a\u017eka \u010depele: 7.3 cm<br \/>\nCelkov\u00e1 d\u013a\u017eka: 18.12 cm<br \/>\nOce\u013e: M390<br \/>\nHr\u00fabka \u010depele: 0.23 cm<br \/>\n\u0160t\u00fdl \u010depele: D\u00fdka s dvojit\u00fdm ostr\u00edm, hladk\u00e1 a vr\u00fabkovan\u00e1<br \/>\nBr\u00fasenie \u010depele: Ploch\u00e9<br \/>\nPovrchov\u00e1 \u00faprava \u010depele: Apokalyptick\u00e1<br \/>\nMateri\u00e1l rukov\u00e4te: hlin\u00edk 6061-T6, \u010dierny eloxovan\u00fd tvrd\u00fd povlak Mil-Spec<br \/>\nHr\u00fabka rukov\u00e4te: 1.05 cm<br \/>\nUzamykac\u00ed mechanizmus: Krycie pos\u00fava\u010d<br \/>\nVreckov\u00e1 spona: 301 Nerezov\u00e1 oce\u013e (sklopn\u00e1)<br \/>\nHmotnos\u0165: 2,2 oz.<br \/>\nDizajn\u00e9r: Tony Marfione<br \/>\nVyroben\u00e9 v USA<\/p>\n","protected":false},"excerpt":{"rendered":"<p>V pr\u016fb\u011bhu let Microtech\u00ae Knives naplnil v\u00e1\u0161n\u00ed a dovednost\u00ed v\u00fdrobu no\u017e\u016f, a\u017e z nich vytvo\u0159il t\u00e9m\u011b\u0159 um\u011bleck\u00e1 d\u00edla,kter\u00e9 jsou vrcholem funk\u010dnosti. V\u0161echny d\u00edly jsou vyrobeny v USA.<br \/>\nNa v\u0161echny no\u017ee Microtech je do\u017eivotn\u00ed z\u00e1ruka.<\/p>\n<p>Doprava zdarma.<\/p>\n","protected":false},"featured_media":245824,"comment_status":"open","ping_status":"closed","template":"","meta":[],"pwb-brand":[3200],"product_brand":[],"product_cat":[3186,3197],"product_tag":[3668],"class_list":{"0":"post-245835","1":"product","2":"type-product","3":"status-publish","4":"has-post-thumbnail","6":"pwb-brand-microtech-sk","7":"product_cat-noze-sk","8":"product_cat-vystrelovacie-noze-sk","9":"product_tag-b2b-sk","11":"first","12":"outofstock","13":"taxable","14":"shipping-taxable","15":"purchasable","16":"product-type-simple"},"brands":[{"id":3200,"name":"Microtech","slug":"microtech-sk"}],"_links":{"self":[{"href":"https:\/\/www.moskito.cz\/sk\/wp-json\/wp\/v2\/product\/245835","targetHints":{"allow":["GET"]}}],"collection":[{"href":"https:\/\/www.moskito.cz\/sk\/wp-json\/wp\/v2\/product"}],"about":[{"href":"https:\/\/www.moskito.cz\/sk\/wp-json\/wp\/v2\/types\/product"}],"replies":[{"embeddable":true,"href":"https:\/\/www.moskito.cz\/sk\/wp-json\/wp\/v2\/comments?post=245835"}],"wp:featuredmedia":[{"embeddable":true,"href":"https:\/\/www.moskito.cz\/sk\/wp-json\/wp\/v2\/media\/245824"}],"wp:attachment":[{"href":"https:\/\/www.moskito.cz\/sk\/wp-json\/wp\/v2\/media?parent=245835"}],"wp:term":[{"taxonomy":"pwb-brand","embeddable":true,"href":"https:\/\/www.moskito.cz\/sk\/wp-json\/wp\/v2\/pwb-brand?post=245835"},{"taxonomy":"product_brand","embeddable":true,"href":"https:\/\/www.moskito.cz\/sk\/wp-json\/wp\/v2\/product_brand?post=245835"},{"taxonomy":"product_cat","embeddable":true,"href":"https:\/\/www.moskito.cz\/sk\/wp-json\/wp\/v2\/product_cat?post=245835"},{"taxonomy":"product_tag","embeddable":true,"href":"https:\/\/www.moskito.cz\/sk\/wp-json\/wp\/v2\/product_tag?post=245835"}],"curies":[{"name":"wp","href":"https:\/\/api.w.org\/{rel}","templated":true}]}}