{"id":246007,"date":"2023-04-15T17:28:05","date_gmt":"2023-04-15T16:28:05","guid":{"rendered":"https:\/\/www.moskito.cz\/produkt\/vystrelovaci-noz-microtech-ultratech-apocalyptic-123-12aprd\/"},"modified":"2025-05-07T10:49:33","modified_gmt":"2025-05-07T09:49:33","slug":"vystrelovaci-noz-microtech-ultratech-apocalyptic-123-12aprd","status":"publish","type":"product","link":"https:\/\/www.moskito.cz\/sk\/produkt\/vystrelovaci-noz-microtech-ultratech-apocalyptic-123-12aprd\/","title":{"rendered":"Vystre\u013eovac\u00ed N\u00f4\u017e Microtech Ultratech Apocalyptic 123-12APRD"},"content":{"rendered":"<p>Vystre\u013eovac\u00ed N\u00f4\u017e Microtech Ultratech Apocalyptic 123-12APRD<\/p>\n<p>V mnoh\u00fdch oh\u013eadoch je Microtech Ultratech typick\u00fdm out-the-frontom (OTF) automatick\u00fdm no\u017eom. M\u00f4\u017ee sa pochv\u00e1li\u0165 vynikaj\u00facou dvoj\u010dinnos\u0165ou od spolo\u010dnosti Microtech, ktor\u00e1 v\u00e1m umo\u017en\u00ed otvori\u0165 alebo zavrie\u0165 n\u00f4\u017e jedn\u00fdm stla\u010den\u00edm palcov\u00e9ho skl\u00ed\u010dka. Kvalita je zrejm\u00e1 v ka\u017edom aspekte \u2013 od materi\u00e1lov horn\u00fdch pol\u00edc, cez bezchybn\u00fd strih a povrchov\u00fa \u00fapravu a\u017e po inovat\u00edvny, vysoko funk\u010dn\u00fd design. Na ovl\u00e1danie no\u017ea OTF, ako je Ultratech, je nie\u010do nepopierate\u013ene uspokojuj\u00face \u2013 dokonca vzru\u0161uj\u00face. V dobrom slova zmysle sa c\u00edti trochu zle, a aj ke\u010f sa to niekomu m\u00f4\u017ee zda\u0165 extra, umo\u017e\u0148uje pr\u00edstup jednou rukou, ktor\u00fd je pozoruhodne praktick\u00fd. \u010ci u\u017e h\u013ead\u00e1te n\u00f4\u017e, na ktor\u00fd stav\u00edte svoj \u017eivot, jeden, ktor\u00fd budete nosi\u0165 ka\u017ed\u00fd de\u0148, alebo len jeden, ktor\u00fdm roz\u0161\u00edrite svoju zbierku, tento n\u00f4\u017e v\u00e1m bude vyhovova\u0165 a budete sa s n\u00edm usmieva\u0165.<\/p>\n<p>T\u00e1to verzia pon\u00faka hladk\u00fa, tvarovan\u00fa rukov\u00e4\u0165 s premyslene umiestnen\u00fdm dr\u00e1\u017ekovan\u00edm pre maxim\u00e1lne pohodlie bez toho, aby bola ohrozen\u00e1 bezpe\u010dnos\u0165 \u00fachopu; navy\u0161e v\u00e1m nerozhryzne vrecko.<\/p>\n<p>Celkov\u00e1 d\u013a\u017eka: 22 cm<br \/>\nD\u013a\u017eka \u010depele: 8.6 cm<br \/>\nHr\u00fabka \u010depele: 0,33 cm<br \/>\nMateri\u00e1l \u010depele: 204P<br \/>\n\u0160t\u00fdl \u010depel\u00ed: Drop Point<br \/>\nBritov\u00e9 do\u0161ti\u010dky: Ploch\u00e9<br \/>\nMateri\u00e1l rukov\u00e4te: hlin\u00edk<br \/>\nHmotnos\u0165: 3,60 oz.<br \/>\nU\u017e\u00edvate\u013e: Prav\u00e1 ruka<br \/>\nPocket Clip: Tip-Down<br \/>\nTyp no\u017ea: Double-Action OTF Automatic<br \/>\nOtv\u00e1ra\u010d: Thumb Slide<br \/>\nZna\u010dka: Microtech<br \/>\nModel: Ultratech<br \/>\nKrajina p\u00f4vodu: USA<br \/>\nNajlep\u0161ie pou\u017eitie: Ka\u017edodenn\u00e9<\/p>\n","protected":false},"excerpt":{"rendered":"<p>V priebehu rokov Microtech\u00ae Knives naplnil v\u00e1\u0161\u0148ou a zru\u010dnos\u0165ou v\u00fdrobu no\u017eov, a\u017e z nich vytvoril takmer umeleck\u00e9 diela, ktor\u00e9 s\u00fa vrcholom funk\u010dnosti. V\u0161etky diely s\u00fa vyroben\u00e9 v USA.<br \/>\nNa v\u0161etky no\u017ee Microtech je do\u017eivotn\u00e1 z\u00e1ruka (min. 80 000 cyklov, otvorenie a zatvorenie)<\/p>\n<p>Doprava zadarmo.<\/p>\n","protected":false},"featured_media":246005,"comment_status":"open","ping_status":"closed","template":"","meta":[],"pwb-brand":[3200],"product_brand":[],"product_cat":[3186,3197],"product_tag":[3668],"class_list":{"0":"post-246007","1":"product","2":"type-product","3":"status-publish","4":"has-post-thumbnail","6":"pwb-brand-microtech-sk","7":"product_cat-noze-sk","8":"product_cat-vystrelovacie-noze-sk","9":"product_tag-b2b-sk","11":"first","12":"outofstock","13":"taxable","14":"shipping-taxable","15":"purchasable","16":"product-type-simple"},"brands":[{"id":3200,"name":"Microtech","slug":"microtech-sk"}],"_links":{"self":[{"href":"https:\/\/www.moskito.cz\/sk\/wp-json\/wp\/v2\/product\/246007","targetHints":{"allow":["GET"]}}],"collection":[{"href":"https:\/\/www.moskito.cz\/sk\/wp-json\/wp\/v2\/product"}],"about":[{"href":"https:\/\/www.moskito.cz\/sk\/wp-json\/wp\/v2\/types\/product"}],"replies":[{"embeddable":true,"href":"https:\/\/www.moskito.cz\/sk\/wp-json\/wp\/v2\/comments?post=246007"}],"wp:featuredmedia":[{"embeddable":true,"href":"https:\/\/www.moskito.cz\/sk\/wp-json\/wp\/v2\/media\/246005"}],"wp:attachment":[{"href":"https:\/\/www.moskito.cz\/sk\/wp-json\/wp\/v2\/media?parent=246007"}],"wp:term":[{"taxonomy":"pwb-brand","embeddable":true,"href":"https:\/\/www.moskito.cz\/sk\/wp-json\/wp\/v2\/pwb-brand?post=246007"},{"taxonomy":"product_brand","embeddable":true,"href":"https:\/\/www.moskito.cz\/sk\/wp-json\/wp\/v2\/product_brand?post=246007"},{"taxonomy":"product_cat","embeddable":true,"href":"https:\/\/www.moskito.cz\/sk\/wp-json\/wp\/v2\/product_cat?post=246007"},{"taxonomy":"product_tag","embeddable":true,"href":"https:\/\/www.moskito.cz\/sk\/wp-json\/wp\/v2\/product_tag?post=246007"}],"curies":[{"name":"wp","href":"https:\/\/api.w.org\/{rel}","templated":true}]}}