{"id":246236,"date":"2023-04-16T20:54:07","date_gmt":"2023-04-16T19:54:07","guid":{"rendered":"https:\/\/www.moskito.cz\/produkt\/pevny-noz-microtech-socom-alpha-apocalyptic-kydex-sheath-113-10ap\/"},"modified":"2025-05-07T10:49:39","modified_gmt":"2025-05-07T09:49:39","slug":"pevny-noz-microtech-socom-alpha-apocalyptic-kydex-sheath-113-10ap","status":"publish","type":"product","link":"https:\/\/www.moskito.cz\/sk\/produkt\/pevny-noz-microtech-socom-alpha-apocalyptic-kydex-sheath-113-10ap\/","title":{"rendered":"Pevn\u00fd N\u00f4\u017e Microtech Socom Alpha Apocalyptic Kydex Sheath 113-10AP"},"content":{"rendered":"<p>Pevn\u00fd N\u00f4\u017e Microtech Socom Alpha Apocalyptic Kydex Sheath 113-10AP<\/p>\n<p>Socom Alpha je elitn\u00e1 pevn\u00e1 \u010depe\u013e zalo\u017een\u00e1 na ob\u013e\u00fabenej sklada\u010dke Socom. Rukov\u00e4\u0165 je zhruba rovnako ve\u013ek\u00e1, ale pevn\u00e1 \u010depe\u013e Socom Alpha m\u00e1 o nie\u010do dlh\u0161iu \u010depe\u013e a vytv\u00e1ra tak dokonale vyv\u00e1\u017een\u00fd n\u00f4\u017e. Je navrhnut\u00e1 pre taktick\u00fdch u\u017e\u00edvate\u013eov, zberate\u013eov a kohoko\u013evek, kto ocen\u00ed \u010depe\u013e najvy\u0161\u0161ej kvality.<\/p>\n<p>Tento celoplo\u0161n\u00fd dizajn sa vyzna\u010duje lemovan\u00edm po celej rukov\u00e4ti, aby v\u00e1m poskytol najbezpe\u010dnej\u0161iu mo\u017en\u00fa manipul\u00e1ciu s touto taktickou pevnou \u010depe\u013eou. Fr\u00e9zovan\u00e9 stupnice G10 maj\u00fa tvarovan\u00fd tvar pre maxim\u00e1lne ergonomick\u00fd \u00fachop a vytv\u00e1raj\u00fa dokonal\u00fa harm\u00f3niu medzi u\u017e\u00edvate\u013eom a n\u00e1strojom. \u010cepe\u013e Clip Point je ploch\u00e9 br\u00fasen\u00e9 so zaoblen\u00fdm chrbtom a robustn\u00fdm apokalyptick\u00fdm povrchom. Socom Alpha vy\u017earuje auru pou\u017e\u00edvate\u013ea najvy\u0161\u0161ej \u00farovne ako taktick\u00e1 a \u00fa\u017eitkov\u00e1 pevn\u00e1 \u010depe\u013e. Vyr\u00e1ba sa s dokonale tesn\u00fdmi toleranciami, tak\u017ee viete, \u017ee zvl\u00e1dne v\u0161etko, \u010do na\u0148 m\u00f4\u017eete hodi\u0165. Dod\u00e1va sa s kydexov\u00fdm puzdrom z uhl\u00edkov\u00fdch vl\u00e1kien s Blade-Tech MOLLE LOKs pre viac mo\u017enost\u00ed nosenia, aby vyhovovali ich \u0161pecifick\u00fdm preferenci\u00e1m.<\/p>\n<p>\u0160pecifik\u00e1cia<br \/>\nD\u013a\u017eka \u010depele: 13.62 cm<br \/>\nRezn\u00e1 hrana: 12.81 cm<br \/>\nD\u013a\u017eka rukov\u00e4te: 12.5 cm<br \/>\nCelkov\u00e1 d\u013a\u017eka: 26.25 cm<br \/>\nOce\u013e: M390<br \/>\nHr\u00fabka \u010depele: 0.42 cm<br \/>\n\u0160t\u00fdl \u010depele: Clip Point<br \/>\nBr\u00fasenie \u010depele: Ploch\u00e9<br \/>\nPovrchov\u00e1 \u00faprava \u010depele: Apokalyptick\u00e1<br \/>\nMateri\u00e1l rukov\u00e4te: \u010dierna G10<br \/>\nHr\u00fabka rukov\u00e4te: 1.87 cm<br \/>\nMateri\u00e1l pl\u00e1\u0161\u0165a: Carbon Fiber Finish Kydex<br \/>\nHmotnos\u0165: 8,0 oz.<br \/>\nHmotnos\u0165 s puzdrom: 12,2 oz.<br \/>\nDizajn\u00e9r: Tony Marfione<br \/>\nVyroben\u00e9 v USA<\/p>\n","protected":false},"excerpt":{"rendered":"<p>V priebehu rokov Microtech\u00ae Knives naplnil v\u00e1\u0161\u0148ou a zru\u010dnos\u0165ou v\u00fdrobu no\u017eov, a\u017e z nich vytvoril takmer umeleck\u00e9 diela, ktor\u00e9 s\u00fa vrcholom funk\u010dnosti. V\u0161etky diely s\u00fa vyroben\u00e9 v USA.<br \/>\nNa v\u0161etky no\u017ee Microtech je do\u017eivotn\u00e1 z\u00e1ruka (min. 80 000 cyklov, otvorenie a zatvorenie)<\/p>\n<p>Doprava zadarmo.<\/p>\n","protected":false},"featured_media":246228,"comment_status":"open","ping_status":"closed","template":"","meta":[],"pwb-brand":[3200],"product_brand":[],"product_cat":[3186,3187],"product_tag":[3668],"class_list":{"0":"post-246236","1":"product","2":"type-product","3":"status-publish","4":"has-post-thumbnail","6":"pwb-brand-microtech-sk","7":"product_cat-noze-sk","8":"product_cat-pevne-noze-sk","9":"product_tag-b2b-sk","11":"first","12":"outofstock","13":"taxable","14":"shipping-taxable","15":"purchasable","16":"product-type-simple"},"brands":[{"id":3200,"name":"Microtech","slug":"microtech-sk"}],"_links":{"self":[{"href":"https:\/\/www.moskito.cz\/sk\/wp-json\/wp\/v2\/product\/246236","targetHints":{"allow":["GET"]}}],"collection":[{"href":"https:\/\/www.moskito.cz\/sk\/wp-json\/wp\/v2\/product"}],"about":[{"href":"https:\/\/www.moskito.cz\/sk\/wp-json\/wp\/v2\/types\/product"}],"replies":[{"embeddable":true,"href":"https:\/\/www.moskito.cz\/sk\/wp-json\/wp\/v2\/comments?post=246236"}],"wp:featuredmedia":[{"embeddable":true,"href":"https:\/\/www.moskito.cz\/sk\/wp-json\/wp\/v2\/media\/246228"}],"wp:attachment":[{"href":"https:\/\/www.moskito.cz\/sk\/wp-json\/wp\/v2\/media?parent=246236"}],"wp:term":[{"taxonomy":"pwb-brand","embeddable":true,"href":"https:\/\/www.moskito.cz\/sk\/wp-json\/wp\/v2\/pwb-brand?post=246236"},{"taxonomy":"product_brand","embeddable":true,"href":"https:\/\/www.moskito.cz\/sk\/wp-json\/wp\/v2\/product_brand?post=246236"},{"taxonomy":"product_cat","embeddable":true,"href":"https:\/\/www.moskito.cz\/sk\/wp-json\/wp\/v2\/product_cat?post=246236"},{"taxonomy":"product_tag","embeddable":true,"href":"https:\/\/www.moskito.cz\/sk\/wp-json\/wp\/v2\/product_tag?post=246236"}],"curies":[{"name":"wp","href":"https:\/\/api.w.org\/{rel}","templated":true}]}}