{"id":246320,"date":"2023-04-17T21:30:16","date_gmt":"2023-04-17T20:30:16","guid":{"rendered":"https:\/\/www.moskito.cz\/produkt\/zatvaraci-noz-chaves-knives-liberation-229-stonewashed-229-lt-bg10-bf\/"},"modified":"2025-05-07T10:49:41","modified_gmt":"2025-05-07T09:49:41","slug":"zatvaraci-noz-chaves-knives-liberation-229-stonewashed-229-lt-bg10-bf","status":"publish","type":"product","link":"https:\/\/www.moskito.cz\/sk\/produkt\/zatvaraci-noz-chaves-knives-liberation-229-stonewashed-229-lt-bg10-bf\/","title":{"rendered":"Zatv\u00e1rac\u00ed N\u00f4\u017e Chaves Knives Liberation 229 Stonewashed 229\/LT\/BG10\/BF"},"content":{"rendered":"<p>Zatv\u00e1rac\u00ed N\u00f4\u017e <strong>Chaves Knives<\/strong> Liberation 229 Stonewashed 229\/LT\/BG10\/BF<\/p>\n<p>No\u017ee Chaves Ultramar od Ramona Chaveza vyr\u00e1ba spolo\u010dnos\u0165 Reate Knives, ktorej cie\u013eom je prinies\u0165 svoje \u00fa\u017easn\u00e9 no\u017ee \u0161ir\u0161ej z\u00e1kladni publika. Existuje cel\u00fd rad r\u00f4znych modelov vr\u00e1tane produk\u010dnej Street verzie jeho sl\u00e1vneho no\u017ea Redencion, ktor\u00fd je vo svete no\u017eov ikonick\u00fd. Ka\u017ed\u00fd z nich sa c\u00edti ako jedna z jeho stredn\u00fdch technol\u00f3gi\u00ed a je vybaven\u00fd jeho charakteristick\u00fdm klipom na vrecko na lebku z tit\u00e1nu. S\u00fa perfektn\u00e9 na ka\u017edodenn\u00e9 nosenie a Reate dok\u00e1zal dokonale vytvori\u0165 Ramonovu neuverite\u013en\u00fa akciu, tak\u017ee sa ot\u00e1\u010daj\u00fa ako skuto\u010dn\u00e9 veci!<\/p>\n<p>Tento Liberation 229 je vari\u00e1ciou modelu Redencion, ale s \u0161t\u00edhlej\u0161\u00edm profilom \u010depele a rukov\u00e4te. \u0160t\u00edhla \u010depe\u013e typu drop point je sp\u00e1rovan\u00e1 s hranatou tit\u00e1novou rukov\u00e4\u0165ou, ktor\u00e1 je navrhnut\u00e1 pre \u013eahk\u00e9 pren\u00e1\u0161anie. R\u00e1mov\u00fd z\u00e1mok je vybaven\u00fd vymenite\u013enou vlo\u017ekou lockbaru a n\u00f4\u017e je doplnen\u00fd \u010diasto\u010dn\u00fdm tit\u00e1nov\u00fdm backspacerom. Ak je Ramon Chavez na va\u0161om zozname prian\u00ed nejak\u00fa dobu, ale zost\u00e1va mimo va\u0161ej ceny, potom sa pozrite na Chaves Ultramar. Za tie peniaze neexistuje lep\u0161\u00ed produk\u010dn\u00fd n\u00f4\u017e stredn\u00e9ho typu, ktor\u00fd si dok\u00e1\u017eeme predstavi\u0165.<\/p>\n<p>\u0160pecifik\u00e1cia:<br \/>\nD\u013a\u017eka \u010depele: 9.06 cm<br \/>\nRezn\u00e1 hrana: 8.62 cm<br \/>\nD\u013a\u017eka v zatvorenom stave: 11.56 cm<br \/>\nCelkov\u00e1 d\u013a\u017eka: 20.62 cm<br \/>\nMateri\u00e1l \u010depele: M390 Nerezov\u00e1 oce\u013e<br \/>\nHr\u00fabka \u010depele: 0.39 cm<br \/>\n\u0160t\u00fdl \u010depele: Tanto<br \/>\nBr\u00fasenie \u010depel\u00ed: Zmes<br \/>\nPovrchov\u00e1 \u00faprava \u010depele: Belt Satin<br \/>\nMateri\u00e1l rukov\u00e4te: Black G10 a Stonewashed Titan<br \/>\nHr\u00fabka rukov\u00e4te: 1.35 cm<br \/>\nUzamykac\u00ed mechanizmus: Frame Lock<br \/>\nZostava \u010dapu: Lo\u017eisk\u00e1<br \/>\nVreckov\u00e1 spona: Stonewashed Titan (Tip-Up, Right Carry)<br \/>\nHmotnos\u0165: 5,05 oz.<br \/>\nDizajn\u00e9r: Ramon Chavez<br \/>\nTit\u00e1nov\u00fd Backspacer<\/p>\n","protected":false},"excerpt":{"rendered":"<p><strong>No\u017ee Chaves s\u00fa vyroben\u00e9 na n\u00e1ro\u010dn\u00e9 pou\u017eitie a s\u00fa vyroben\u00e9 z t\u00fdch najlep\u0161\u00edch materi\u00e1lov pre odolnos\u0165 a zachovanie ostria. Viac ako len funk\u010dn\u00fd n\u00f4\u017e, seri\u00f3zny rezn\u00fd n\u00e1stroj, ktor\u00fd vydr\u017e\u00ed po cel\u00fd \u017eivot.<\/strong><\/p>\n<p><strong>Ramon a Lorrie Chavezovci.<\/strong><\/p>\n","protected":false},"featured_media":246309,"comment_status":"open","ping_status":"closed","template":"","meta":[],"pwb-brand":[3251],"product_brand":[],"product_cat":[3186,3233],"product_tag":[3668],"class_list":{"0":"post-246320","1":"product","2":"type-product","3":"status-publish","4":"has-post-thumbnail","6":"pwb-brand-propiska-chaves-knives-ultramar-bolt-action-pen-stonewashed-dots-titanium-ink-pen","7":"product_cat-noze-sk","8":"product_cat-zatvaracie-noze","9":"product_tag-b2b-sk","11":"first","12":"instock","13":"taxable","14":"shipping-taxable","15":"purchasable","16":"product-type-simple"},"brands":[{"id":3251,"name":"Propiska Chaves Knives Ultramar Bolt Action Pen Stonewashed Dots Titanium Ink Pen","slug":"propiska-chaves-knives-ultramar-bolt-action-pen-stonewashed-dots-titanium-ink-pen"}],"_links":{"self":[{"href":"https:\/\/www.moskito.cz\/sk\/wp-json\/wp\/v2\/product\/246320","targetHints":{"allow":["GET"]}}],"collection":[{"href":"https:\/\/www.moskito.cz\/sk\/wp-json\/wp\/v2\/product"}],"about":[{"href":"https:\/\/www.moskito.cz\/sk\/wp-json\/wp\/v2\/types\/product"}],"replies":[{"embeddable":true,"href":"https:\/\/www.moskito.cz\/sk\/wp-json\/wp\/v2\/comments?post=246320"}],"wp:featuredmedia":[{"embeddable":true,"href":"https:\/\/www.moskito.cz\/sk\/wp-json\/wp\/v2\/media\/246309"}],"wp:attachment":[{"href":"https:\/\/www.moskito.cz\/sk\/wp-json\/wp\/v2\/media?parent=246320"}],"wp:term":[{"taxonomy":"pwb-brand","embeddable":true,"href":"https:\/\/www.moskito.cz\/sk\/wp-json\/wp\/v2\/pwb-brand?post=246320"},{"taxonomy":"product_brand","embeddable":true,"href":"https:\/\/www.moskito.cz\/sk\/wp-json\/wp\/v2\/product_brand?post=246320"},{"taxonomy":"product_cat","embeddable":true,"href":"https:\/\/www.moskito.cz\/sk\/wp-json\/wp\/v2\/product_cat?post=246320"},{"taxonomy":"product_tag","embeddable":true,"href":"https:\/\/www.moskito.cz\/sk\/wp-json\/wp\/v2\/product_tag?post=246320"}],"curies":[{"name":"wp","href":"https:\/\/api.w.org\/{rel}","templated":true}]}}