{"id":246448,"date":"2023-04-18T21:14:41","date_gmt":"2023-04-18T20:14:41","guid":{"rendered":"https:\/\/www.moskito.cz\/produkt\/propiska-chaves-knives-ultramar-solid-titanium-bolt-action-pen-pen-ba-sswti\/"},"modified":"2025-05-07T10:49:44","modified_gmt":"2025-05-07T09:49:44","slug":"propiska-chaves-knives-ultramar-solid-titanium-bolt-action-pen-pen-ba-sswti","status":"publish","type":"product","link":"https:\/\/www.moskito.cz\/sk\/produkt\/propiska-chaves-knives-ultramar-solid-titanium-bolt-action-pen-pen-ba-sswti\/","title":{"rendered":"Propiska Chaves Knives Ultramar Solid Titanium Bolt Action Pen PEN\/BA\/SSWTI"},"content":{"rendered":"<p>Propiska Chaves Knives Ultramar Solid Titanium Bolt Action Pen PEN\/BA\/SSWTI<\/p>\n<p>Ak\u010dn\u00e9 pero Chaves Bolt Action Pen je vyroben\u00e9 z mas\u00edvneho tit\u00e1nu s pekn\u00fdm tvarovan\u00edm pre va\u0161e prsty podporuj\u00face ergonomick\u00e9 pou\u017eitie. Schmidt easyFLOW 9000 M zapisuje extr\u00e9mne hladko a \u013eahko sa nasadzuje. M\u00f4\u017eete sa u\u0161krn\u00fa\u0165, ale nie je to tak v\u017edy a my sme radi, \u017ee to tu vid\u00edme. Ak\u010dn\u00e9 pero Chaves Bolt m\u00e1 extr\u00e9mne pevn\u00fd pocit &#8211; ako by si poradilo so v\u0161etk\u00fdm a e\u0161te sa podp\u00edsalo kr\u00e1snym podpisom. Obsahuje Ramonovu ochrann\u00fa zn\u00e1mku z tit\u00e1nov\u00e9ho vrecka na lebku, ktor\u00e1 je raz, ak nie najlep\u0161ia v odbore, a bola hrdo vyroben\u00e1 spolo\u010dnos\u0165ou Reate Knives.<\/p>\n<p>\u0160pecifik\u00e1cia:<br \/>\nMateri\u00e1l: Tit\u00e1n<br \/>\nCelkov\u00e1 d\u013a\u017eka: 12.24 cm<br \/>\nHr\u00fabka: 1.27 cm<br \/>\nHmotnos\u0165: 1,76 oz. (50 g)<br \/>\nN\u00e1pl\u0148: Schmidt easyFLOW 9000 M<br \/>\nDizajn\u00e9r: Ramon Chavez<\/p>\n","protected":false},"excerpt":{"rendered":"<p>No\u017ee Chaves s\u00fa vyroben\u00e9 na n\u00e1ro\u010dn\u00e9 pou\u017eitie a s\u00fa vyroben\u00e9 z t\u00fdch najlep\u0161\u00edch materi\u00e1lov pre odolnos\u0165 a zachovanie ostria. Viac ako len funk\u010dn\u00fd n\u00f4\u017e, seri\u00f3zny rezn\u00fd n\u00e1stroj, ktor\u00fd vydr\u017e\u00ed po cel\u00fd \u017eivot.<\/p>\n<p>Ramon a Lorrie Chavezovci.<\/p>\n","protected":false},"featured_media":246434,"comment_status":"open","ping_status":"closed","template":"","meta":[],"pwb-brand":[3251],"product_brand":[],"product_cat":[3186,3233],"product_tag":[3668],"class_list":{"0":"post-246448","1":"product","2":"type-product","3":"status-publish","4":"has-post-thumbnail","6":"pwb-brand-propiska-chaves-knives-ultramar-bolt-action-pen-stonewashed-dots-titanium-ink-pen","7":"product_cat-noze-sk","8":"product_cat-zatvaracie-noze","9":"product_tag-b2b-sk","11":"first","12":"outofstock","13":"taxable","14":"shipping-taxable","15":"purchasable","16":"product-type-simple"},"brands":[{"id":3251,"name":"Propiska Chaves Knives Ultramar Bolt Action Pen Stonewashed Dots Titanium Ink Pen","slug":"propiska-chaves-knives-ultramar-bolt-action-pen-stonewashed-dots-titanium-ink-pen"}],"_links":{"self":[{"href":"https:\/\/www.moskito.cz\/sk\/wp-json\/wp\/v2\/product\/246448","targetHints":{"allow":["GET"]}}],"collection":[{"href":"https:\/\/www.moskito.cz\/sk\/wp-json\/wp\/v2\/product"}],"about":[{"href":"https:\/\/www.moskito.cz\/sk\/wp-json\/wp\/v2\/types\/product"}],"replies":[{"embeddable":true,"href":"https:\/\/www.moskito.cz\/sk\/wp-json\/wp\/v2\/comments?post=246448"}],"wp:featuredmedia":[{"embeddable":true,"href":"https:\/\/www.moskito.cz\/sk\/wp-json\/wp\/v2\/media\/246434"}],"wp:attachment":[{"href":"https:\/\/www.moskito.cz\/sk\/wp-json\/wp\/v2\/media?parent=246448"}],"wp:term":[{"taxonomy":"pwb-brand","embeddable":true,"href":"https:\/\/www.moskito.cz\/sk\/wp-json\/wp\/v2\/pwb-brand?post=246448"},{"taxonomy":"product_brand","embeddable":true,"href":"https:\/\/www.moskito.cz\/sk\/wp-json\/wp\/v2\/product_brand?post=246448"},{"taxonomy":"product_cat","embeddable":true,"href":"https:\/\/www.moskito.cz\/sk\/wp-json\/wp\/v2\/product_cat?post=246448"},{"taxonomy":"product_tag","embeddable":true,"href":"https:\/\/www.moskito.cz\/sk\/wp-json\/wp\/v2\/product_tag?post=246448"}],"curies":[{"name":"wp","href":"https:\/\/api.w.org\/{rel}","templated":true}]}}