{"id":246551,"date":"2023-04-20T18:40:38","date_gmt":"2023-04-20T17:40:38","guid":{"rendered":"https:\/\/www.moskito.cz\/produkt\/sekera-crkt-skeggox-2917\/"},"modified":"2025-05-07T10:49:44","modified_gmt":"2025-05-07T09:49:44","slug":"sekera-crkt-skeggox-2917","status":"publish","type":"product","link":"https:\/\/www.moskito.cz\/sk\/produkt\/sekera-crkt-skeggox-2917\/","title":{"rendered":"Sekera CRKT SKEGGOX 2917"},"content":{"rendered":"<p>Sekera <strong>CRKT<\/strong> SKEGGOX 2917<\/p>\n<p>Ovl\u00e1dnite vonkaj\u0161ie prostredie s touto sekerou, ktorou m\u00f4\u017eete \u00eds\u0165 kamko\u013evek a robi\u0165 \u010doko\u013evek.<\/p>\n<p>Skeggox, pomenovan\u00fd po svojom n\u00f3rskom predkovi z 1. storo\u010dia, je kompaktn\u00e1 f\u00fazat\u00e1 sekera postaven\u00e1 tak, aby obst\u00e1la v sk\u00fa\u0161ke \u010dasu. T\u00e1to modern\u00e1 inkarn\u00e1cia navrhnut\u00e1 Jamesom Williamsom vyu\u017e\u00edva full t\u00e1ng pre v\u00fdnimo\u010dn\u00fa pevnos\u0165 a uhl\u00edkov\u00fa oce\u013e SK-5 pre vynikaj\u00face udr\u017eanie hr\u00e1n. Pokra\u010dujte, nechajte Vikingov \u017eiarli\u0165.<br \/>\nVysoko v\u00fdkonn\u00e1 oce\u013e: Uhl\u00edkov\u00e1 oce\u013e SK-5 dobre dr\u017e\u00ed ostrie<br \/>\nVylep\u0161en\u00e1 ochrana: Pr\u00e1\u0161kov\u00e9 lakovanie zlep\u0161uje odolnos\u0165 proti kor\u00f3zii<br \/>\nPevn\u00e1 a \u013eahk\u00e1: Nylonov\u00e1 rukov\u00e4\u0165 vystu\u017een\u00e1 sklom je odoln\u00e1 a \u013eahk\u00e1<br \/>\nSecure Grip: Tvarovan\u00e1 rukov\u00e4\u0165 pre v\u00fdnimo\u010dn\u00fa kontrolu<br \/>\nKompatibiln\u00fd s vybaven\u00edm: Odoln\u00fd termoplastick\u00fd pl\u00e1\u0161\u0165 s kompatibiln\u00fdmi mo\u017enos\u0165ami mont\u00e1\u017ee Molle klipom<\/p>\n<p>\u0160PECIFIK\u00c1CIA<br \/>\nD\u013a\u017eka \u010depele: 12.26 cm<br \/>\n\u010cepe\u013e oce\u013e SK-5<br \/>\nPovrchov\u00e1 \u00faprava \u010depele pr\u00e1\u0161kov\u00fd lak<br \/>\nHr\u00fabka \u010depele: 0.63 cm<br \/>\nCelkov\u00e1 d\u013a\u017eka: 32.8 cm<br \/>\nHmotnos\u0165: 0,74 kg<br \/>\nRukov\u00e4\u0165 Nylon vystu\u017een\u00fd sklom<br \/>\n\u0160t\u00fdl Axe<br \/>\nMateri\u00e1l pl\u00e1\u0161\u0165a Termoplast<br \/>\nHmotnos\u0165 puzdra: 155,92 g<\/p>\n","protected":false},"excerpt":{"rendered":"<p><strong>Navrhol James Williams vo Vass v Severnej Karol\u00edne.<\/strong><\/p>\n","protected":false},"featured_media":246522,"comment_status":"open","ping_status":"closed","template":"","meta":[],"pwb-brand":[3249],"product_brand":[],"product_cat":[3190],"product_tag":[3668],"class_list":{"0":"post-246551","1":"product","2":"type-product","3":"status-publish","4":"has-post-thumbnail","6":"pwb-brand-zatvaraci-noz-crkt-delilahs-p-e-c-k-5520","7":"product_cat-sekery-sk","8":"product_tag-b2b-sk","10":"first","11":"outofstock","12":"sale","13":"taxable","14":"shipping-taxable","15":"purchasable","16":"product-type-simple"},"brands":[{"id":3249,"name":"Zatv\u00e1rac\u00ed N\u00f4\u017e CRKT DELILAH'S P.E.C.K. 5520","slug":"zatvaraci-noz-crkt-delilahs-p-e-c-k-5520"}],"_links":{"self":[{"href":"https:\/\/www.moskito.cz\/sk\/wp-json\/wp\/v2\/product\/246551","targetHints":{"allow":["GET"]}}],"collection":[{"href":"https:\/\/www.moskito.cz\/sk\/wp-json\/wp\/v2\/product"}],"about":[{"href":"https:\/\/www.moskito.cz\/sk\/wp-json\/wp\/v2\/types\/product"}],"replies":[{"embeddable":true,"href":"https:\/\/www.moskito.cz\/sk\/wp-json\/wp\/v2\/comments?post=246551"}],"wp:featuredmedia":[{"embeddable":true,"href":"https:\/\/www.moskito.cz\/sk\/wp-json\/wp\/v2\/media\/246522"}],"wp:attachment":[{"href":"https:\/\/www.moskito.cz\/sk\/wp-json\/wp\/v2\/media?parent=246551"}],"wp:term":[{"taxonomy":"pwb-brand","embeddable":true,"href":"https:\/\/www.moskito.cz\/sk\/wp-json\/wp\/v2\/pwb-brand?post=246551"},{"taxonomy":"product_brand","embeddable":true,"href":"https:\/\/www.moskito.cz\/sk\/wp-json\/wp\/v2\/product_brand?post=246551"},{"taxonomy":"product_cat","embeddable":true,"href":"https:\/\/www.moskito.cz\/sk\/wp-json\/wp\/v2\/product_cat?post=246551"},{"taxonomy":"product_tag","embeddable":true,"href":"https:\/\/www.moskito.cz\/sk\/wp-json\/wp\/v2\/product_tag?post=246551"}],"curies":[{"name":"wp","href":"https:\/\/api.w.org\/{rel}","templated":true}]}}