{"id":246562,"date":"2023-04-20T20:23:42","date_gmt":"2023-04-20T19:23:42","guid":{"rendered":"https:\/\/www.moskito.cz\/produkt\/crkt-micro-tool-keychain-sharpener-9096\/"},"modified":"2025-05-07T10:49:45","modified_gmt":"2025-05-07T09:49:45","slug":"crkt-micro-tool-keychain-sharpener-9096","status":"publish","type":"product","link":"https:\/\/www.moskito.cz\/sk\/produkt\/crkt-micro-tool-keychain-sharpener-9096\/","title":{"rendered":"CRKT MICRO TOOL &#038; KEYCHAIN SHARPENER 9096"},"content":{"rendered":"<p>CRKT MICRO TOOL &amp; KEYCHAIN \u200b\u200bSHARPENER 9096<\/p>\n<p>Ka\u017ed\u00fd, kto n\u00f4\u017e pou\u017e\u00edva pravidelne, vie, \u017ee ma\u0165 ostr\u00fa \u010depe\u013e je ove\u013ea bezpe\u010dnej\u0161ie, ne\u017e sa sna\u017ei\u0165 prin\u00fati\u0165 tup\u00fa \u010depe\u013e, aby to zvl\u00e1dla. Dizajn\u00e9r Tom Stokes vytvoril toto kompaktn\u00fd br\u00fasik, aby bolo \u013eahk\u00e9 ho ma\u0165 so sebou a udr\u017ea\u0165 si ostros\u0165 no\u017ea.<br \/>\nU\u017eito\u010dn\u00e1 pom\u00f4cka: Reza\u010dka p\u00e1sov bezpe\u010dnostn\u00fdch p\u00e1sov<br \/>\nField Sharpener: Kompaktn\u00fd br\u00fasik sa hod\u00ed kamko\u013evek<br \/>\nPraktick\u00e9: Otv\u00e1ra\u010d na f\u013ea\u0161e pre v\u00e1\u0161 ob\u013e\u00faben\u00fd n\u00e1poj<br \/>\nPloch\u00fd skrutkova\u010d<\/p>\n<p>\u0160PECIFIK\u00c1CIA:<br \/>\n\u010cepe\u013e z ocele 2Cr13<br \/>\nCelkov\u00e1 d\u013a\u017eka: 8.57 cm<br \/>\nHmotnos\u0165 17,01 g<br \/>\nRukov\u00e4\u0165 Nylon vystu\u017een\u00fd sklom | Nerezov\u00e1 oce\u013e<br \/>\n\u0160t\u00fdl Multi-Tool<\/p>\n","protected":false},"excerpt":{"rendered":"<pre id=\"tw-target-text\" class=\"tw-data-text tw-text-large tw-ta\" dir=\"ltr\" data-placeholder=\"P\u0159eklad\"><span class=\"Y2IQFc\" lang=\"sk\">Navrhol Tom Stokes vo Williamsburgu vo Virg\u00ednii<\/span><\/pre>\n","protected":false},"featured_media":246557,"comment_status":"open","ping_status":"closed","template":"","meta":[],"pwb-brand":[3249],"product_brand":[],"product_cat":[3342],"product_tag":[3668],"class_list":{"0":"post-246562","1":"product","2":"type-product","3":"status-publish","4":"has-post-thumbnail","6":"pwb-brand-zatvaraci-noz-crkt-delilahs-p-e-c-k-5520","7":"product_cat-multi-tool-sk","8":"product_tag-b2b-sk","10":"first","11":"outofstock","12":"taxable","13":"shipping-taxable","14":"purchasable","15":"product-type-simple"},"brands":[{"id":3249,"name":"Zatv\u00e1rac\u00ed N\u00f4\u017e CRKT DELILAH'S P.E.C.K. 5520","slug":"zatvaraci-noz-crkt-delilahs-p-e-c-k-5520"}],"_links":{"self":[{"href":"https:\/\/www.moskito.cz\/sk\/wp-json\/wp\/v2\/product\/246562","targetHints":{"allow":["GET"]}}],"collection":[{"href":"https:\/\/www.moskito.cz\/sk\/wp-json\/wp\/v2\/product"}],"about":[{"href":"https:\/\/www.moskito.cz\/sk\/wp-json\/wp\/v2\/types\/product"}],"replies":[{"embeddable":true,"href":"https:\/\/www.moskito.cz\/sk\/wp-json\/wp\/v2\/comments?post=246562"}],"wp:featuredmedia":[{"embeddable":true,"href":"https:\/\/www.moskito.cz\/sk\/wp-json\/wp\/v2\/media\/246557"}],"wp:attachment":[{"href":"https:\/\/www.moskito.cz\/sk\/wp-json\/wp\/v2\/media?parent=246562"}],"wp:term":[{"taxonomy":"pwb-brand","embeddable":true,"href":"https:\/\/www.moskito.cz\/sk\/wp-json\/wp\/v2\/pwb-brand?post=246562"},{"taxonomy":"product_brand","embeddable":true,"href":"https:\/\/www.moskito.cz\/sk\/wp-json\/wp\/v2\/product_brand?post=246562"},{"taxonomy":"product_cat","embeddable":true,"href":"https:\/\/www.moskito.cz\/sk\/wp-json\/wp\/v2\/product_cat?post=246562"},{"taxonomy":"product_tag","embeddable":true,"href":"https:\/\/www.moskito.cz\/sk\/wp-json\/wp\/v2\/product_tag?post=246562"}],"curies":[{"name":"wp","href":"https:\/\/api.w.org\/{rel}","templated":true}]}}