{"id":246852,"date":"2023-04-22T08:53:55","date_gmt":"2023-04-22T07:53:55","guid":{"rendered":"https:\/\/www.moskito.cz\/produkt\/zaviraci-nuz-wingmanedc-john-barker-ferus-bronze-titanium\/"},"modified":"2025-05-07T10:49:57","modified_gmt":"2025-05-07T09:49:57","slug":"zaviraci-nuz-wingmanedc-john-barker-ferus-bronze-titanium","status":"publish","type":"product","link":"https:\/\/www.moskito.cz\/sk\/produkt\/zaviraci-nuz-wingmanedc-john-barker-ferus-bronze-titanium\/","title":{"rendered":"Zatv\u00e1rac\u00ed N\u00f4\u017e WingManEDC John Barker Ferus Bronze Titanium"},"content":{"rendered":"<p>John Barker je zn\u00e1my svojimi \u0161t\u00fdlov\u00fdmi tanto \u010depe\u013eami a neuverite\u013enou otv\u00e1racou akciou. Mnoho z jeho zvykov pou\u017e\u00edva inovat\u00edvny plutvov\u00fd mechanizmus Kickstop jeho bl\u00edzkeho priate\u013ea Lee Williamsa a tento model Ferus nie je in\u00fd. Kickstop funguje ako vystre\u013eova\u010d \u010depele, preto\u017ee plutvov\u00fd jaz\u00fd\u010dek nie je pripojen\u00fd k samotnej \u010depeli, ale k r\u00e1mu, podobne ako pri GTC SLT. To nielen vytv\u00e1ra p\u00f4sobiv\u00fa akciu, ktor\u00fa o\u010dak\u00e1vate od Barkera, Williamsa a WingMana, ale taktie\u017e umo\u017e\u0148uje estetiku, ktor\u00fa tu vid\u00edte. Norm\u00e1lne by ste mali plutvov\u00fa klapku zasahuj\u00facu za r\u00e1m a funguj\u00facu ako chr\u00e1ni\u010d prstov, ale to nie je pr\u00edpad Ferusa. M\u00e1 ve\u013emi efekt\u00edvny vzh\u013ead a dojem, v\u010faka \u010domu je vynikaj\u00facim k\u00faskom EDC.<\/p>\n<p>Ferus m\u00f4\u017ee by\u0165 doposia\u013e najambici\u00f3znej\u0161\u00edm zatv\u00e1rac\u00edm no\u017eom od WingManEDC. Vyzna\u010duje sa integr\u00e1lnym tit\u00e1nov\u00fdm r\u00e1mom s 3D obroben\u00fdmi tit\u00e1nov\u00fdmi vlo\u017ekami na ka\u017edej strane. Vn\u00fatro integrovan\u00e9ho kamenn\u00e9ho r\u00e1mu je silne skeletonizovan\u00e9, aby sa zn\u00ed\u017eila drahocenn\u00e1 hmotnos\u0165 tohto \u00fa\u017eitkov\u00e9ho dizajnu. M\u00e1 extr\u00e9mne pevn\u00fd pocit v ruke, ktor\u00fd sa takmer stret\u00e1va s jeho extr\u00e9mne \u013eahkou povahou, ale jednoducho funguje. Ferus v\u00e1m poskytne vynikaj\u00faci pokoj pri n\u00e1ro\u010dnom pou\u017e\u00edvan\u00ed, osln\u00ed o\u010di a pobav\u00ed aj tie najnepokojnej\u0161ie z n\u00e1s. Je to neuverite\u013en\u00fd dizajn od Johna Barkera a WingManEDC a sme nad\u0161en\u00ed, \u017ee v\u00e1m ho m\u00f4\u017eeme prinies\u0165.<\/p>\n<p>Dizajn John Barker<br \/>\nVyu\u017e\u00edva inovat\u00edvny plutvov\u00fd mechanizmus KickStop od Lee Williamsa<br \/>\nCelkov\u00e1 d\u013a\u017eka: 17.81 cm<br \/>\nD\u013a\u017eka \u010depele: 7.5 cm<br \/>\nD\u013a\u017eka reznej hrany: 7.5 cm<br \/>\nOce\u013e \u010depele: M390<br \/>\nPovrchov\u00e1 \u00faprava \u010depele: Belt Satin<br \/>\nMateri\u00e1l rukov\u00e4te: Titan<br \/>\nPovrchov\u00e1 \u00faprava rukov\u00e4te: Stonewashed<br \/>\nHmotnos\u0165: 3,2 unca<br \/>\nJazd\u00ed na keramick\u00fdch lo\u017eisk\u00e1ch<br \/>\n\u010capy v tvare vrtule s povrchovou \u00fapravou z kamenn\u00e9ho bronzu<br \/>\nIntegr\u00e1lna br\u00fasen\u00e1 tit\u00e1nov\u00e1 r\u00e1mov\u00e1 rukov\u00e4\u0165 s 3D fr\u00e9zovanou dvojfarebnou kamennou a bronzovanou tit\u00e1novou vlo\u017ekou<br \/>\nSkeletizovan\u00e1 rukov\u00e4\u0165 na zn\u00ed\u017eenie hmotnosti<br \/>\nTit\u00e1nov\u00e1 vlo\u017eka stupnice rukov\u00e4te sl\u00fa\u017ei ako stabiliz\u00e1tor z\u00e1mkovej ty\u010de<br \/>\nBronzov\u00e9 kamenn\u00e9 kovanie<br \/>\nStonewashed skeletonizovan\u00fd 3D obroben\u00fd vykl\u00e1pac\u00ed tit\u00e1nov\u00fd vreckov\u00fd klip<br \/>\nDod\u00e1va sa s tit\u00e1novou zn\u00e1mkou COA, tit\u00e1nov\u00fdm \u010dapom v tvare leteckej bomby a hardv\u00e9rov\u00fdm n\u00e1strojom a polstrovan\u00fdm vreckom na zips<\/p>\n","protected":false},"excerpt":{"rendered":"<p>WingManEDC bol zalo\u017een\u00fd na viere, \u017ee vreckov\u00fd n\u00f4\u017e je va\u0161im dokonal\u00fdm n\u00e1strojom na ka\u017ed\u00fd de\u0148.<\/p>\n","protected":false},"featured_media":246838,"comment_status":"open","ping_status":"closed","template":"","meta":[],"pwb-brand":[],"product_brand":[],"product_cat":[3186,3233],"product_tag":[],"class_list":{"0":"post-246852","1":"product","2":"type-product","3":"status-publish","4":"has-post-thumbnail","6":"product_cat-noze-sk","7":"product_cat-zatvaracie-noze","9":"first","10":"instock","11":"taxable","12":"shipping-taxable","13":"purchasable","14":"product-type-simple"},"brands":[],"_links":{"self":[{"href":"https:\/\/www.moskito.cz\/sk\/wp-json\/wp\/v2\/product\/246852","targetHints":{"allow":["GET"]}}],"collection":[{"href":"https:\/\/www.moskito.cz\/sk\/wp-json\/wp\/v2\/product"}],"about":[{"href":"https:\/\/www.moskito.cz\/sk\/wp-json\/wp\/v2\/types\/product"}],"replies":[{"embeddable":true,"href":"https:\/\/www.moskito.cz\/sk\/wp-json\/wp\/v2\/comments?post=246852"}],"wp:featuredmedia":[{"embeddable":true,"href":"https:\/\/www.moskito.cz\/sk\/wp-json\/wp\/v2\/media\/246838"}],"wp:attachment":[{"href":"https:\/\/www.moskito.cz\/sk\/wp-json\/wp\/v2\/media?parent=246852"}],"wp:term":[{"taxonomy":"pwb-brand","embeddable":true,"href":"https:\/\/www.moskito.cz\/sk\/wp-json\/wp\/v2\/pwb-brand?post=246852"},{"taxonomy":"product_brand","embeddable":true,"href":"https:\/\/www.moskito.cz\/sk\/wp-json\/wp\/v2\/product_brand?post=246852"},{"taxonomy":"product_cat","embeddable":true,"href":"https:\/\/www.moskito.cz\/sk\/wp-json\/wp\/v2\/product_cat?post=246852"},{"taxonomy":"product_tag","embeddable":true,"href":"https:\/\/www.moskito.cz\/sk\/wp-json\/wp\/v2\/product_tag?post=246852"}],"curies":[{"name":"wp","href":"https:\/\/api.w.org\/{rel}","templated":true}]}}