{"id":247308,"date":"2023-04-23T19:59:16","date_gmt":"2023-04-23T18:59:16","guid":{"rendered":"https:\/\/www.moskito.cz\/produkt\/qsp-knife-woodpecker-qs116-d-ii\/"},"modified":"2025-05-07T10:50:07","modified_gmt":"2025-05-07T09:50:07","slug":"qsp-knife-woodpecker-qs116-d-ii","status":"publish","type":"product","link":"https:\/\/www.moskito.cz\/sk\/produkt\/qsp-knife-woodpecker-qs116-d-ii\/","title":{"rendered":"QSP Knife WOODPECKER QS116-D II"},"content":{"rendered":"<p>Zatv\u00e1rac\u00ed N\u00f4\u017e QSP Knife WOODPECKER QS116-D II<\/p>\n<p>QSP je skratka pre Quality, Service, Price.<\/p>\n<p>QSP vyr\u00e1ba no\u017ee BUDGET FRIENDLY a PREMIUM SERRIES pomocou presn\u00fdch pracovn\u00fdch postupov, ako je vodn\u00e9 tryskanie, v\u00e1kuov\u00e9 tepeln\u00e9 spracovanie, po\u010d\u00edta\u010dov\u00e9 CNC obr\u00e1banie a CNC br\u00fasenie. Ka\u017ed\u00fd n\u00f4\u017e QSP je pred odoslan\u00edm starostlivo skontrolovan\u00fd.<\/p>\n<p>mechanizmus: Keramick\u00e9 guli\u010dkov\u00e9 lo\u017eisko<\/p>\n<p>Meno: \u010eate\u013e<\/p>\n<p>\u010c\u00edslo polo\u017eky: QS116-D II<\/p>\n<p>\u010cepe\u013e: B\u00f6hler M390, \u010dierno-sat\u00e9n<\/p>\n<p>Rukov\u00e4\u0165: Blackwash tit\u00e1n<\/p>\n<p>Z\u00e1mok: Z\u00e1mok r\u00e1mu<br \/>\nmechanizmus: keramick\u00e9 guli\u010dkov\u00e9 lo\u017eisk\u00e1<\/p>\n<p>Celkov\u00e1: 21.6 cm<\/p>\n<p>Uzavret\u00e1 d\u013a\u017eka: 12.1 cm<\/p>\n<p>\u010cepe\u013e: 9.5 cm<\/p>\n<p>Hr\u00fabka \u010depele: +\/-3,8mm<\/p>\n<p>HRC: 58-60<\/p>\n<p>\u010cist\u00e1 hmotnos\u0165: +\/-130g (4,6oz)<\/p>\n<p>Dod\u00e1van\u00e9 s nylonov\u00fdm puzdrom na zips<\/p>\n","protected":false},"excerpt":{"rendered":"<p>Motto QSP je Keeping move, to better!!! QSP Knife bude aj na\u010falej prezentova\u0165 na trhu st\u00e1le viac praktick\u00fdch no\u017eov v dobrej kvalite a za dobr\u00fa cenu.<\/p>\n<p>Doprava zadarmo.<\/p>\n","protected":false},"featured_media":247297,"comment_status":"open","ping_status":"closed","template":"","meta":[],"pwb-brand":[3255],"product_brand":[],"product_cat":[3186,3233],"product_tag":[],"class_list":{"0":"post-247308","1":"product","2":"type-product","3":"status-publish","4":"has-post-thumbnail","6":"pwb-brand-zatvaraci-noz-qsp-knife-parrot-qs102-f","7":"product_cat-noze-sk","8":"product_cat-zatvaracie-noze","10":"first","11":"instock","12":"taxable","13":"shipping-taxable","14":"purchasable","15":"product-type-simple"},"brands":[{"id":3255,"name":"Zatv\u00e1rac\u00ed N\u00f4\u017e QSP Knife PARROT QS102-F","slug":"zatvaraci-noz-qsp-knife-parrot-qs102-f"}],"_links":{"self":[{"href":"https:\/\/www.moskito.cz\/sk\/wp-json\/wp\/v2\/product\/247308","targetHints":{"allow":["GET"]}}],"collection":[{"href":"https:\/\/www.moskito.cz\/sk\/wp-json\/wp\/v2\/product"}],"about":[{"href":"https:\/\/www.moskito.cz\/sk\/wp-json\/wp\/v2\/types\/product"}],"replies":[{"embeddable":true,"href":"https:\/\/www.moskito.cz\/sk\/wp-json\/wp\/v2\/comments?post=247308"}],"wp:featuredmedia":[{"embeddable":true,"href":"https:\/\/www.moskito.cz\/sk\/wp-json\/wp\/v2\/media\/247297"}],"wp:attachment":[{"href":"https:\/\/www.moskito.cz\/sk\/wp-json\/wp\/v2\/media?parent=247308"}],"wp:term":[{"taxonomy":"pwb-brand","embeddable":true,"href":"https:\/\/www.moskito.cz\/sk\/wp-json\/wp\/v2\/pwb-brand?post=247308"},{"taxonomy":"product_brand","embeddable":true,"href":"https:\/\/www.moskito.cz\/sk\/wp-json\/wp\/v2\/product_brand?post=247308"},{"taxonomy":"product_cat","embeddable":true,"href":"https:\/\/www.moskito.cz\/sk\/wp-json\/wp\/v2\/product_cat?post=247308"},{"taxonomy":"product_tag","embeddable":true,"href":"https:\/\/www.moskito.cz\/sk\/wp-json\/wp\/v2\/product_tag?post=247308"}],"curies":[{"name":"wp","href":"https:\/\/api.w.org\/{rel}","templated":true}]}}