{"id":247439,"date":"2023-04-24T21:25:46","date_gmt":"2023-04-24T20:25:46","guid":{"rendered":"https:\/\/www.moskito.cz\/produkt\/zaviraci-nuz-qsp-knife-mamba-v2-qs111-j1\/"},"modified":"2025-05-07T10:50:08","modified_gmt":"2025-05-07T09:50:08","slug":"zaviraci-nuz-qsp-knife-mamba-v2-qs111-j1","status":"publish","type":"product","link":"https:\/\/www.moskito.cz\/sk\/produkt\/zaviraci-nuz-qsp-knife-mamba-v2-qs111-j1\/","title":{"rendered":"Zav\u00edrac\u00ed N\u016f\u017e QSP Knife MAMBA V2 QS111-J1"},"content":{"rendered":"<p>Zatv\u00e1rac\u00ed N\u00f4\u017e QSP Knife MAMBA V2 QS111-J1<\/p>\n<p>QSP je skratka pre Quality, Service, Price.<\/p>\n<p>QSP vyr\u00e1ba no\u017ee BUDGET FRIENDLY a PREMIUM SERRIES pomocou presn\u00fdch pracovn\u00fdch postupov, ako je vodn\u00e9 tryskanie, v\u00e1kuov\u00e9 tepeln\u00e9 spracovanie, po\u010d\u00edta\u010dov\u00e9 CNC obr\u00e1banie a CNC br\u00fasenie. Ka\u017ed\u00fd n\u00f4\u017e QSP je pred odoslan\u00edm starostlivo skontrolovan\u00fd.<\/p>\n<p>mechanizmus: Keramick\u00e9 guli\u010dkov\u00e9 lo\u017eisko<\/p>\n<p>Meno: Mamba V2<\/p>\n<p>\u010c\u00edslo polo\u017eky: QS111-J1<\/p>\n<p>\u010cepe\u013e: D2, sat\u00e9nov\u00fd povrch<\/p>\n<p>Rukov\u00e4\u0165: Jade G10<\/p>\n<p>mechanizmus: Keramick\u00e9 guli\u010dkov\u00e9 lo\u017eisko<br \/>\nZ\u00e1mok: Liner lock<\/p>\n<p>Celkov\u00e1: 20.3 cm<\/p>\n<p>Uzavret\u00fd n\u00f4\u017e: 11.4 cm<\/p>\n<p>\u010cepe\u013e: 89 cm<\/p>\n<p>Hr\u00fabka \u010depele: +\/-3,0mm<\/p>\n<p>HRC: 57-59<\/p>\n<p>\u010cist\u00e1 hmotnos\u0165: +\/-105 g (3,46 oz)<\/p>\n","protected":false},"excerpt":{"rendered":"<p>Zatv\u00e1rac\u00ed N\u00f4\u017e QSP Knife MAMBA V2 QS111-J1 QSP je skratka pre Quality, Service, Price. QSP vyr\u00e1ba no\u017ee BUDGET FRIENDLY a PREMIUM SERRIES pomocou presn\u00fdch pracovn\u00fdch postupov, ako je vodn\u00e9 tryskanie, v\u00e1kuov\u00e9 tepeln\u00e9 spracovanie, po\u010d\u00edta\u010dov\u00e9 CNC obr\u00e1banie a CNC br\u00fasenie. Ka\u017ed\u00fd n\u00f4\u017e QSP je pred odoslan\u00edm starostlivo skontrolovan\u00fd. mechanizmus: Keramick\u00e9 guli\u010dkov\u00e9 lo\u017eisko Meno: Mamba V2 \u010c\u00edslo [&hellip;]<\/p>\n","protected":false},"featured_media":247428,"comment_status":"open","ping_status":"closed","template":"","meta":[],"pwb-brand":[3255],"product_brand":[],"product_cat":[3233,3186],"product_tag":[],"class_list":{"0":"post-247439","1":"product","2":"type-product","3":"status-publish","4":"has-post-thumbnail","6":"pwb-brand-zatvaraci-noz-qsp-knife-parrot-qs102-f","7":"product_cat-zatvaracie-noze","8":"product_cat-noze-sk","10":"first","11":"instock","12":"sale","13":"taxable","14":"shipping-taxable","15":"purchasable","16":"product-type-simple"},"brands":[{"id":3255,"name":"Zatv\u00e1rac\u00ed N\u00f4\u017e QSP Knife PARROT QS102-F","slug":"zatvaraci-noz-qsp-knife-parrot-qs102-f"}],"_links":{"self":[{"href":"https:\/\/www.moskito.cz\/sk\/wp-json\/wp\/v2\/product\/247439","targetHints":{"allow":["GET"]}}],"collection":[{"href":"https:\/\/www.moskito.cz\/sk\/wp-json\/wp\/v2\/product"}],"about":[{"href":"https:\/\/www.moskito.cz\/sk\/wp-json\/wp\/v2\/types\/product"}],"replies":[{"embeddable":true,"href":"https:\/\/www.moskito.cz\/sk\/wp-json\/wp\/v2\/comments?post=247439"}],"wp:featuredmedia":[{"embeddable":true,"href":"https:\/\/www.moskito.cz\/sk\/wp-json\/wp\/v2\/media\/247428"}],"wp:attachment":[{"href":"https:\/\/www.moskito.cz\/sk\/wp-json\/wp\/v2\/media?parent=247439"}],"wp:term":[{"taxonomy":"pwb-brand","embeddable":true,"href":"https:\/\/www.moskito.cz\/sk\/wp-json\/wp\/v2\/pwb-brand?post=247439"},{"taxonomy":"product_brand","embeddable":true,"href":"https:\/\/www.moskito.cz\/sk\/wp-json\/wp\/v2\/product_brand?post=247439"},{"taxonomy":"product_cat","embeddable":true,"href":"https:\/\/www.moskito.cz\/sk\/wp-json\/wp\/v2\/product_cat?post=247439"},{"taxonomy":"product_tag","embeddable":true,"href":"https:\/\/www.moskito.cz\/sk\/wp-json\/wp\/v2\/product_tag?post=247439"}],"curies":[{"name":"wp","href":"https:\/\/api.w.org\/{rel}","templated":true}]}}