{"id":247530,"date":"2023-04-25T20:45:22","date_gmt":"2023-04-25T19:45:22","guid":{"rendered":"https:\/\/www.moskito.cz\/produkt\/zatvaraci-noz-qsp-knife-penguin-qs130-afrg\/"},"modified":"2025-05-07T10:50:10","modified_gmt":"2025-05-07T09:50:10","slug":"zatvaraci-noz-qsp-knife-penguin-qs130-afrg","status":"publish","type":"product","link":"https:\/\/www.moskito.cz\/sk\/produkt\/zatvaraci-noz-qsp-knife-penguin-qs130-afrg\/","title":{"rendered":"Zatv\u00e1rac\u00ed N\u00f4\u017e QSP Knife PENGUIN QS130-AFRG"},"content":{"rendered":"<p>Zatv\u00e1rac\u00ed N\u00f4\u017e QSP Knife PENGUIN QS130-AFRG<\/p>\n<p>QSP je skratka pre Quality, Service, Price.<\/p>\n<p>QSP vyr\u00e1ba no\u017ee BUDGET FRIENDLY a PREMIUM SERRIES pomocou presn\u00fdch pracovn\u00fdch postupov, ako je vodn\u00e9 tryskanie, v\u00e1kuov\u00e9 tepeln\u00e9 spracovanie, po\u010d\u00edta\u010dov\u00e9 CNC obr\u00e1banie a CNC br\u00fasenie. Ka\u017ed\u00fd n\u00f4\u017e QSP je pred odoslan\u00edm starostlivo skontrolovan\u00fd.<\/p>\n<p>mechanizmus: Keramick\u00e9 guli\u010dkov\u00e9 lo\u017eisk\u00e1<\/p>\n<p>Meno: Tu\u010dniak<\/p>\n<p>\u010c\u00edslo polo\u017eky: QS130-AFRG<\/p>\n<p>\u010cepe\u013e: 154 cm, 2 t\u00f3nov\u00fd sat\u00e9nov\u00fd povrch<\/p>\n<p>Rukov\u00e4\u0165: Titanium Frag, bronz, stonewashed<\/p>\n<p>Z\u00e1mok: Z\u00e1mok r\u00e1mu<\/p>\n<p>mechanizmus: Keramick\u00e9 guli\u010dkov\u00e9 lo\u017eisko<\/p>\n<p>Celkov\u00e1: 18 cm<br \/>\nUzavret\u00e1 d\u013a\u017eka: 10.2 cm<\/p>\n<p>\u010cepe\u013e: 7.8 cm<\/p>\n<p>Hr\u00fabka \u010depele: +\/-3,0mm<\/p>\n<p>HRC: 59-61<\/p>\n<p>\u010cist\u00e1 hmotnos\u0165: +\/-90 g (3,18 oz)<\/p>\n","protected":false},"excerpt":{"rendered":"<p>Motto QSP je Keeping move, to better!!! QSP Knife bude aj na\u010falej prezentova\u0165 na trhu st\u00e1le viac praktick\u00fdch no\u017eov v dobrej kvalite a za dobr\u00fa cenu.<\/p>\n","protected":false},"featured_media":247519,"comment_status":"open","ping_status":"closed","template":"","meta":[],"pwb-brand":[3255],"product_brand":[],"product_cat":[3186,3233],"product_tag":[],"class_list":{"0":"post-247530","1":"product","2":"type-product","3":"status-publish","4":"has-post-thumbnail","6":"pwb-brand-zatvaraci-noz-qsp-knife-parrot-qs102-f","7":"product_cat-noze-sk","8":"product_cat-zatvaracie-noze","10":"first","11":"outofstock","12":"taxable","13":"shipping-taxable","14":"purchasable","15":"product-type-simple"},"brands":[{"id":3255,"name":"Zatv\u00e1rac\u00ed N\u00f4\u017e QSP Knife PARROT QS102-F","slug":"zatvaraci-noz-qsp-knife-parrot-qs102-f"}],"_links":{"self":[{"href":"https:\/\/www.moskito.cz\/sk\/wp-json\/wp\/v2\/product\/247530","targetHints":{"allow":["GET"]}}],"collection":[{"href":"https:\/\/www.moskito.cz\/sk\/wp-json\/wp\/v2\/product"}],"about":[{"href":"https:\/\/www.moskito.cz\/sk\/wp-json\/wp\/v2\/types\/product"}],"replies":[{"embeddable":true,"href":"https:\/\/www.moskito.cz\/sk\/wp-json\/wp\/v2\/comments?post=247530"}],"wp:featuredmedia":[{"embeddable":true,"href":"https:\/\/www.moskito.cz\/sk\/wp-json\/wp\/v2\/media\/247519"}],"wp:attachment":[{"href":"https:\/\/www.moskito.cz\/sk\/wp-json\/wp\/v2\/media?parent=247530"}],"wp:term":[{"taxonomy":"pwb-brand","embeddable":true,"href":"https:\/\/www.moskito.cz\/sk\/wp-json\/wp\/v2\/pwb-brand?post=247530"},{"taxonomy":"product_brand","embeddable":true,"href":"https:\/\/www.moskito.cz\/sk\/wp-json\/wp\/v2\/product_brand?post=247530"},{"taxonomy":"product_cat","embeddable":true,"href":"https:\/\/www.moskito.cz\/sk\/wp-json\/wp\/v2\/product_cat?post=247530"},{"taxonomy":"product_tag","embeddable":true,"href":"https:\/\/www.moskito.cz\/sk\/wp-json\/wp\/v2\/product_tag?post=247530"}],"curies":[{"name":"wp","href":"https:\/\/api.w.org\/{rel}","templated":true}]}}