{"id":247615,"date":"2023-04-26T19:58:53","date_gmt":"2023-04-26T18:58:53","guid":{"rendered":"https:\/\/www.moskito.cz\/produkt\/zatvaraci-noz-qsp-knife-puffin-qs127-d1\/"},"modified":"2025-05-07T10:50:11","modified_gmt":"2025-05-07T09:50:11","slug":"zatvaraci-noz-qsp-knife-puffin-qs127-d1","status":"publish","type":"product","link":"https:\/\/www.moskito.cz\/sk\/produkt\/zatvaraci-noz-qsp-knife-puffin-qs127-d1\/","title":{"rendered":"Zatv\u00e1rac\u00ed N\u00f4\u017e QSP Knife PUFFIN QS127-D1"},"content":{"rendered":"<pre id=\"tw-target-text\" class=\"tw-data-text tw-text-large tw-ta\" dir=\"ltr\" data-placeholder=\"P\u0159eklad\"><span class=\"Y2IQFc\" lang=\"sk\">Zatv\u00e1rac\u00ed N\u00f4\u017e QSP Knife PUFFIN QS127-D1\r\n\r\nQSP je skratka pre Quality, Service, Price.\r\n\r\nQSP vyr\u00e1ba no\u017ee BUDGET FRIENDLY a PREMIUM SERRIES pomocou presn\u00fdch pracovn\u00fdch postupov, ako je vodn\u00e9 tryskanie, v\u00e1kuov\u00e9 tepeln\u00e9 spracovanie, po\u010d\u00edta\u010dov\u00e9 CNC obr\u00e1banie a CNC br\u00fasenie. Ka\u017ed\u00fd n\u00f4\u017e QSP je pred odoslan\u00edm starostlivo skontrolovan\u00fd.\r\n\r\nmechanizmus: Keramick\u00e9 guli\u010dkov\u00e9 lo\u017eisko\r\n\r\nMeno: Puffin\r\n\r\n\u010c\u00edslo polo\u017eky: QS127-D1\r\n\r\n\u010cepe\u013e: CPM S35VN, stonewash\r\n\r\nRukov\u00e4\u0165: \u0161ed\u00fd tit\u00e1n, vlo\u017eka z uhl\u00edkov\u00fdch vl\u00e1kien\r\n\r\nZ\u00e1mok: Z\u00e1mok r\u00e1mu\r\n\r\nmechanizmus: Keramick\u00e9 guli\u010dkov\u00e9 lo\u017eisko\r\n\r\nCelkov\u00e1 d\u013a\u017eka : 17.8 cm\r\n\r\nRukov\u00e4\u0165: 10.2 cm\r\n\r\n\u010cepe\u013e: 7.6 cm\r\n\r\nHr\u00fabka \u010depele: +\/-3,0mm\r\n\r\nHRC: 59-61\r\n\r\n\u010cist\u00e1 hmotnos\u0165: +\/-84 g (3,0 oz)<\/span><\/pre>\n","protected":false},"excerpt":{"rendered":"<p>Motto QSP je Keeping move, to better!!! QSP Knife bude aj na\u010falej prezentova\u0165 na trhu st\u00e1le viac praktick\u00fdch no\u017eov v dobrej kvalite a za dobr\u00fa cenu.<\/p>\n<p>Doprava zadarmo.<\/p>\n","protected":false},"featured_media":247604,"comment_status":"open","ping_status":"closed","template":"","meta":[],"pwb-brand":[3255],"product_brand":[],"product_cat":[3233,3186],"product_tag":[],"class_list":{"0":"post-247615","1":"product","2":"type-product","3":"status-publish","4":"has-post-thumbnail","6":"pwb-brand-zatvaraci-noz-qsp-knife-parrot-qs102-f","7":"product_cat-zatvaracie-noze","8":"product_cat-noze-sk","10":"first","11":"outofstock","12":"taxable","13":"shipping-taxable","14":"purchasable","15":"product-type-simple"},"brands":[{"id":3255,"name":"Zatv\u00e1rac\u00ed N\u00f4\u017e QSP Knife PARROT QS102-F","slug":"zatvaraci-noz-qsp-knife-parrot-qs102-f"}],"_links":{"self":[{"href":"https:\/\/www.moskito.cz\/sk\/wp-json\/wp\/v2\/product\/247615","targetHints":{"allow":["GET"]}}],"collection":[{"href":"https:\/\/www.moskito.cz\/sk\/wp-json\/wp\/v2\/product"}],"about":[{"href":"https:\/\/www.moskito.cz\/sk\/wp-json\/wp\/v2\/types\/product"}],"replies":[{"embeddable":true,"href":"https:\/\/www.moskito.cz\/sk\/wp-json\/wp\/v2\/comments?post=247615"}],"wp:featuredmedia":[{"embeddable":true,"href":"https:\/\/www.moskito.cz\/sk\/wp-json\/wp\/v2\/media\/247604"}],"wp:attachment":[{"href":"https:\/\/www.moskito.cz\/sk\/wp-json\/wp\/v2\/media?parent=247615"}],"wp:term":[{"taxonomy":"pwb-brand","embeddable":true,"href":"https:\/\/www.moskito.cz\/sk\/wp-json\/wp\/v2\/pwb-brand?post=247615"},{"taxonomy":"product_brand","embeddable":true,"href":"https:\/\/www.moskito.cz\/sk\/wp-json\/wp\/v2\/product_brand?post=247615"},{"taxonomy":"product_cat","embeddable":true,"href":"https:\/\/www.moskito.cz\/sk\/wp-json\/wp\/v2\/product_cat?post=247615"},{"taxonomy":"product_tag","embeddable":true,"href":"https:\/\/www.moskito.cz\/sk\/wp-json\/wp\/v2\/product_tag?post=247615"}],"curies":[{"name":"wp","href":"https:\/\/api.w.org\/{rel}","templated":true}]}}