{"id":247645,"date":"2023-04-26T21:02:20","date_gmt":"2023-04-26T20:02:20","guid":{"rendered":"https:\/\/www.moskito.cz\/produkt\/zatvaraci-noz-qsp-knife-penguin-qs130-m\/"},"modified":"2025-05-07T10:50:12","modified_gmt":"2025-05-07T09:50:12","slug":"zatvaraci-noz-qsp-knife-penguin-qs130-m","status":"publish","type":"product","link":"https:\/\/www.moskito.cz\/sk\/produkt\/zatvaraci-noz-qsp-knife-penguin-qs130-m\/","title":{"rendered":"Zatv\u00e1rac\u00ed N\u00f4\u017e QSP Knife PENGUIN QS130-M"},"content":{"rendered":"<p>Zatv\u00e1rac\u00ed N\u00f4\u017e QSP Knife PENGUIN QS130-M<\/p>\n<p>QSP je skratka pre Quality, Service, Price.<\/p>\n<p>QSP vyr\u00e1ba no\u017ee BUDGET FRIENDLY a PREMIUM SERRIES pomocou presn\u00fdch pracovn\u00fdch postupov, ako je vodn\u00e9 tryskanie, v\u00e1kuov\u00e9 tepeln\u00e9 spracovanie, po\u010d\u00edta\u010dov\u00e9 CNC obr\u00e1banie a CNC br\u00fasenie. Ka\u017ed\u00fd n\u00f4\u017e QSP je pred odoslan\u00edm starostlivo skontrolovan\u00fd.<\/p>\n<p>mechanizmus: Keramick\u00e9 guli\u010dkov\u00e9 lo\u017eisko<\/p>\n<p>Meno: Tu\u010dniak<\/p>\n<p>\u010c\u00edslo polo\u017eky: QS130-M<\/p>\n<p>\u010cepe\u013e: 154 cm, 2 t\u00f3nov\u00fd sat\u00e9nov\u00fd povrch<\/p>\n<p>Rukov\u00e4\u0165: tit\u00e1n, \u010dierna, kamenn\u00e9 um\u00fdvanie<\/p>\n<p>Z\u00e1mok: Z\u00e1mok r\u00e1mu<\/p>\n<p>mechanizmus: Keramick\u00e9 guli\u010dkov\u00e9 lo\u017eisko<\/p>\n<p>Celkov\u00e1 d\u013a\u017eka: 18 cm<br \/>\nUzavret\u00fd n\u00f4\u017e: 10.2 cm<\/p>\n<p>\u010cepe\u013e: 7.8 cm<\/p>\n<p>Hr\u00fabka \u010depele: +\/-3,0mm<\/p>\n<p>HRC: 59-61<\/p>\n<p>\u010cist\u00e1 hmotnos\u0165: +\/-95 g (3,35 oz)<\/p>\n","protected":false},"excerpt":{"rendered":"<p>Motto QSP je Keeping move, to better!!! QSP Knife bude aj na\u010falej prezentova\u0165 na trhu st\u00e1le viac praktick\u00fdch no\u017eov v dobrej kvalite a za dobr\u00fa cenu.<\/p>\n","protected":false},"featured_media":247634,"comment_status":"open","ping_status":"closed","template":"","meta":[],"pwb-brand":[3255],"product_brand":[],"product_cat":[3233,3186],"product_tag":[],"class_list":{"0":"post-247645","1":"product","2":"type-product","3":"status-publish","4":"has-post-thumbnail","6":"pwb-brand-zatvaraci-noz-qsp-knife-parrot-qs102-f","7":"product_cat-zatvaracie-noze","8":"product_cat-noze-sk","10":"first","11":"instock","12":"sale","13":"taxable","14":"shipping-taxable","15":"purchasable","16":"product-type-simple"},"brands":[{"id":3255,"name":"Zatv\u00e1rac\u00ed N\u00f4\u017e QSP Knife PARROT QS102-F","slug":"zatvaraci-noz-qsp-knife-parrot-qs102-f"}],"_links":{"self":[{"href":"https:\/\/www.moskito.cz\/sk\/wp-json\/wp\/v2\/product\/247645","targetHints":{"allow":["GET"]}}],"collection":[{"href":"https:\/\/www.moskito.cz\/sk\/wp-json\/wp\/v2\/product"}],"about":[{"href":"https:\/\/www.moskito.cz\/sk\/wp-json\/wp\/v2\/types\/product"}],"replies":[{"embeddable":true,"href":"https:\/\/www.moskito.cz\/sk\/wp-json\/wp\/v2\/comments?post=247645"}],"wp:featuredmedia":[{"embeddable":true,"href":"https:\/\/www.moskito.cz\/sk\/wp-json\/wp\/v2\/media\/247634"}],"wp:attachment":[{"href":"https:\/\/www.moskito.cz\/sk\/wp-json\/wp\/v2\/media?parent=247645"}],"wp:term":[{"taxonomy":"pwb-brand","embeddable":true,"href":"https:\/\/www.moskito.cz\/sk\/wp-json\/wp\/v2\/pwb-brand?post=247645"},{"taxonomy":"product_brand","embeddable":true,"href":"https:\/\/www.moskito.cz\/sk\/wp-json\/wp\/v2\/product_brand?post=247645"},{"taxonomy":"product_cat","embeddable":true,"href":"https:\/\/www.moskito.cz\/sk\/wp-json\/wp\/v2\/product_cat?post=247645"},{"taxonomy":"product_tag","embeddable":true,"href":"https:\/\/www.moskito.cz\/sk\/wp-json\/wp\/v2\/product_tag?post=247645"}],"curies":[{"name":"wp","href":"https:\/\/api.w.org\/{rel}","templated":true}]}}