{"id":247854,"date":"2023-04-28T20:45:35","date_gmt":"2023-04-28T19:45:35","guid":{"rendered":"https:\/\/www.moskito.cz\/produkt\/zatvaraci-noz-kansept-knives-pelican-stonewashed-titanium-k1018a3\/"},"modified":"2025-05-07T10:50:23","modified_gmt":"2025-05-07T09:50:23","slug":"zatvaraci-noz-kansept-knives-pelican-stonewashed-titanium-k1018a3","status":"publish","type":"product","link":"https:\/\/www.moskito.cz\/sk\/produkt\/zatvaraci-noz-kansept-knives-pelican-stonewashed-titanium-k1018a3\/","title":{"rendered":"Zatv\u00e1rac\u00ed N\u00f4\u017e Kansept Knives Pelican Stonewashed Titanium K1018A3"},"content":{"rendered":"<p>Zatv\u00e1rac\u00ed N\u00f4\u017e Kansept Knives Pelican Stonewashed Titanium K1018A3<\/p>\n<p>Pelican Edc K1018A3 je perfektn\u00fd n\u00f4\u017e na ka\u017edodenn\u00e9 pou\u017eitie, ktor\u00fd uspokoj\u00ed maxim\u00e1lne potreby nad\u0161encov EDC no\u017eov. Pelican Edc je navrhnut\u00fd s \u013eahkou tit\u00e1novou rukov\u00e4\u0165ou a kamennou \u010depe\u013eou CPM-S35VN. Ergonomick\u00fd dizajn pon\u00faka perfektn\u00fd pocit otvorenia jednou rukou a padne do ruky bez oh\u013eadu na pou\u017eit\u00fa polohu ruky a \u00falohy, ktor\u00e9 treba vykona\u0165. Je ide\u00e1lny na nosenie vo vrecku a je vyroben\u00fd tak, aby ho bolo mo\u017en\u00e9 bez ob\u00e1v pou\u017ei\u0165 pri akejko\u013evek pr\u00edle\u017eitosti.<\/p>\n<p>Jonathan, ktor\u00fd odi\u0161iel z jednotiek K-9 vo franc\u00fazskej arm\u00e1de, sa rozhodol postavi\u0165 no\u017ee, ktor\u00e9 vyhovovali jeho potreb\u00e1m, ke\u010f bol akt\u00edvny, a potom vytvoril Kmaxrom Design. Jeho filozofiou je odolnos\u0165, sila a ergon\u00f3mia.<\/p>\n<p>\u0160pecifik\u00e1cia<br \/>\nD\u013a\u017eka \u010depele: 7.5 cm<br \/>\nD\u013a\u017eka v zatvorenom stave: 10 cm<br \/>\nCelkov\u00e1 d\u013a\u017eka: 17.5 cm<br \/>\nMateri\u00e1l \u010depele: CPM-S35VN Nerezov\u00e1 oce\u013e<br \/>\nHr\u00fabka \u010depele: 0.35 cm<br \/>\n\u0160t\u00fdl \u010depele: Sheepfoot<br \/>\nPovrchov\u00e1 \u00faprava \u010depele: Stonewashed<br \/>\nMateri\u00e1l rukov\u00e4te: 6AL4V tit\u00e1n<br \/>\nUzamykac\u00ed mechanizmus: R\u00e1m<br \/>\nZostava \u010dapu: Keramick\u00e9 guli\u010dkov\u00e9 lo\u017eisk\u00e1<br \/>\nVreckov\u00fd klip: Vykl\u00e1pacie, prav\u00e9 nosenie<br \/>\nHmotnos\u0165: 3,4 oz.<br \/>\nDizajn\u00e9r: Kmaxrom Design<\/p>\n","protected":false},"excerpt":{"rendered":"<p>\u201eKansept\u201c je prelo\u017een\u00edm v\u00fdznamu \u201ekoncepcie\u201c. To, \u010do n\u00e1s odli\u0161uje od davu, je na\u0161a schopnos\u0165 inovova\u0165. Rovnako ako design n\u00e1\u0161ho loga, ktor\u00e9 vych\u00e1dza z obrazu UFO, ktor\u00e9 cestuj\u00fa z vesm\u00edru do vesm\u00edru a sk\u00e1\u010du do bud\u00facnosti.<\/p>\n","protected":false},"featured_media":247843,"comment_status":"open","ping_status":"closed","template":"","meta":[],"pwb-brand":[3258],"product_brand":[],"product_cat":[3186,3233],"product_tag":[],"class_list":{"0":"post-247854","1":"product","2":"type-product","3":"status-publish","4":"has-post-thumbnail","6":"pwb-brand-zatvaraci-noz-kansept-knives-sprite-flipper-titanium-carbon-k1003a1","7":"product_cat-noze-sk","8":"product_cat-zatvaracie-noze","10":"first","11":"instock","12":"taxable","13":"shipping-taxable","14":"purchasable","15":"product-type-simple"},"brands":[{"id":3258,"name":"Zatv\u00e1rac\u00ed N\u00f4\u017e Kansept Knives Sprite Flipper Titanium Carbon K1003A1","slug":"zatvaraci-noz-kansept-knives-sprite-flipper-titanium-carbon-k1003a1"}],"_links":{"self":[{"href":"https:\/\/www.moskito.cz\/sk\/wp-json\/wp\/v2\/product\/247854","targetHints":{"allow":["GET"]}}],"collection":[{"href":"https:\/\/www.moskito.cz\/sk\/wp-json\/wp\/v2\/product"}],"about":[{"href":"https:\/\/www.moskito.cz\/sk\/wp-json\/wp\/v2\/types\/product"}],"replies":[{"embeddable":true,"href":"https:\/\/www.moskito.cz\/sk\/wp-json\/wp\/v2\/comments?post=247854"}],"wp:featuredmedia":[{"embeddable":true,"href":"https:\/\/www.moskito.cz\/sk\/wp-json\/wp\/v2\/media\/247843"}],"wp:attachment":[{"href":"https:\/\/www.moskito.cz\/sk\/wp-json\/wp\/v2\/media?parent=247854"}],"wp:term":[{"taxonomy":"pwb-brand","embeddable":true,"href":"https:\/\/www.moskito.cz\/sk\/wp-json\/wp\/v2\/pwb-brand?post=247854"},{"taxonomy":"product_brand","embeddable":true,"href":"https:\/\/www.moskito.cz\/sk\/wp-json\/wp\/v2\/product_brand?post=247854"},{"taxonomy":"product_cat","embeddable":true,"href":"https:\/\/www.moskito.cz\/sk\/wp-json\/wp\/v2\/product_cat?post=247854"},{"taxonomy":"product_tag","embeddable":true,"href":"https:\/\/www.moskito.cz\/sk\/wp-json\/wp\/v2\/product_tag?post=247854"}],"curies":[{"name":"wp","href":"https:\/\/api.w.org\/{rel}","templated":true}]}}