{"id":247884,"date":"2023-04-28T21:22:14","date_gmt":"2023-04-28T20:22:14","guid":{"rendered":"https:\/\/www.moskito.cz\/produkt\/zatvaraci-noz-kansept-knives-mini-accipiter-stonewashed-titanium-k2007a1\/"},"modified":"2025-05-07T10:50:24","modified_gmt":"2025-05-07T09:50:24","slug":"zatvaraci-noz-kansept-knives-mini-accipiter-stonewashed-titanium-k2007a1","status":"publish","type":"product","link":"https:\/\/www.moskito.cz\/sk\/produkt\/zatvaraci-noz-kansept-knives-mini-accipiter-stonewashed-titanium-k2007a1\/","title":{"rendered":"Zatv\u00e1rac\u00ed N\u00f4\u017e Kansept Knives Mini Accipiter Stonewashed Titanium K2007A1"},"content":{"rendered":"<p>Zatv\u00e1rac\u00ed N\u00f4\u017e Kansept Knives Mini Accipiter Stonewashed Titanium K2007A1<\/p>\n<p>Mini Accipiter je zmen\u0161en\u00e1 kompaktn\u00e1 verzia Accipitera. Mini Accipiter K2007A1 je vybaven\u00fd ergonomickou tit\u00e1novou rukov\u00e4\u0165ou s vlo\u017ekou OD zelen\u00e9ho pl\u00e1tna micarta na prednej strane. M\u00e1 pod \u010depe\u013e zo spo\u013eahlivej ocele S35VN s kamennou povrchovou \u00fapravou. \u010cepe\u013eov\u00fd flipper poskytuje raketov\u00e9 nasadenie \u010depele so zosilnen\u00fdm z\u00e1mkom r\u00e1mu pre siln\u00e9 zablokovanie \u010depele. Pohodlne tvarovan\u00fd tit\u00e1nov\u00fd vreckov\u00fd klip dop\u013a\u0148a v\u00fdnimo\u010dn\u00fd dizajn.<\/p>\n<p>Spo\u013eahliv\u00e1 oce\u013e \u010depele CPM-S35VN poskytuje robustn\u00fa \u010depe\u013e s vynikaj\u00facim zachovan\u00edm ostria.<br \/>\nErgonomick\u00e1 tit\u00e1nov\u00e1 rukov\u00e4\u0165 s OD zelen\u00fdm pl\u00e1tnom Micarta pre hladk\u00fd povrch uchopenia, ktor\u00fd je pohodln\u00fd vo vrecku alebo v ruke.<br \/>\nKeramick\u00e9 guli\u010dkov\u00e9 lo\u017eisko pon\u00faka hladk\u00e9 otv\u00e1ranie.<\/p>\n<p>\u0160pecifik\u00e1cia<br \/>\nD\u013a\u017eka \u010depele: 7.25 cm<br \/>\nCelkov\u00e1 d\u013a\u017eka: 17 cm<br \/>\nMateri\u00e1l \u010depele: CPM-S35VN<br \/>\nHr\u00fabka \u010depele: 0.27 cm<br \/>\n\u0160t\u00fdl \u010depele: Drop Point<br \/>\nBr\u00fasenie \u010depele: Ploch\u00e9<br \/>\nPovrchov\u00e1 \u00faprava \u010depele: Stonewash<br \/>\nMateri\u00e1l rukov\u00e4te: Titan s vlo\u017ekami OD Green Canvas Micarta<br \/>\nUzamykac\u00ed mechanizmus: R\u00e1m<br \/>\nZostava \u010dapu: Keramick\u00e9 guli\u010dkov\u00e9 lo\u017eisk\u00e1<br \/>\nVreckov\u00fd klip: Vykl\u00e1panie\/dole, nosenie vpravo\/v\u013eavo<br \/>\nDizajn\u00e9r: Kim Ning<\/p>\n","protected":false},"excerpt":{"rendered":"<p>\u201eKansept\u201c je prelo\u017een\u00edm v\u00fdznamu \u201ekoncepcie\u201c. To, \u010do n\u00e1s odli\u0161uje od davu, je na\u0161a schopnos\u0165 inovova\u0165. Rovnako ako design n\u00e1\u0161ho loga, ktor\u00e9 vych\u00e1dza z obrazu UFO, ktor\u00e9 cestuj\u00fa z vesm\u00edru do vesm\u00edru a sk\u00e1\u010du do bud\u00facnosti.<\/p>\n","protected":false},"featured_media":247873,"comment_status":"open","ping_status":"closed","template":"","meta":[],"pwb-brand":[3258],"product_brand":[],"product_cat":[3186,3233],"product_tag":[],"class_list":{"0":"post-247884","1":"product","2":"type-product","3":"status-publish","4":"has-post-thumbnail","6":"pwb-brand-zatvaraci-noz-kansept-knives-sprite-flipper-titanium-carbon-k1003a1","7":"product_cat-noze-sk","8":"product_cat-zatvaracie-noze","10":"first","11":"instock","12":"taxable","13":"shipping-taxable","14":"purchasable","15":"product-type-simple"},"brands":[{"id":3258,"name":"Zatv\u00e1rac\u00ed N\u00f4\u017e Kansept Knives Sprite Flipper Titanium Carbon K1003A1","slug":"zatvaraci-noz-kansept-knives-sprite-flipper-titanium-carbon-k1003a1"}],"_links":{"self":[{"href":"https:\/\/www.moskito.cz\/sk\/wp-json\/wp\/v2\/product\/247884","targetHints":{"allow":["GET"]}}],"collection":[{"href":"https:\/\/www.moskito.cz\/sk\/wp-json\/wp\/v2\/product"}],"about":[{"href":"https:\/\/www.moskito.cz\/sk\/wp-json\/wp\/v2\/types\/product"}],"replies":[{"embeddable":true,"href":"https:\/\/www.moskito.cz\/sk\/wp-json\/wp\/v2\/comments?post=247884"}],"wp:featuredmedia":[{"embeddable":true,"href":"https:\/\/www.moskito.cz\/sk\/wp-json\/wp\/v2\/media\/247873"}],"wp:attachment":[{"href":"https:\/\/www.moskito.cz\/sk\/wp-json\/wp\/v2\/media?parent=247884"}],"wp:term":[{"taxonomy":"pwb-brand","embeddable":true,"href":"https:\/\/www.moskito.cz\/sk\/wp-json\/wp\/v2\/pwb-brand?post=247884"},{"taxonomy":"product_brand","embeddable":true,"href":"https:\/\/www.moskito.cz\/sk\/wp-json\/wp\/v2\/product_brand?post=247884"},{"taxonomy":"product_cat","embeddable":true,"href":"https:\/\/www.moskito.cz\/sk\/wp-json\/wp\/v2\/product_cat?post=247884"},{"taxonomy":"product_tag","embeddable":true,"href":"https:\/\/www.moskito.cz\/sk\/wp-json\/wp\/v2\/product_tag?post=247884"}],"curies":[{"name":"wp","href":"https:\/\/api.w.org\/{rel}","templated":true}]}}