{"id":247944,"date":"2023-04-29T17:33:25","date_gmt":"2023-04-29T16:33:25","guid":{"rendered":"https:\/\/www.moskito.cz\/produkt\/zatvaraci-noz-kansept-knives-mini-accipiter-damasteel-titanium-k2007a7\/"},"modified":"2025-05-07T10:50:26","modified_gmt":"2025-05-07T09:50:26","slug":"zatvaraci-noz-kansept-knives-mini-accipiter-damasteel-titanium-k2007a7","status":"publish","type":"product","link":"https:\/\/www.moskito.cz\/sk\/produkt\/zatvaraci-noz-kansept-knives-mini-accipiter-damasteel-titanium-k2007a7\/","title":{"rendered":"Zatv\u00e1rac\u00ed N\u00f4\u017e KANSEPT KNIVES MINI ACCIPITER DAMASTEEL TITANIUM K2007A7"},"content":{"rendered":"<p>Zatv\u00e1rac\u00ed N\u00f4\u017e KANSEPT KNIVES MINI ACCIPITER DAMASTEEL TITANIUM K2007A7<\/p>\n<p>K2007A7 Mini Accipiter je vybaven\u00fd \u0161edou eloxovanou tit\u00e1novou rukov\u00e4\u0165ou s prekryt\u00edm Timascus, vreckovou sponou Timascus a \u010depe\u013eou Damasteel so vzorom Draupner (\u00e1no Damasteel zo \u0160v\u00e9dska).<\/p>\n<p>\u010cepe\u013e je predn\u00fd flipper be\u017eiaci na hladk\u00fdch keramick\u00fdch lo\u017eisk\u00e1ch pre \u013eahk\u00fd pohyb.<\/p>\n<p>Tvarovan\u00e1 rukov\u00e4\u0165 z\u00e1mku r\u00e1mu je vyroben\u00e1 z tit\u00e1nu 6AL4V pre maxim\u00e1lnu pevnos\u0165 a odolnos\u0165. Obsahuje 3D fr\u00e9zovan\u00fd vreckov\u00fd klip pre estetiku a \u013eahk\u00e9 pren\u00e1\u0161anie.<\/p>\n<p>Tento Mini Accipiter m\u00e1 nielen vynikaj\u00facu akciu, ale je aj kr\u00e1snym umeleck\u00fdm dielom.<\/p>\n<p>Predn\u00e1 plutva, keramick\u00e9 lo\u017eisk\u00e1, je dod\u00e1van\u00fd s \u00falo\u017en\u00fdm puzdrom a \u010distiacou handri\u010dkou.<\/p>\n<p>\u0160PECIFIK\u00c1CIA<\/p>\n<p>Celkov\u00e1 d\u013a\u017eka: 17.1 cm<br \/>\nD\u013a\u017eka \u010depele: 7.4 cm<br \/>\nHr\u00fabka \u010depele: 0,3 cm<br \/>\nMateri\u00e1l \u010depele: Damasteel<br \/>\n\u0160t\u00fdl \u010depele: Clip Point<br \/>\nBr\u00fasenie \u010depele: Ploch\u00e9 br\u00fasenie<br \/>\nMateri\u00e1l rukov\u00e4te: Titan\/Timascus<br \/>\nFarba: Siv\u00e1<br \/>\nTyp z\u00e1mku: R\u00e1mov\u00fd z\u00e1mok<br \/>\nHmotnos\u0165: 3,24 oz \/ 91,85 g<br \/>\n\u010c\u00edslo modelu: K2007A7<br \/>\nDizajn\u00e9r: Kim Ning<\/p>\n","protected":false},"excerpt":{"rendered":"<p>\u201eKansept\u201c je prelo\u017een\u00edm v\u00fdznamu \u201ekoncepcie\u201c. To, \u010do n\u00e1s odli\u0161uje od davu, je na\u0161a schopnos\u0165 inovova\u0165. Rovnako ako design n\u00e1\u0161ho loga, ktor\u00e9 vych\u00e1dza z obrazu UFO, ktor\u00e9 cestuj\u00fa z vesm\u00edru do vesm\u00edru a sk\u00e1\u010du do bud\u00facnosti.<\/p>\n<p>Doprava zadarmo.<\/p>\n","protected":false},"featured_media":247936,"comment_status":"open","ping_status":"closed","template":"","meta":[],"pwb-brand":[3258],"product_brand":[],"product_cat":[3186,3233],"product_tag":[],"class_list":{"0":"post-247944","1":"product","2":"type-product","3":"status-publish","4":"has-post-thumbnail","6":"pwb-brand-zatvaraci-noz-kansept-knives-sprite-flipper-titanium-carbon-k1003a1","7":"product_cat-noze-sk","8":"product_cat-zatvaracie-noze","10":"first","11":"instock","12":"taxable","13":"shipping-taxable","14":"purchasable","15":"product-type-simple"},"brands":[{"id":3258,"name":"Zatv\u00e1rac\u00ed N\u00f4\u017e Kansept Knives Sprite Flipper Titanium Carbon K1003A1","slug":"zatvaraci-noz-kansept-knives-sprite-flipper-titanium-carbon-k1003a1"}],"_links":{"self":[{"href":"https:\/\/www.moskito.cz\/sk\/wp-json\/wp\/v2\/product\/247944","targetHints":{"allow":["GET"]}}],"collection":[{"href":"https:\/\/www.moskito.cz\/sk\/wp-json\/wp\/v2\/product"}],"about":[{"href":"https:\/\/www.moskito.cz\/sk\/wp-json\/wp\/v2\/types\/product"}],"replies":[{"embeddable":true,"href":"https:\/\/www.moskito.cz\/sk\/wp-json\/wp\/v2\/comments?post=247944"}],"wp:featuredmedia":[{"embeddable":true,"href":"https:\/\/www.moskito.cz\/sk\/wp-json\/wp\/v2\/media\/247936"}],"wp:attachment":[{"href":"https:\/\/www.moskito.cz\/sk\/wp-json\/wp\/v2\/media?parent=247944"}],"wp:term":[{"taxonomy":"pwb-brand","embeddable":true,"href":"https:\/\/www.moskito.cz\/sk\/wp-json\/wp\/v2\/pwb-brand?post=247944"},{"taxonomy":"product_brand","embeddable":true,"href":"https:\/\/www.moskito.cz\/sk\/wp-json\/wp\/v2\/product_brand?post=247944"},{"taxonomy":"product_cat","embeddable":true,"href":"https:\/\/www.moskito.cz\/sk\/wp-json\/wp\/v2\/product_cat?post=247944"},{"taxonomy":"product_tag","embeddable":true,"href":"https:\/\/www.moskito.cz\/sk\/wp-json\/wp\/v2\/product_tag?post=247944"}],"curies":[{"name":"wp","href":"https:\/\/api.w.org\/{rel}","templated":true}]}}