{"id":247960,"date":"2023-04-29T17:57:41","date_gmt":"2023-04-29T16:57:41","guid":{"rendered":"https:\/\/www.moskito.cz\/produkt\/zatvaraci-noz-kansept-knives-mikkel-willumsen-titanium-k2009a1\/"},"modified":"2025-05-07T10:50:26","modified_gmt":"2025-05-07T09:50:26","slug":"zatvaraci-noz-kansept-knives-mikkel-willumsen-titanium-k2009a1","status":"publish","type":"product","link":"https:\/\/www.moskito.cz\/sk\/produkt\/zatvaraci-noz-kansept-knives-mikkel-willumsen-titanium-k2009a1\/","title":{"rendered":"Zatv\u00e1rac\u00ed N\u00f4\u017e Kansept Knives Mikkel Willumsen Titanium K2009A1"},"content":{"rendered":"<p>Zatv\u00e1rac\u00ed N\u00f4\u017e Kansept Knives Mikkel Willumsen Titanium K2009A1<\/p>\n<p>Kansept EDC Tac Knife je jedn\u00fdm z no\u017eov Mikkela Willumsena (sl\u00e1vneho celosvetov\u00e9ho n\u00e1vrh\u00e1ra no\u017eov). Tento zn\u00e1my odborn\u00edk na no\u017ee sa u\u017e viac ako 20 rokov osved\u010dil ako kon\u0161trukt\u00e9r taktick\u00fdch no\u017eov medzi elitou. Tento klasick\u00fd n\u00e1stroj, navrhnut\u00fd v Kodani v D\u00e1nsku, je n\u00e1dhern\u00fd k\u00fasok, ktor\u00fd m\u00f4\u017eete obdivova\u0165 vo va\u0161ej zbierke.<\/p>\n<p>M\u00e1 plynul\u00e9 uvo\u013enenie \u010depele, ktor\u00e9 je mo\u017en\u00e9 \u013eahko spusti\u0165 pohybom z\u00e1p\u00e4stia. \u010cepe\u013e je neuverite\u013ene pevn\u00e1, esteticky pr\u00edjemn\u00e1 a m\u00e1 v\u00fdnimo\u010dn\u00e9 zachovanie ostria. Dod\u00e1va sa s ochrann\u00fdm nylonov\u00fdm puzdrom, ktor\u00e9 ho chr\u00e1nia pred po\u0161kriaban\u00edm alebo po\u0161koden\u00edm.<\/p>\n<p>No\u017ee Kansept s\u00fa skvel\u00e9 na ka\u017edodenn\u00e9 nosenie a s\u00fa k dispoz\u00edcii v \u0161irokej \u0161k\u00e1le preveden\u00ed. N\u00e1jdite si ten, ktor\u00fd v\u00e1m d\u00e1 pr\u00e1vo na vychva\u013eovanie alebo ktor\u00fd len prid\u00e1te do svojej zbierky e\u0161te dnes!<\/p>\n<p>\u0160pecifik\u00e1cia<br \/>\nCelkov\u00e1 d\u013a\u017eka: 19 cm<br \/>\nD\u013a\u017eka \u010depele: 7.75 cm<br \/>\nMateri\u00e1l \u010depele: CPM S35VN<br \/>\n\u0160t\u00fdl \u010depele: Standard<br \/>\nDokon\u010denie: \u010cierna farba<br \/>\nTyp okraja: Oby\u010dajn\u00fd<br \/>\nMateri\u00e1l rukov\u00e4te: Uhl\u00edkov\u00e9 vl\u00e1kno, tit\u00e1n<br \/>\nFarba: \u010cierna<br \/>\nHmotnos\u0165: 3,74 unca<br \/>\nU\u017e\u00edvate\u013e: Prav\u00e1 ruka, \u013eav\u00e1 ruka<br \/>\nVreckov\u00fd klip: Tip-Up<br \/>\nTyp no\u017ea: Manu\u00e1l<br \/>\nOtv\u00e1ra\u010d: Flipper, Thumb Stud<br \/>\nTyp \u010dapu: Lo\u017eisk\u00e1<br \/>\nTyp z\u00e1mku: Z\u00e1mok tla\u010didla<br \/>\nZna\u010dka: Kansept<br \/>\nModel: EDC Tac<br \/>\nModelov\u00e9 \u010d\u00edslo: K2009A1<br \/>\nN\u00e1vrh\u00e1r: Mikkel Willumsen<br \/>\nNajlep\u0161ie pou\u017eitie: Ka\u017edodenn\u00e9 nosenie<\/p>\n","protected":false},"excerpt":{"rendered":"<p>\u201eKansept\u201c je prelo\u017een\u00edm v\u00fdznamu \u201ekoncepcie\u201c. To, \u010do n\u00e1s odli\u0161uje od davu, je na\u0161a schopnos\u0165 inovova\u0165. Rovnako ako design n\u00e1\u0161ho loga, ktor\u00e9 vych\u00e1dza z obrazu UFO, ktor\u00e9 cestuj\u00fa z vesm\u00edru do vesm\u00edru a sk\u00e1\u010du do bud\u00facnosti.<\/p>\n<p>Doprava zadarmo.<\/p>\n","protected":false},"featured_media":247949,"comment_status":"open","ping_status":"closed","template":"","meta":[],"pwb-brand":[3258],"product_brand":[],"product_cat":[3186,3233],"product_tag":[],"class_list":{"0":"post-247960","1":"product","2":"type-product","3":"status-publish","4":"has-post-thumbnail","6":"pwb-brand-zatvaraci-noz-kansept-knives-sprite-flipper-titanium-carbon-k1003a1","7":"product_cat-noze-sk","8":"product_cat-zatvaracie-noze","10":"first","11":"instock","12":"taxable","13":"shipping-taxable","14":"purchasable","15":"product-type-simple"},"brands":[{"id":3258,"name":"Zatv\u00e1rac\u00ed N\u00f4\u017e Kansept Knives Sprite Flipper Titanium Carbon K1003A1","slug":"zatvaraci-noz-kansept-knives-sprite-flipper-titanium-carbon-k1003a1"}],"_links":{"self":[{"href":"https:\/\/www.moskito.cz\/sk\/wp-json\/wp\/v2\/product\/247960","targetHints":{"allow":["GET"]}}],"collection":[{"href":"https:\/\/www.moskito.cz\/sk\/wp-json\/wp\/v2\/product"}],"about":[{"href":"https:\/\/www.moskito.cz\/sk\/wp-json\/wp\/v2\/types\/product"}],"replies":[{"embeddable":true,"href":"https:\/\/www.moskito.cz\/sk\/wp-json\/wp\/v2\/comments?post=247960"}],"wp:featuredmedia":[{"embeddable":true,"href":"https:\/\/www.moskito.cz\/sk\/wp-json\/wp\/v2\/media\/247949"}],"wp:attachment":[{"href":"https:\/\/www.moskito.cz\/sk\/wp-json\/wp\/v2\/media?parent=247960"}],"wp:term":[{"taxonomy":"pwb-brand","embeddable":true,"href":"https:\/\/www.moskito.cz\/sk\/wp-json\/wp\/v2\/pwb-brand?post=247960"},{"taxonomy":"product_brand","embeddable":true,"href":"https:\/\/www.moskito.cz\/sk\/wp-json\/wp\/v2\/product_brand?post=247960"},{"taxonomy":"product_cat","embeddable":true,"href":"https:\/\/www.moskito.cz\/sk\/wp-json\/wp\/v2\/product_cat?post=247960"},{"taxonomy":"product_tag","embeddable":true,"href":"https:\/\/www.moskito.cz\/sk\/wp-json\/wp\/v2\/product_tag?post=247960"}],"curies":[{"name":"wp","href":"https:\/\/api.w.org\/{rel}","templated":true}]}}