{"id":248088,"date":"2023-05-01T20:38:44","date_gmt":"2023-05-01T19:38:44","guid":{"rendered":"https:\/\/www.moskito.cz\/produkt\/zatvaraci-noz-kansept-knives-hazakura-satin-titanium-timascus-k1019a2\/"},"modified":"2025-05-07T10:50:29","modified_gmt":"2025-05-07T09:50:29","slug":"zatvaraci-noz-kansept-knives-hazakura-satin-titanium-timascus-k1019a2","status":"publish","type":"product","link":"https:\/\/www.moskito.cz\/sk\/produkt\/zatvaraci-noz-kansept-knives-hazakura-satin-titanium-timascus-k1019a2\/","title":{"rendered":"Zatv\u00e1rac\u00ed N\u00f4\u017e Kansept Knives Hazakura Satin Titanium Timascus K1019A2"},"content":{"rendered":"<p>Zatv\u00e1rac\u00ed N\u00f4\u017e Kansept Knives Hazakura Satin Titanium Timascus K1019A2<\/p>\n<p>Popis<br \/>\nHazakura je \u013eahk\u00fd a kompaktn\u00fd edc n\u00f4\u017e in\u0161pirovan\u00fd tanto.<br \/>\nJeho \u010depe\u013e je pritom dostato\u010dne dlh\u00e1 pre najrozmanitej\u0161ie \u00falohy.<br \/>\nTento n\u00f4\u017e kombinuje estetiku antick\u00e9ho tanto a s\u00fa\u010dasn\u00fdch materi\u00e1lov.<\/p>\n<p>VLASTNOSTI<br \/>\nErgonomick\u00e1 tit\u00e1nov\u00e1 rukov\u00e4\u0165 s timaskovou vlo\u017ekou pre hladk\u00fd povrch uchopenia, ktor\u00fd je pohodln\u00fd vo vrecku alebo v ruke.<br \/>\nOce\u013e \u010depele CPM-S35VN poskytuje pevn\u00fa \u010depe\u013e s vynikaj\u00facim zachovan\u00edm ostria.<br \/>\n\u0160t\u00edhly dizajn sp\u00e1ja estetiku a \u00fa\u017eitok.<\/p>\n<p>\u0160PECIFIK\u00c1CIA<br \/>\nCelkov\u00e1 d\u013a\u017eka: 20.62 cm<br \/>\nD\u013a\u017eka \u010depele: 9 cm<\/p>\n<p>Hr\u00fabka \u010depele: 0.3 cm<br \/>\nMateri\u00e1l \u010depele CPM-S35VN<br \/>\n\u0160t\u00fdl \u010depele Tanto<br \/>\nBr\u00fasenie \u010depele Ploch\u00e1 br\u00faska Povrchov\u00e1 \u00faprava \u010depele<br \/>\nStonewashed<br \/>\nMateri\u00e1l rukov\u00e4te Titan + Timascus<br \/>\nFarba Gray+Timascus<br \/>\nLock Typ Z\u00e1mok r\u00e1mu<br \/>\nHmotnos\u0165 3,5 oz\/99 g<br \/>\nN\u00e1zov modelu Hazakura \u010c\u00edslo<br \/>\nmodelu K1019<br \/>\nTukka Max<\/p>\n","protected":false},"excerpt":{"rendered":"<p>\u201eKansept\u201c je prelo\u017een\u00edm v\u00fdznamu \u201ekoncepcie\u201c. To, \u010do n\u00e1s odli\u0161uje od davu, je na\u0161a schopnos\u0165 inovova\u0165. Rovnako ako design n\u00e1\u0161ho loga, ktor\u00e9 vych\u00e1dza z obrazu UFO, ktor\u00e9 cestuj\u00fa z vesm\u00edru do vesm\u00edru a sk\u00e1\u010du do bud\u00facnosti.<\/p>\n<p>Doprava zdarma<\/p>\n","protected":false},"featured_media":248065,"comment_status":"open","ping_status":"closed","template":"","meta":[],"pwb-brand":[3258],"product_brand":[],"product_cat":[3186,3233],"product_tag":[],"class_list":{"0":"post-248088","1":"product","2":"type-product","3":"status-publish","4":"has-post-thumbnail","6":"pwb-brand-zatvaraci-noz-kansept-knives-sprite-flipper-titanium-carbon-k1003a1","7":"product_cat-noze-sk","8":"product_cat-zatvaracie-noze","10":"first","11":"instock","12":"taxable","13":"shipping-taxable","14":"purchasable","15":"product-type-simple"},"brands":[{"id":3258,"name":"Zatv\u00e1rac\u00ed N\u00f4\u017e Kansept Knives Sprite Flipper Titanium Carbon K1003A1","slug":"zatvaraci-noz-kansept-knives-sprite-flipper-titanium-carbon-k1003a1"}],"_links":{"self":[{"href":"https:\/\/www.moskito.cz\/sk\/wp-json\/wp\/v2\/product\/248088","targetHints":{"allow":["GET"]}}],"collection":[{"href":"https:\/\/www.moskito.cz\/sk\/wp-json\/wp\/v2\/product"}],"about":[{"href":"https:\/\/www.moskito.cz\/sk\/wp-json\/wp\/v2\/types\/product"}],"replies":[{"embeddable":true,"href":"https:\/\/www.moskito.cz\/sk\/wp-json\/wp\/v2\/comments?post=248088"}],"wp:featuredmedia":[{"embeddable":true,"href":"https:\/\/www.moskito.cz\/sk\/wp-json\/wp\/v2\/media\/248065"}],"wp:attachment":[{"href":"https:\/\/www.moskito.cz\/sk\/wp-json\/wp\/v2\/media?parent=248088"}],"wp:term":[{"taxonomy":"pwb-brand","embeddable":true,"href":"https:\/\/www.moskito.cz\/sk\/wp-json\/wp\/v2\/pwb-brand?post=248088"},{"taxonomy":"product_brand","embeddable":true,"href":"https:\/\/www.moskito.cz\/sk\/wp-json\/wp\/v2\/product_brand?post=248088"},{"taxonomy":"product_cat","embeddable":true,"href":"https:\/\/www.moskito.cz\/sk\/wp-json\/wp\/v2\/product_cat?post=248088"},{"taxonomy":"product_tag","embeddable":true,"href":"https:\/\/www.moskito.cz\/sk\/wp-json\/wp\/v2\/product_tag?post=248088"}],"curies":[{"name":"wp","href":"https:\/\/api.w.org\/{rel}","templated":true}]}}