{"id":248195,"date":"2023-05-02T17:44:29","date_gmt":"2023-05-02T16:44:29","guid":{"rendered":"https:\/\/www.moskito.cz\/produkt\/zatvaraci-noz-kansept-knives-steller-stonewashed-titanium-k2021a1\/"},"modified":"2025-05-07T10:50:31","modified_gmt":"2025-05-07T09:50:31","slug":"zatvaraci-noz-kansept-knives-steller-stonewashed-titanium-k2021a1","status":"publish","type":"product","link":"https:\/\/www.moskito.cz\/sk\/produkt\/zatvaraci-noz-kansept-knives-steller-stonewashed-titanium-k2021a1\/","title":{"rendered":"Zatv\u00e1rac\u00ed N\u00f4\u017e Kansept Knives Steller Stonewashed Titanium K2021A1"},"content":{"rendered":"<p>Zatv\u00e1rac\u00ed N\u00f4\u017e Kansept Knives Steller Stonewashed Titanium K2021A1<\/p>\n<p>Matt Degnan navrhol Steller pre Kansept ako poh\u013ead na reza\u010dku krab\u00edc. Urobil z neho r\u00e1mov\u00fd z\u00e1mok plutvy s minimalistick\u00fdm plutvov\u00fdm p\u00fatkom. Steller je vybaven\u00fd \u010depe\u013eou Wharncliffe vyrobenou z nerezovej ocele CPM-S35VN a pohodln\u00fdmi, ale pevn\u00fdmi tit\u00e1nov\u00fdmi rukov\u00e4\u0165ami.<\/p>\n<p>Matt sa narodil a vyrastal v ju\u017enej Kalifornii a svoje roky rozdelil medzi pl\u00e1\u017ee Orange County a hory Yosemite. Bolo to tam (v Yosemit) po\u010das ryb\u00e1rskeho v\u00fdletu so svojim otcom, dostal svoj prv\u00fd vreckov\u00fd n\u00f4\u017e. O mnoho rokov nesk\u00f4r objavil svet z\u00e1kazkov\u00fdch no\u017eov a za\u010dal vo svojej gar\u00e1\u017ei navrhova\u0165 a vyr\u00e1ba\u0165 ru\u010dne vyr\u00e1ban\u00e9 no\u017ee.<\/p>\n<p>\u0160pecifik\u00e1cia<br \/>\nD\u013a\u017eka \u010depele: 7.3<br \/>\nCelkov\u00e1 d\u013a\u017eka: 17.5 cm<br \/>\nMateri\u00e1l \u010depele: CPM-S35VN Nerezov\u00e1 oce\u013e<br \/>\nHr\u00fabka \u010depele: 0.3 cm<br \/>\n\u0160t\u00fdl \u010depele: Wharncliffe<br \/>\nPovrchov\u00e1 \u00faprava \u010depele: Stonewash<br \/>\nMateri\u00e1l rukov\u00e4te: Titan<br \/>\nUzamykac\u00ed mechanizmus: R\u00e1m<br \/>\nVreckov\u00fd klip: Vykl\u00e1pacie, prav\u00e9 nosenie<br \/>\nHmotnos\u0165: 3,53 oz.<br \/>\nDizajn\u00e9r: Matt Degnan<\/p>\n","protected":false},"excerpt":{"rendered":"<p>\u201eKansept\u201c je prelo\u017een\u00edm v\u00fdznamu \u201ekoncepcie\u201c. To, \u010do n\u00e1s odli\u0161uje od davu, je na\u0161a schopnos\u0165 inovova\u0165. Rovnako ako design n\u00e1\u0161ho loga, ktor\u00e9 vych\u00e1dza z obrazu UFO, ktor\u00e9 cestuj\u00fa z vesm\u00edru do vesm\u00edru a sk\u00e1\u010du do bud\u00facnosti.<\/p>\n","protected":false},"featured_media":248184,"comment_status":"open","ping_status":"closed","template":"","meta":[],"pwb-brand":[3258],"product_brand":[],"product_cat":[3186,3233],"product_tag":[],"class_list":{"0":"post-248195","1":"product","2":"type-product","3":"status-publish","4":"has-post-thumbnail","6":"pwb-brand-zatvaraci-noz-kansept-knives-sprite-flipper-titanium-carbon-k1003a1","7":"product_cat-noze-sk","8":"product_cat-zatvaracie-noze","10":"first","11":"instock","12":"taxable","13":"shipping-taxable","14":"purchasable","15":"product-type-simple"},"brands":[{"id":3258,"name":"Zatv\u00e1rac\u00ed N\u00f4\u017e Kansept Knives Sprite Flipper Titanium Carbon K1003A1","slug":"zatvaraci-noz-kansept-knives-sprite-flipper-titanium-carbon-k1003a1"}],"_links":{"self":[{"href":"https:\/\/www.moskito.cz\/sk\/wp-json\/wp\/v2\/product\/248195","targetHints":{"allow":["GET"]}}],"collection":[{"href":"https:\/\/www.moskito.cz\/sk\/wp-json\/wp\/v2\/product"}],"about":[{"href":"https:\/\/www.moskito.cz\/sk\/wp-json\/wp\/v2\/types\/product"}],"replies":[{"embeddable":true,"href":"https:\/\/www.moskito.cz\/sk\/wp-json\/wp\/v2\/comments?post=248195"}],"wp:featuredmedia":[{"embeddable":true,"href":"https:\/\/www.moskito.cz\/sk\/wp-json\/wp\/v2\/media\/248184"}],"wp:attachment":[{"href":"https:\/\/www.moskito.cz\/sk\/wp-json\/wp\/v2\/media?parent=248195"}],"wp:term":[{"taxonomy":"pwb-brand","embeddable":true,"href":"https:\/\/www.moskito.cz\/sk\/wp-json\/wp\/v2\/pwb-brand?post=248195"},{"taxonomy":"product_brand","embeddable":true,"href":"https:\/\/www.moskito.cz\/sk\/wp-json\/wp\/v2\/product_brand?post=248195"},{"taxonomy":"product_cat","embeddable":true,"href":"https:\/\/www.moskito.cz\/sk\/wp-json\/wp\/v2\/product_cat?post=248195"},{"taxonomy":"product_tag","embeddable":true,"href":"https:\/\/www.moskito.cz\/sk\/wp-json\/wp\/v2\/product_tag?post=248195"}],"curies":[{"name":"wp","href":"https:\/\/api.w.org\/{rel}","templated":true}]}}