{"id":248273,"date":"2023-05-03T13:29:42","date_gmt":"2023-05-03T12:29:42","guid":{"rendered":"https:\/\/www.moskito.cz\/produkt\/microtech-marfione-dagger-patches-2\/"},"modified":"2025-07-04T20:34:01","modified_gmt":"2025-07-04T19:34:01","slug":"microtech-marfione-dagger-patches-2","status":"publish","type":"product","link":"https:\/\/www.moskito.cz\/sk\/produkt\/microtech-marfione-dagger-patches-2\/","title":{"rendered":"Microtech Marfione Dagger Patches"},"content":{"rendered":"<p>Microtech Marfione Dagger Patches<\/p>\n<p>Tieto vy\u0161\u00edvan\u00e9 n\u00e1\u0161ivky Marfione Custom Knives maj\u00fa klasick\u00e9 logo d\u00fdky Marfione pri\u0161it\u00e9 na kvalitn\u00fa n\u00e1\u0161ivku s h\u00e1\u010dikmi na zadnej strane. K dispoz\u00edcii v OD zelenej a \u0161edej.<\/p>\n<p>Rozmery: 5 cm x 10 cm<\/p>\n<p>Materi\u00e1ly: Keprov\u00fd podklad, A&amp;E poly ni\u0165 a nylonov\u00fd such\u00fd zips<\/p>\n<p>Vyroben\u00e9 v USA.<\/p>\n","protected":false},"excerpt":{"rendered":"<p>Logo MICROTECH na such\u00fd zips.<\/p>\n","protected":false},"featured_media":248215,"comment_status":"open","ping_status":"closed","template":"","meta":[],"pwb-brand":[3200],"product_brand":[],"product_cat":[3186,3233],"product_tag":[3668],"class_list":{"0":"post-248273","1":"product","2":"type-product","3":"status-publish","4":"has-post-thumbnail","6":"pwb-brand-microtech-sk","7":"product_cat-noze-sk","8":"product_cat-zatvaracie-noze","9":"product_tag-b2b-sk","11":"first","12":"instock","13":"taxable","14":"shipping-taxable","15":"purchasable","16":"product-type-simple"},"brands":[{"id":3200,"name":"Microtech","slug":"microtech-sk"}],"_links":{"self":[{"href":"https:\/\/www.moskito.cz\/sk\/wp-json\/wp\/v2\/product\/248273","targetHints":{"allow":["GET"]}}],"collection":[{"href":"https:\/\/www.moskito.cz\/sk\/wp-json\/wp\/v2\/product"}],"about":[{"href":"https:\/\/www.moskito.cz\/sk\/wp-json\/wp\/v2\/types\/product"}],"replies":[{"embeddable":true,"href":"https:\/\/www.moskito.cz\/sk\/wp-json\/wp\/v2\/comments?post=248273"}],"wp:featuredmedia":[{"embeddable":true,"href":"https:\/\/www.moskito.cz\/sk\/wp-json\/wp\/v2\/media\/248215"}],"wp:attachment":[{"href":"https:\/\/www.moskito.cz\/sk\/wp-json\/wp\/v2\/media?parent=248273"}],"wp:term":[{"taxonomy":"pwb-brand","embeddable":true,"href":"https:\/\/www.moskito.cz\/sk\/wp-json\/wp\/v2\/pwb-brand?post=248273"},{"taxonomy":"product_brand","embeddable":true,"href":"https:\/\/www.moskito.cz\/sk\/wp-json\/wp\/v2\/product_brand?post=248273"},{"taxonomy":"product_cat","embeddable":true,"href":"https:\/\/www.moskito.cz\/sk\/wp-json\/wp\/v2\/product_cat?post=248273"},{"taxonomy":"product_tag","embeddable":true,"href":"https:\/\/www.moskito.cz\/sk\/wp-json\/wp\/v2\/product_tag?post=248273"}],"curies":[{"name":"wp","href":"https:\/\/api.w.org\/{rel}","templated":true}]}}