{"id":248275,"date":"2023-05-03T13:19:39","date_gmt":"2023-05-03T12:19:39","guid":{"rendered":"https:\/\/www.moskito.cz\/produkt\/microtech-sean-marfiones-dagger-patches\/"},"modified":"2025-05-07T10:50:32","modified_gmt":"2025-05-07T09:50:32","slug":"microtech-sean-marfiones-dagger-patches","status":"publish","type":"product","link":"https:\/\/www.moskito.cz\/sk\/produkt\/microtech-sean-marfiones-dagger-patches\/","title":{"rendered":"Microtech Sean Marfione&#8217;s Dagger Patches"},"content":{"rendered":"<p>Microtech Sean Marfione&#8217;s Dagger Patches<\/p>\n<p>Tieto vy\u0161\u00edvan\u00e9 n\u00e1\u0161ivky na d\u00fdku Sean Marfione maj\u00fa klasick\u00e9 logo d\u00fdky Sean Marfione na\u0161it\u00e9 na kvalitnej n\u00e1\u0161ivke s h\u00e1\u010dikmi na zadnej strane. Dostupn\u00e9 v OD zelenej, hnedej a \u0161edej.<\/p>\n<p>Rozmery: 5 cm x 10 cm<\/p>\n<p>Materi\u00e1ly: Keprov\u00fd podklad, A&amp;E poly ni\u0165 a nylonov\u00fd such\u00fd zips<\/p>\n<p>Vyroben\u00e9 v USA.<\/p>\n<p>Cena za jeden kus.<\/p>\n","protected":false},"excerpt":{"rendered":"<p>Logo MICROTECH na such\u00fd zips.<\/p>\n","protected":false},"featured_media":248209,"comment_status":"open","ping_status":"closed","template":"","meta":[],"pwb-brand":[3200],"product_brand":[],"product_cat":[3186,3233],"product_tag":[3668],"class_list":{"0":"post-248275","1":"product","2":"type-product","3":"status-publish","4":"has-post-thumbnail","6":"pwb-brand-microtech-sk","7":"product_cat-noze-sk","8":"product_cat-zatvaracie-noze","9":"product_tag-b2b-sk","11":"first","12":"instock","13":"taxable","14":"shipping-taxable","15":"purchasable","16":"product-type-simple"},"brands":[{"id":3200,"name":"Microtech","slug":"microtech-sk"}],"_links":{"self":[{"href":"https:\/\/www.moskito.cz\/sk\/wp-json\/wp\/v2\/product\/248275","targetHints":{"allow":["GET"]}}],"collection":[{"href":"https:\/\/www.moskito.cz\/sk\/wp-json\/wp\/v2\/product"}],"about":[{"href":"https:\/\/www.moskito.cz\/sk\/wp-json\/wp\/v2\/types\/product"}],"replies":[{"embeddable":true,"href":"https:\/\/www.moskito.cz\/sk\/wp-json\/wp\/v2\/comments?post=248275"}],"wp:featuredmedia":[{"embeddable":true,"href":"https:\/\/www.moskito.cz\/sk\/wp-json\/wp\/v2\/media\/248209"}],"wp:attachment":[{"href":"https:\/\/www.moskito.cz\/sk\/wp-json\/wp\/v2\/media?parent=248275"}],"wp:term":[{"taxonomy":"pwb-brand","embeddable":true,"href":"https:\/\/www.moskito.cz\/sk\/wp-json\/wp\/v2\/pwb-brand?post=248275"},{"taxonomy":"product_brand","embeddable":true,"href":"https:\/\/www.moskito.cz\/sk\/wp-json\/wp\/v2\/product_brand?post=248275"},{"taxonomy":"product_cat","embeddable":true,"href":"https:\/\/www.moskito.cz\/sk\/wp-json\/wp\/v2\/product_cat?post=248275"},{"taxonomy":"product_tag","embeddable":true,"href":"https:\/\/www.moskito.cz\/sk\/wp-json\/wp\/v2\/product_tag?post=248275"}],"curies":[{"name":"wp","href":"https:\/\/api.w.org\/{rel}","templated":true}]}}