{"id":248394,"date":"2023-05-04T19:46:26","date_gmt":"2023-05-04T18:46:26","guid":{"rendered":"https:\/\/www.moskito.cz\/produkt\/vystrelovaci-noz-microtech-signature-ultratech-bronze-apocalyptic-left-death-card-123-13dcs\/"},"modified":"2025-05-07T10:50:35","modified_gmt":"2025-05-07T09:50:35","slug":"vystrelovaci-noz-microtech-signature-ultratech-bronze-apocalyptic-left-death-card-123-13dcs","status":"publish","type":"product","link":"https:\/\/www.moskito.cz\/sk\/produkt\/vystrelovaci-noz-microtech-signature-ultratech-bronze-apocalyptic-left-death-card-123-13dcs\/","title":{"rendered":"Vystre\u013eovac\u00ed N\u00f4\u017e Microtech Signature Ultratech Bronze Apocalyptic Left Death Card 123-13DCS"},"content":{"rendered":"<p>Vystre\u013eovac\u00ed N\u00f4\u017e Microtech Signature Ultratech Bronze Apocalyptic Left Death Card 123-13DCS<\/p>\n<p>Ultratech nav\u017edy nastav\u00ed \u0161tandard pre v\u0161etky predn\u00e9 no\u017ee. Ultratech je origin\u00e1lny dvoj\u010dinn\u00fd n\u00f4\u017e Microtech a bol z\u00e1kladom cel\u00e9ho ich radu OTF. V priebehu rokov pre\u0161iel nieko\u013ek\u00fdmi \u00fapravami, zaka\u017ed\u00fdm sa stal \u00fa\u010dinnej\u0161\u00edm a spo\u013eahlivej\u0161\u00edm. T\u00e1to verzia m\u00e1 vylep\u0161en\u00fa text\u00faru tri-grip a apokalyptick\u00fd hardv\u00e9r pre pekn\u00fd kontrast. Hlin\u00edkov\u00e1 rukov\u00e4\u0165 m\u00e1 \u013eav\u00fa polovicu pikov\u00e9ho es\u00e1 a skr\u00ed\u017een\u00e9 kosti s latinsk\u00fdm cit\u00e1tom \u201eMemento Mori\u201c, ktor\u00fd je pripomienkou mor\u00e1lky poch\u00e1dzaj\u00facej zo starovekej r\u00edmskej praxe na bronzovej apokalyptickej \u0161tandardnej \u010depeli tanto. Po\u010das v\u00ed\u0165aznej prehliadky, ke\u010f sa r\u00edmski gener\u00e1li vr\u00e1tia z bitky, otrok chodil za n\u00edm a mumlal verziu tohto v\u00fdrazu, aby mu pripomenul, \u017ee je len mu\u017e, a aby sa nestal obe\u0165ou pov\u00fd\u0161enosti a klamu vzne\u0161enosti. Pru\u017eina Ultratechu zost\u00e1va v \u201ek\u013eudovej\u201c polohe po cel\u00fa dobu, s v\u00fdnimkou vystrelenia. T\u00fdm je zaisten\u00e9, \u017ee sa stla\u010den\u00e1 pru\u017eina neunav\u00ed, \u010do pou\u017e\u00edvate\u013eom zais\u0165uje, \u017ee ke\u010f je n\u00f4\u017e vystrelen\u00fd, bude fungova\u0165 efekt\u00edvne. Tento n\u00f4\u017e znova a znova preuk\u00e1zal, \u017ee odol\u00e1 akejko\u013evek prek\u00e1\u017eke a u\u017e \u010doskoro bude h\u013eada\u0165 druh\u00fa polovicu tejto dvoj\u010depe\u013eovej sady.<\/p>\n<p>\u0160pecifik\u00e1cia:<br \/>\nAutomatick\u00e9 otv\u00e1ranie\/zatv\u00e1ranie &#8211; predn\u00fd otv\u00e1ra\u010d<br \/>\nAkcia: Dvojit\u00e9 akcie &#8211; Automatick\u00fd v\u00fdstrel\/zatiahnutie<br \/>\nD\u013a\u017eka \u010depele: 8.65 cm<br \/>\n\u0160t\u00fdl \u010depele: Bronzov\u00e9 apokalyptick\u00e9 tanto<br \/>\nHr\u00fabka rukov\u00e4te: 1.6 cm<br \/>\nMateri\u00e1l rukov\u00e4te: hlin\u00edk 6061-T6 s \u010diernym eloxovan\u00fdm tvrd\u00fdm povlakom Mil-Spec<br \/>\nD\u013a\u017eka v otvorenom stave: 21 cm<\/p>\n<p>Oce\u013e: M390<br \/>\nMateri\u00e1l vreckov\u00e9 spony: 301 Stainless<br \/>\n\u0160tandardn\u00e9 horn\u00e9: 6061-T6 AL zliatina<br \/>\nSp\u00fa\u0161\u0165: 303 Nerez<br \/>\nRozb\u00edja\u010d okien<br \/>\nVyroben\u00e9 v USA<\/p>\n","protected":false},"excerpt":{"rendered":"<p>V priebehu rokov Microtech\u00ae Knives naplnil v\u00e1\u0161\u0148ou a zru\u010dnos\u0165ou v\u00fdrobu no\u017eov, a\u017e z nich vytvoril takmer umeleck\u00e9 diela, ktor\u00e9 s\u00fa vrcholom funk\u010dnosti. V\u0161etky diely s\u00fa vyroben\u00e9 v USA.<br \/>\nNa v\u0161etky no\u017ee Microtech je do\u017eivotn\u00e1 z\u00e1ruka (min. 80 000 cyklov, otvorenie a zatvorenie)<\/p>\n<p>Doprava zadarmo.<\/p>\n","protected":false},"featured_media":248383,"comment_status":"open","ping_status":"closed","template":"","meta":[],"pwb-brand":[3200],"product_brand":[],"product_cat":[3186,3197],"product_tag":[3668],"class_list":{"0":"post-248394","1":"product","2":"type-product","3":"status-publish","4":"has-post-thumbnail","6":"pwb-brand-microtech-sk","7":"product_cat-noze-sk","8":"product_cat-vystrelovacie-noze-sk","9":"product_tag-b2b-sk","11":"first","12":"outofstock","13":"taxable","14":"shipping-taxable","15":"purchasable","16":"product-type-simple"},"brands":[{"id":3200,"name":"Microtech","slug":"microtech-sk"}],"_links":{"self":[{"href":"https:\/\/www.moskito.cz\/sk\/wp-json\/wp\/v2\/product\/248394","targetHints":{"allow":["GET"]}}],"collection":[{"href":"https:\/\/www.moskito.cz\/sk\/wp-json\/wp\/v2\/product"}],"about":[{"href":"https:\/\/www.moskito.cz\/sk\/wp-json\/wp\/v2\/types\/product"}],"replies":[{"embeddable":true,"href":"https:\/\/www.moskito.cz\/sk\/wp-json\/wp\/v2\/comments?post=248394"}],"wp:featuredmedia":[{"embeddable":true,"href":"https:\/\/www.moskito.cz\/sk\/wp-json\/wp\/v2\/media\/248383"}],"wp:attachment":[{"href":"https:\/\/www.moskito.cz\/sk\/wp-json\/wp\/v2\/media?parent=248394"}],"wp:term":[{"taxonomy":"pwb-brand","embeddable":true,"href":"https:\/\/www.moskito.cz\/sk\/wp-json\/wp\/v2\/pwb-brand?post=248394"},{"taxonomy":"product_brand","embeddable":true,"href":"https:\/\/www.moskito.cz\/sk\/wp-json\/wp\/v2\/product_brand?post=248394"},{"taxonomy":"product_cat","embeddable":true,"href":"https:\/\/www.moskito.cz\/sk\/wp-json\/wp\/v2\/product_cat?post=248394"},{"taxonomy":"product_tag","embeddable":true,"href":"https:\/\/www.moskito.cz\/sk\/wp-json\/wp\/v2\/product_tag?post=248394"}],"curies":[{"name":"wp","href":"https:\/\/api.w.org\/{rel}","templated":true}]}}