{"id":248409,"date":"2023-05-04T20:15:40","date_gmt":"2023-05-04T19:15:40","guid":{"rendered":"https:\/\/www.moskito.cz\/produkt\/zatvaraci-noz-microtech-socom-elite-manual-stonewashed-160-10\/"},"modified":"2025-05-07T10:50:35","modified_gmt":"2025-05-07T09:50:35","slug":"zatvaraci-noz-microtech-socom-elite-manual-stonewashed-160-10","status":"publish","type":"product","link":"https:\/\/www.moskito.cz\/sk\/produkt\/zatvaraci-noz-microtech-socom-elite-manual-stonewashed-160-10\/","title":{"rendered":"Zatv\u00e1rac\u00ed N\u00f4\u017e Microtech Socom Elite Manual Stonewashed 160-10"},"content":{"rendered":"<p>Zatv\u00e1rac\u00ed N\u00f4\u017e Microtech Socom Elite Manual Stonewashed 160-10<\/p>\n<p>Socom Elite nastavuje najvy\u0161\u0161\u00ed \u0161tandard pre taktick\u00e9\/\u00fa\u017eitkov\u00e9 no\u017ee. Od vzniku p\u00f4vodn\u00e9ho Socomu v roku 1996 bol priekopn\u00edkom cel\u00e9ho radu zatv\u00e1rac\u00edch no\u017eov Microtech. V priebehu rokov boli vykonan\u00e9 vylep\u0161enia, v\u010faka ktor\u00fdm sa Socom lep\u0161ie prisp\u00f4sob\u00ed r\u00f4znym prostrediam. Manu\u00e1l (tento model) alebo auto Socom m\u00e1 jedine\u010dn\u00fd tvar rukov\u00e4te, ktor\u00fd sa prisp\u00f4sob\u00ed va\u0161ej ruke. Viete, \u017ee kupujete najlep\u0161\u00ed n\u00e1stroj na trhu bez oh\u013eadu na to, ktor\u00fa \u010depe\u013e svojho druhu si vyberiete: hrot klipu (tento model). Tie\u017e integrovan\u00fd rozb\u00edja\u010d skla v z\u00e1kladni rukov\u00e4te a ve\u013ek\u00fd cvo\u010dek, ktor\u00fd umo\u017e\u0148uje \u013eahk\u00e9 otv\u00e1ranie pomocou rukavice, dod\u00e1va p\u00f4sobiv\u00fd vzh\u013ead. Odoln\u00e1 spo\u013eahlivos\u0165 Socomu je prvou vo\u013ebou pre komunitu \u0161peci\u00e1lnych oper\u00e1ci\u00ed.<\/p>\n<p>\u0160pecifik\u00e1cia<br \/>\nD\u013a\u017eka \u010depele: 10.12 cm<br \/>\nCelkov\u00e1 d\u013a\u017eka: 22.77 cm<br \/>\nOce\u013e:M390<br \/>\n\u0160t\u00fdl \u010depele: Clip Point<br \/>\nBr\u00fasenie \u010depele: Ploch\u00e9<br \/>\nPovrchov\u00e1 \u00faprava \u010depele: Stonewash<br \/>\nMateri\u00e1l rukov\u00e4te: \u010cierny hlin\u00edk so \u0161trukt\u00farovan\u00fdmi gumov\u00fdmi vlo\u017ekami<br \/>\nMateri\u00e1l vlo\u017eky: Nerezov\u00e1 oce\u013e<br \/>\nUzamykac\u00ed mechanizmus: Vlo\u017eka<br \/>\nVreckov\u00e1 spona: Nerezov\u00e1 oce\u013e (vykl\u00e1pacia, prav\u00e9 nosenie)<br \/>\nHmotnos\u0165: 5,6 oz.<br \/>\nDizajn\u00e9r: Tony Marfione<br \/>\nVyroben\u00e9 v USA<\/p>\n","protected":false},"excerpt":{"rendered":"<p>V priebehu rokov Microtech\u00ae Knives naplnil v\u00e1\u0161\u0148ou a zru\u010dnos\u0165ou v\u00fdrobu no\u017eov, a\u017e z nich vytvoril takmer umeleck\u00e9 diela, ktor\u00e9 s\u00fa vrcholom funk\u010dnosti. V\u0161etky diely s\u00fa vyroben\u00e9 v USA.<br \/>\nNa v\u0161etky no\u017ee Microtech je do\u017eivotn\u00e1 z\u00e1ruka (min. 80 000 cyklov, otvorenie a zatvorenie)<\/p>\n<p>Doprava zadarmo.<\/p>\n","protected":false},"featured_media":248398,"comment_status":"open","ping_status":"closed","template":"","meta":[],"pwb-brand":[3200],"product_brand":[],"product_cat":[3233,3186],"product_tag":[3668],"class_list":{"0":"post-248409","1":"product","2":"type-product","3":"status-publish","4":"has-post-thumbnail","6":"pwb-brand-microtech-sk","7":"product_cat-zatvaracie-noze","8":"product_cat-noze-sk","9":"product_tag-b2b-sk","11":"first","12":"instock","13":"taxable","14":"shipping-taxable","15":"purchasable","16":"product-type-simple"},"brands":[{"id":3200,"name":"Microtech","slug":"microtech-sk"}],"_links":{"self":[{"href":"https:\/\/www.moskito.cz\/sk\/wp-json\/wp\/v2\/product\/248409","targetHints":{"allow":["GET"]}}],"collection":[{"href":"https:\/\/www.moskito.cz\/sk\/wp-json\/wp\/v2\/product"}],"about":[{"href":"https:\/\/www.moskito.cz\/sk\/wp-json\/wp\/v2\/types\/product"}],"replies":[{"embeddable":true,"href":"https:\/\/www.moskito.cz\/sk\/wp-json\/wp\/v2\/comments?post=248409"}],"wp:featuredmedia":[{"embeddable":true,"href":"https:\/\/www.moskito.cz\/sk\/wp-json\/wp\/v2\/media\/248398"}],"wp:attachment":[{"href":"https:\/\/www.moskito.cz\/sk\/wp-json\/wp\/v2\/media?parent=248409"}],"wp:term":[{"taxonomy":"pwb-brand","embeddable":true,"href":"https:\/\/www.moskito.cz\/sk\/wp-json\/wp\/v2\/pwb-brand?post=248409"},{"taxonomy":"product_brand","embeddable":true,"href":"https:\/\/www.moskito.cz\/sk\/wp-json\/wp\/v2\/product_brand?post=248409"},{"taxonomy":"product_cat","embeddable":true,"href":"https:\/\/www.moskito.cz\/sk\/wp-json\/wp\/v2\/product_cat?post=248409"},{"taxonomy":"product_tag","embeddable":true,"href":"https:\/\/www.moskito.cz\/sk\/wp-json\/wp\/v2\/product_tag?post=248409"}],"curies":[{"name":"wp","href":"https:\/\/api.w.org\/{rel}","templated":true}]}}