{"id":248539,"date":"2023-05-06T21:06:56","date_gmt":"2023-05-06T20:06:56","guid":{"rendered":"https:\/\/www.moskito.cz\/produkt\/vystrelovaci-noz-microtech-ultratech-satin-red-121-5rd\/"},"modified":"2025-05-07T10:50:41","modified_gmt":"2025-05-07T09:50:41","slug":"vystrelovaci-noz-microtech-ultratech-satin-red-121-5rd","status":"publish","type":"product","link":"https:\/\/www.moskito.cz\/sk\/produkt\/vystrelovaci-noz-microtech-ultratech-satin-red-121-5rd\/","title":{"rendered":"Vystre\u013eovac\u00ed N\u00f4\u017e Microtech Ultratech Satin Red 121-5RD"},"content":{"rendered":"<p>Vystre\u013eovac\u00ed N\u00f4\u017e <strong>Microtech<\/strong> Ultratech Satin Red 121-5RD<\/p>\n<p>Ako vlajkov\u00fd model radu Microtech\u00ae OTF nastavuje Ultratech\u00ae \u0161tandard pre technol\u00f3giu Out-The-Front. Patentovan\u00e1 kon\u0161trukcia umo\u017e\u0148uje, aby sp\u00fa\u0161\u0165acia pru\u017eina bola v k\u013eude v otvorenej aj zatvorenej polohe, \u010d\u00edm sa v\u00fdrazne zni\u017euje opotrebenie vn\u00fatorn\u00fdch sp\u00fa\u0161\u0165ac\u00edch mechanizmov. Tvarovan\u00e1 rukov\u00e4\u0165 podvozku poskytuje \u013eah\u0161\u00ed a ergonomickej\u0161\u00ed pocit a je dod\u00e1van\u00e1 s hladk\u00fdm, ploch\u00fdm povrchom.<\/p>\n<p>D\u013a\u017eka \u010depele: 8.37 cm<\/p>\n<p>Oce\u013e \u010depele: M390<\/p>\n<p>Celkov\u00e1 d\u013a\u017eka: 21 cm<\/p>\n<p>Materi\u00e1l rukov\u00e4te: pr\u00e9miov\u00fd leteck\u00fd hlin\u00edk 6061 T6<\/p>\n<p>Hmotnos\u0165: 3,5 oz<\/p>\n<p>&nbsp;<\/p>\n<p>&nbsp;<\/p>\n","protected":false},"excerpt":{"rendered":"<p>V priebehu rokov <strong>Microtech\u00ae<\/strong> Knives naplnil v\u00e1\u0161\u0148ou a zru\u010dnos\u0165ou v\u00fdrobu no\u017eov, a\u017e z nich vytvoril takmer umeleck\u00e9 diela, ktor\u00e9 s\u00fa vrcholom funk\u010dnosti. V\u0161etky diely s\u00fa vyroben\u00e9 v USA.<br \/>\n<strong>Na v\u0161etky no\u017ee Microtech je do\u017eivotn\u00e1 z\u00e1ruka.<\/strong><\/p>\n<p><strong>Doprava zadarmo.<\/strong><\/p>\n","protected":false},"featured_media":347412,"comment_status":"open","ping_status":"closed","template":"","meta":[],"pwb-brand":[3200],"product_brand":[],"product_cat":[3186,3197],"product_tag":[3668],"class_list":{"0":"post-248539","1":"product","2":"type-product","3":"status-publish","4":"has-post-thumbnail","6":"pwb-brand-microtech-sk","7":"product_cat-noze-sk","8":"product_cat-vystrelovacie-noze-sk","9":"product_tag-b2b-sk","11":"first","12":"outofstock","13":"taxable","14":"shipping-taxable","15":"purchasable","16":"product-type-simple"},"brands":[{"id":3200,"name":"Microtech","slug":"microtech-sk"}],"_links":{"self":[{"href":"https:\/\/www.moskito.cz\/sk\/wp-json\/wp\/v2\/product\/248539","targetHints":{"allow":["GET"]}}],"collection":[{"href":"https:\/\/www.moskito.cz\/sk\/wp-json\/wp\/v2\/product"}],"about":[{"href":"https:\/\/www.moskito.cz\/sk\/wp-json\/wp\/v2\/types\/product"}],"replies":[{"embeddable":true,"href":"https:\/\/www.moskito.cz\/sk\/wp-json\/wp\/v2\/comments?post=248539"}],"wp:featuredmedia":[{"embeddable":true,"href":"https:\/\/www.moskito.cz\/sk\/wp-json\/wp\/v2\/media\/347412"}],"wp:attachment":[{"href":"https:\/\/www.moskito.cz\/sk\/wp-json\/wp\/v2\/media?parent=248539"}],"wp:term":[{"taxonomy":"pwb-brand","embeddable":true,"href":"https:\/\/www.moskito.cz\/sk\/wp-json\/wp\/v2\/pwb-brand?post=248539"},{"taxonomy":"product_brand","embeddable":true,"href":"https:\/\/www.moskito.cz\/sk\/wp-json\/wp\/v2\/product_brand?post=248539"},{"taxonomy":"product_cat","embeddable":true,"href":"https:\/\/www.moskito.cz\/sk\/wp-json\/wp\/v2\/product_cat?post=248539"},{"taxonomy":"product_tag","embeddable":true,"href":"https:\/\/www.moskito.cz\/sk\/wp-json\/wp\/v2\/product_tag?post=248539"}],"curies":[{"name":"wp","href":"https:\/\/api.w.org\/{rel}","templated":true}]}}