{"id":248753,"date":"2023-05-08T19:39:38","date_gmt":"2023-05-08T18:39:38","guid":{"rendered":"https:\/\/www.moskito.cz\/produkt\/pevny-noz-microtech-borka-blades-signature-series-sbk-carbon-200-1dlccfs\/"},"modified":"2025-05-07T10:50:47","modified_gmt":"2025-05-07T09:50:47","slug":"pevny-noz-microtech-borka-blades-signature-series-sbk-carbon-200-1dlccfs","status":"publish","type":"product","link":"https:\/\/www.moskito.cz\/sk\/produkt\/pevny-noz-microtech-borka-blades-signature-series-sbk-carbon-200-1dlccfs\/","title":{"rendered":"Pevn\u00fd N\u00f4\u017e Microtech\/Borka Blades Signature Series SBK Carbon 200-1DLCCFS"},"content":{"rendered":"<p>Pevn\u00fd N\u00f4\u017e Microtech\/Borka Blades Signature Series SBK Carbon 200-1DLCCFS<\/p>\n<p>Pevn\u00e1 \u010depe\u013e SBK je v\u00fdsledkom v\u00fdrobnej spolupr\u00e1ce so Sebastijanom Berenjim z Borka Blades. Spolo\u010dnos\u0165 Microtech je nad\u0161en\u00e1, \u017ee m\u00f4\u017ee uvies\u0165 tento kus do v\u00fdroby, preto\u017ee n\u00e1vrhy Sebastijan sa st\u00e1vaj\u00fa neoddelite\u013enej\u0161ou s\u00fa\u010das\u0165ou ich zna\u010dky a t\u00edmu. Predt\u00fdm k dispoz\u00edcii iba ako z\u00e1kazkov\u00fd n\u00f4\u017e, SBK je vybaven\u00fd hore zahnutou \u010depe\u013eou s elegantn\u00fdm \u0161t\u00fdlom, ktor\u00fd je z\u00e1kladn\u00fdm kame\u0148om \u010depe\u013eou Borka. Tento celoplo\u0161n\u00fd dizajn sa vyzna\u010duje chr\u00e1ni\u010dom prstov, ktor\u00fd v\u00e1m poskytne najbezpe\u010dnej\u0161iu mo\u017en\u00fa manipul\u00e1ciu. Fr\u00e9zovan\u00e9 \u0161upiny z uhl\u00edkov\u00fdch vl\u00e1kien maj\u00fa tvarovan\u00fd tvar pre maxim\u00e1lne ergonomick\u00fd \u00fachop a vytv\u00e1raj\u00fa dokonal\u00fa harm\u00f3niu medzi u\u017e\u00edvate\u013eom a n\u00e1strojom.<\/p>\n<p>Celkov\u00e1 d\u013a\u017eka: 24.4 cm<br \/>\nD\u013a\u017eka \u010depele: 12.7 cm<br \/>\nHr\u00fabka \u010depele: 0.5 cm<br \/>\nPovrchov\u00e1 \u00faprava \u010depele: Black DLC<br \/>\n\u0160t\u00fdl \u010depele: Trailing Point<br \/>\n\u0160t\u00fdl okraja: Oby\u010dajn\u00fd<br \/>\nMateri\u00e1l rukov\u00e4te: Carbon Fiber<br \/>\nVreckov\u00fd klip:<br \/>\nHmotnos\u0165: 198,45 g<br \/>\nV\u00fdrobca Ref. #: 200-1DLCCFS<br \/>\nKrajina p\u00f4vodu: USA<\/p>\n","protected":false},"excerpt":{"rendered":"<p>V priebehu rokov Microtech\u00ae Knives naplnil v\u00e1\u0161\u0148ou a zru\u010dnos\u0165ou v\u00fdrobu no\u017eov, a\u017e z nich vytvoril takmer umeleck\u00e9 diela, ktor\u00e9 s\u00fa vrcholom funk\u010dnosti. V\u0161etky diely s\u00fa vyroben\u00e9 v USA.<br \/>\nNa v\u0161etky no\u017ee Microtech je do\u017eivotn\u00e1 z\u00e1ruka.<\/p>\n<p>Doprava zadarmo.<\/p>\n","protected":false},"featured_media":248742,"comment_status":"open","ping_status":"closed","template":"","meta":[],"pwb-brand":[3200],"product_brand":[],"product_cat":[3186,3187],"product_tag":[3668],"class_list":{"0":"post-248753","1":"product","2":"type-product","3":"status-publish","4":"has-post-thumbnail","6":"pwb-brand-microtech-sk","7":"product_cat-noze-sk","8":"product_cat-pevne-noze-sk","9":"product_tag-b2b-sk","11":"first","12":"outofstock","13":"taxable","14":"shipping-taxable","15":"purchasable","16":"product-type-simple"},"brands":[{"id":3200,"name":"Microtech","slug":"microtech-sk"}],"_links":{"self":[{"href":"https:\/\/www.moskito.cz\/sk\/wp-json\/wp\/v2\/product\/248753","targetHints":{"allow":["GET"]}}],"collection":[{"href":"https:\/\/www.moskito.cz\/sk\/wp-json\/wp\/v2\/product"}],"about":[{"href":"https:\/\/www.moskito.cz\/sk\/wp-json\/wp\/v2\/types\/product"}],"replies":[{"embeddable":true,"href":"https:\/\/www.moskito.cz\/sk\/wp-json\/wp\/v2\/comments?post=248753"}],"wp:featuredmedia":[{"embeddable":true,"href":"https:\/\/www.moskito.cz\/sk\/wp-json\/wp\/v2\/media\/248742"}],"wp:attachment":[{"href":"https:\/\/www.moskito.cz\/sk\/wp-json\/wp\/v2\/media?parent=248753"}],"wp:term":[{"taxonomy":"pwb-brand","embeddable":true,"href":"https:\/\/www.moskito.cz\/sk\/wp-json\/wp\/v2\/pwb-brand?post=248753"},{"taxonomy":"product_brand","embeddable":true,"href":"https:\/\/www.moskito.cz\/sk\/wp-json\/wp\/v2\/product_brand?post=248753"},{"taxonomy":"product_cat","embeddable":true,"href":"https:\/\/www.moskito.cz\/sk\/wp-json\/wp\/v2\/product_cat?post=248753"},{"taxonomy":"product_tag","embeddable":true,"href":"https:\/\/www.moskito.cz\/sk\/wp-json\/wp\/v2\/product_tag?post=248753"}],"curies":[{"name":"wp","href":"https:\/\/api.w.org\/{rel}","templated":true}]}}