{"id":248800,"date":"2023-05-09T20:09:36","date_gmt":"2023-05-09T19:09:36","guid":{"rendered":"https:\/\/www.moskito.cz\/produkt\/zatvaraci-noz-kansept-knives-entity-damascus-stonewashed-titanium-k1036a3\/"},"modified":"2025-05-07T10:50:49","modified_gmt":"2025-05-07T09:50:49","slug":"zatvaraci-noz-kansept-knives-entity-damascus-stonewashed-titanium-k1036a3","status":"publish","type":"product","link":"https:\/\/www.moskito.cz\/sk\/produkt\/zatvaraci-noz-kansept-knives-entity-damascus-stonewashed-titanium-k1036a3\/","title":{"rendered":"Zatv\u00e1rac\u00ed N\u00f4\u017e Kansept Knives Entity Damascus Stonewashed Titanium K1036A3"},"content":{"rendered":"<p>Zatv\u00e1rac\u00ed N\u00f4\u017e Kansept Knives Entity Damascus Stonewashed Titanium K1036A3<\/p>\n<p>Kansept Entity je preroben\u00fd plutvov\u00fd n\u00f4\u017e s v\u00e1\u017enou reznou silou. Tit\u00e1nov\u00e9 rukov\u00e4te s\u00fa tvarovan\u00e9 tak, aby padli do ruky bez hor\u00facich miest a poskytovali vynikaj\u00facu stabilitu za v\u0161etk\u00fdch podmienok. Prekl\u00e1panie je hladk\u00e9 a jednoduch\u00e9 v\u010faka guli\u010dkov\u00fdm lo\u017eisk\u00e1m v \u010dape &#8211; jednoduch\u00fdm pohybom prsta sa \u010depe\u013e pru\u017e\u00ed a je pripraven\u00e1 na r\u00fdchle pou\u017eitie vo v\u0161etk\u00fdch situ\u00e1ci\u00e1ch. Neoto\u010dn\u00e1 spona do hlbok\u00e9ho vrecka je vyroben\u00e1 z tit\u00e1nu a je nastaven\u00e1 na spr\u00e1vne nosenie so sklopen\u00edm. Entita sed\u00ed vo vrecku ako sen. \u010cepe\u013e sa vyzna\u010duje ploch\u00fdm br\u00fasen\u00edm, ale Kanseptu sa podarilo urobi\u0165 ju tak tenk\u00fa pred ostr\u00edm, \u017ee sa takmer kr\u00e1ja ako dut\u00fd br\u00fasen\u00fd n\u00f4\u017e, \u010do umo\u017e\u0148uje \u013eahk\u00e9 vykon\u00e1vanie dlh\u00fdch a tvrd\u00fdch rezov.<\/p>\n<p>\u0160pecifik\u00e1cia<br \/>\nD\u013a\u017eka \u010depele: 9 cm<br \/>\nCelkov\u00e1 d\u013a\u017eka: 20.27 cm<br \/>\nMateri\u00e1l \u010depele: Dama\u0161kov\u00e1 oce\u013e<br \/>\n\u0160t\u00fdl \u010depele: Drop Point<br \/>\nPovrchov\u00e1 \u00faprava \u010depele: Leptan\u00e9 kyselinou<br \/>\nMateri\u00e1l rukov\u00e4te: Black Stonewashed Titan<br \/>\nUzamykac\u00ed mechanizmus: R\u00e1m<br \/>\nZostava \u010dapu: Keramick\u00e9 guli\u010dkov\u00e9 lo\u017eisk\u00e1<br \/>\nVreckov\u00e1 spona: Hlbok\u00fd tit\u00e1n (sklopenie, prav\u00e9 nosenie)<br \/>\nHmotnos\u0165: 4,7 oz.<br \/>\nDizajn\u00e9r: Nalu Boersma<\/p>\n","protected":false},"excerpt":{"rendered":"<p>\u201eKansept\u201c je prelo\u017een\u00edm v\u00fdznamu \u201ekoncepcie\u201c. To, \u010do n\u00e1s odli\u0161uje od davu, je na\u0161a schopnos\u0165 inovova\u0165. Rovnako ako design n\u00e1\u0161ho loga, ktor\u00e9 vych\u00e1dza z obrazu UFO, ktor\u00e9 cestuj\u00fa z vesm\u00edru do vesm\u00edru a sk\u00e1\u010du do bud\u00facnosti.<\/p>\n<p>Doprava zadarmo.<\/p>\n","protected":false},"featured_media":248789,"comment_status":"open","ping_status":"closed","template":"","meta":[],"pwb-brand":[3258],"product_brand":[],"product_cat":[3186,3233],"product_tag":[],"class_list":{"0":"post-248800","1":"product","2":"type-product","3":"status-publish","4":"has-post-thumbnail","6":"pwb-brand-zatvaraci-noz-kansept-knives-sprite-flipper-titanium-carbon-k1003a1","7":"product_cat-noze-sk","8":"product_cat-zatvaracie-noze","10":"first","11":"instock","12":"taxable","13":"shipping-taxable","14":"purchasable","15":"product-type-simple"},"brands":[{"id":3258,"name":"Zatv\u00e1rac\u00ed N\u00f4\u017e Kansept Knives Sprite Flipper Titanium Carbon K1003A1","slug":"zatvaraci-noz-kansept-knives-sprite-flipper-titanium-carbon-k1003a1"}],"_links":{"self":[{"href":"https:\/\/www.moskito.cz\/sk\/wp-json\/wp\/v2\/product\/248800","targetHints":{"allow":["GET"]}}],"collection":[{"href":"https:\/\/www.moskito.cz\/sk\/wp-json\/wp\/v2\/product"}],"about":[{"href":"https:\/\/www.moskito.cz\/sk\/wp-json\/wp\/v2\/types\/product"}],"replies":[{"embeddable":true,"href":"https:\/\/www.moskito.cz\/sk\/wp-json\/wp\/v2\/comments?post=248800"}],"wp:featuredmedia":[{"embeddable":true,"href":"https:\/\/www.moskito.cz\/sk\/wp-json\/wp\/v2\/media\/248789"}],"wp:attachment":[{"href":"https:\/\/www.moskito.cz\/sk\/wp-json\/wp\/v2\/media?parent=248800"}],"wp:term":[{"taxonomy":"pwb-brand","embeddable":true,"href":"https:\/\/www.moskito.cz\/sk\/wp-json\/wp\/v2\/pwb-brand?post=248800"},{"taxonomy":"product_brand","embeddable":true,"href":"https:\/\/www.moskito.cz\/sk\/wp-json\/wp\/v2\/product_brand?post=248800"},{"taxonomy":"product_cat","embeddable":true,"href":"https:\/\/www.moskito.cz\/sk\/wp-json\/wp\/v2\/product_cat?post=248800"},{"taxonomy":"product_tag","embeddable":true,"href":"https:\/\/www.moskito.cz\/sk\/wp-json\/wp\/v2\/product_tag?post=248800"}],"curies":[{"name":"wp","href":"https:\/\/api.w.org\/{rel}","templated":true}]}}