{"id":248851,"date":"2023-05-09T21:39:31","date_gmt":"2023-05-09T20:39:31","guid":{"rendered":"https:\/\/www.moskito.cz\/produkt\/zatvaraci-noz-kansept-knives-goblin-bronzed-titanium-k2016a4\/"},"modified":"2025-05-07T10:50:49","modified_gmt":"2025-05-07T09:50:49","slug":"zatvaraci-noz-kansept-knives-goblin-bronzed-titanium-k2016a4","status":"publish","type":"product","link":"https:\/\/www.moskito.cz\/sk\/produkt\/zatvaraci-noz-kansept-knives-goblin-bronzed-titanium-k2016a4\/","title":{"rendered":"Zatv\u00e1rac\u00ed N\u00f4\u017e Kansept Knives Goblin Bronzed Titanium K2016A4"},"content":{"rendered":"<p>Zatv\u00e1rac\u00ed N\u00f4\u017e Kansept Knives Goblin Bronzed Titanium K2016A4<\/p>\n<p>Oce\u013e \u010depele CPM-S35VN poskytuje pevn\u00fa \u010depe\u013e s vynikaj\u00facim zachovan\u00edm ostria.<br \/>\nSkosen\u00e9 tit\u00e1nov\u00e9 rukov\u00e4te s potla\u010dou kompasu pre hladk\u00fd povrch uchopenia, ktor\u00fd je pohodln\u00fd vo vrecku alebo v ruke.<br \/>\nOce\u013e pod 3&#8220; \u010depe\u013eou CPM-S35VN poskytuje h\u00fa\u017eevnat\u00fa \u010depe\u013e s vynikaj\u00facim zachovan\u00edm ostria.<br \/>\nKeramick\u00e9 guli\u010dkov\u00e9 lo\u017eisko pon\u00faka hladk\u00e9 otv\u00e1ranie<br \/>\n\u0160PECIFIK\u00c1CIA<\/p>\n<p>Celkov\u00e1 d\u013a\u017eka: 14,3 cm<br \/>\nD\u013a\u017eka \u010depele: 5,56 cm<br \/>\nHr\u00fabka \u010depele: 3 mm<br \/>\nOce\u013e \u010depele: CPM-S35VN<br \/>\nBr\u00fasenie \u010depele: Ploch\u00e9 mletie<br \/>\n\u010cepe\u013e: Stone Washed<br \/>\nRukov\u00e4\u0165: Titan<br \/>\nZ\u00e1mok r\u00e1mu<br \/>\nDizajn\u00e9r: Noble Knives<\/p>\n","protected":false},"excerpt":{"rendered":"<p>\u201eKansept\u201c je prelo\u017een\u00edm v\u00fdznamu \u201ekoncepcie\u201c. To, \u010do n\u00e1s odli\u0161uje od davu, je na\u0161a schopnos\u0165 inovova\u0165. Rovnako ako design n\u00e1\u0161ho loga, ktor\u00e9 vych\u00e1dza z obrazu UFO, ktor\u00e9 cestuj\u00fa z vesm\u00edru do vesm\u00edru a sk\u00e1\u010du do bud\u00facnosti.<\/p>\n<p>Doprava zadarmo.<\/p>\n","protected":false},"featured_media":248840,"comment_status":"open","ping_status":"closed","template":"","meta":[],"pwb-brand":[3258],"product_brand":[],"product_cat":[3186,3233],"product_tag":[],"class_list":{"0":"post-248851","1":"product","2":"type-product","3":"status-publish","4":"has-post-thumbnail","6":"pwb-brand-zatvaraci-noz-kansept-knives-sprite-flipper-titanium-carbon-k1003a1","7":"product_cat-noze-sk","8":"product_cat-zatvaracie-noze","10":"first","11":"instock","12":"taxable","13":"shipping-taxable","14":"purchasable","15":"product-type-simple"},"brands":[{"id":3258,"name":"Zatv\u00e1rac\u00ed N\u00f4\u017e Kansept Knives Sprite Flipper Titanium Carbon K1003A1","slug":"zatvaraci-noz-kansept-knives-sprite-flipper-titanium-carbon-k1003a1"}],"_links":{"self":[{"href":"https:\/\/www.moskito.cz\/sk\/wp-json\/wp\/v2\/product\/248851","targetHints":{"allow":["GET"]}}],"collection":[{"href":"https:\/\/www.moskito.cz\/sk\/wp-json\/wp\/v2\/product"}],"about":[{"href":"https:\/\/www.moskito.cz\/sk\/wp-json\/wp\/v2\/types\/product"}],"replies":[{"embeddable":true,"href":"https:\/\/www.moskito.cz\/sk\/wp-json\/wp\/v2\/comments?post=248851"}],"wp:featuredmedia":[{"embeddable":true,"href":"https:\/\/www.moskito.cz\/sk\/wp-json\/wp\/v2\/media\/248840"}],"wp:attachment":[{"href":"https:\/\/www.moskito.cz\/sk\/wp-json\/wp\/v2\/media?parent=248851"}],"wp:term":[{"taxonomy":"pwb-brand","embeddable":true,"href":"https:\/\/www.moskito.cz\/sk\/wp-json\/wp\/v2\/pwb-brand?post=248851"},{"taxonomy":"product_brand","embeddable":true,"href":"https:\/\/www.moskito.cz\/sk\/wp-json\/wp\/v2\/product_brand?post=248851"},{"taxonomy":"product_cat","embeddable":true,"href":"https:\/\/www.moskito.cz\/sk\/wp-json\/wp\/v2\/product_cat?post=248851"},{"taxonomy":"product_tag","embeddable":true,"href":"https:\/\/www.moskito.cz\/sk\/wp-json\/wp\/v2\/product_tag?post=248851"}],"curies":[{"name":"wp","href":"https:\/\/api.w.org\/{rel}","templated":true}]}}