{"id":248867,"date":"2023-05-09T22:01:40","date_gmt":"2023-05-09T21:01:40","guid":{"rendered":"https:\/\/www.moskito.cz\/produkt\/zatvaraci-noz-kansept-knives-convict-k1023b1\/"},"modified":"2025-05-07T10:50:50","modified_gmt":"2025-05-07T09:50:50","slug":"zatvaraci-noz-kansept-knives-convict-k1023b1","status":"publish","type":"product","link":"https:\/\/www.moskito.cz\/sk\/produkt\/zatvaraci-noz-kansept-knives-convict-k1023b1\/","title":{"rendered":"Zatv\u00e1rac\u00ed N\u00f4\u017e Kansept Knives Convict K1023B1"},"content":{"rendered":"<p>Zatv\u00e1rac\u00ed N\u00f4\u017e Kansept Knives Convict K1023B1<\/p>\n<p>Kansept Convict je origin\u00e1lny dizajn Chrisa Conawaya, zakladate\u013ea Sheepdog Knives. V klasickom ov\u010diarskom m\u00f3de je tento n\u00f4\u017e statn\u00fd, statn\u00fd n\u00e1stroj pripraven\u00fd \u00eds\u0165 do pr\u00e1ce a vyzer\u00e1 pri tom skvele. \u010cepe\u013e m\u00e1 profil ov\u010dej nohy, cenen\u00fd v EDC pre svoj v\u00fdkon s obalom a vl\u00e1knami. Rukov\u00e4\u0165 m\u00e1 \u010dist\u00fd a pohodln\u00fd dizajn, ktor\u00fd vyhovuje r\u00f4znym \u0161t\u00fdlom \u00fachopu.<\/p>\n<p>\u0160pecifik\u00e1cia<br \/>\nCelkov\u00e1 d\u013a\u017eka: 19 cm<br \/>\nD\u013a\u017eka \u010depele: 8.25 cm<br \/>\nMateri\u00e1l \u010depele: CPM S35VN<br \/>\n\u0160t\u00fdl \u010depele: Sheepfoot<br \/>\nBr\u00fasenie \u010depele: Ploch\u00e9<br \/>\nPovrchov\u00e1 \u00faprava: Stonewash<br \/>\nTyp okraja: Hladk\u00fd<br \/>\nMateri\u00e1l rukov\u00e4te: Titan<br \/>\nFarba: Siv\u00e1<br \/>\nR\u00e1m\/vlo\u017eka:Titan<br \/>\nHmotnos\u0165: 4,00 oz.<br \/>\nU\u017e\u00edvate\u013e: Prav\u00e1 ruka<br \/>\nVreckov\u00fd klip: Tip-Up<br \/>\nTyp no\u017ea: manu\u00e1lna<br \/>\nOtv\u00e1ra\u010d: Thumb Stud<br \/>\nTyp z\u00e1mku: R\u00e1mov\u00fd z\u00e1mok<br \/>\nZna\u010dka: Kansept<br \/>\n\u010c\u00edslo modelu: K1023B1<br \/>\nDizajn\u00e9r: Sheepdog Knives<\/p>\n","protected":false},"excerpt":{"rendered":"<p>\u201eKansept\u201c je prelo\u017een\u00edm v\u00fdznamu \u201ekoncepcie\u201c. To, \u010do n\u00e1s odli\u0161uje od davu, je na\u0161a schopnos\u0165 inovova\u0165. Rovnako ako design n\u00e1\u0161ho loga, ktor\u00e9 vych\u00e1dza z obrazu UFO, ktor\u00e9 cestuj\u00fa z vesm\u00edru do vesm\u00edru a sk\u00e1\u010du do bud\u00facnosti.<\/p>\n<p>Doprava zadarmo.<\/p>\n","protected":false},"featured_media":248855,"comment_status":"open","ping_status":"closed","template":"","meta":[],"pwb-brand":[3258],"product_brand":[],"product_cat":[3186,3233],"product_tag":[],"class_list":{"0":"post-248867","1":"product","2":"type-product","3":"status-publish","4":"has-post-thumbnail","6":"pwb-brand-zatvaraci-noz-kansept-knives-sprite-flipper-titanium-carbon-k1003a1","7":"product_cat-noze-sk","8":"product_cat-zatvaracie-noze","10":"first","11":"instock","12":"taxable","13":"shipping-taxable","14":"purchasable","15":"product-type-simple"},"brands":[{"id":3258,"name":"Zatv\u00e1rac\u00ed N\u00f4\u017e Kansept Knives Sprite Flipper Titanium Carbon K1003A1","slug":"zatvaraci-noz-kansept-knives-sprite-flipper-titanium-carbon-k1003a1"}],"_links":{"self":[{"href":"https:\/\/www.moskito.cz\/sk\/wp-json\/wp\/v2\/product\/248867","targetHints":{"allow":["GET"]}}],"collection":[{"href":"https:\/\/www.moskito.cz\/sk\/wp-json\/wp\/v2\/product"}],"about":[{"href":"https:\/\/www.moskito.cz\/sk\/wp-json\/wp\/v2\/types\/product"}],"replies":[{"embeddable":true,"href":"https:\/\/www.moskito.cz\/sk\/wp-json\/wp\/v2\/comments?post=248867"}],"wp:featuredmedia":[{"embeddable":true,"href":"https:\/\/www.moskito.cz\/sk\/wp-json\/wp\/v2\/media\/248855"}],"wp:attachment":[{"href":"https:\/\/www.moskito.cz\/sk\/wp-json\/wp\/v2\/media?parent=248867"}],"wp:term":[{"taxonomy":"pwb-brand","embeddable":true,"href":"https:\/\/www.moskito.cz\/sk\/wp-json\/wp\/v2\/pwb-brand?post=248867"},{"taxonomy":"product_brand","embeddable":true,"href":"https:\/\/www.moskito.cz\/sk\/wp-json\/wp\/v2\/product_brand?post=248867"},{"taxonomy":"product_cat","embeddable":true,"href":"https:\/\/www.moskito.cz\/sk\/wp-json\/wp\/v2\/product_cat?post=248867"},{"taxonomy":"product_tag","embeddable":true,"href":"https:\/\/www.moskito.cz\/sk\/wp-json\/wp\/v2\/product_tag?post=248867"}],"curies":[{"name":"wp","href":"https:\/\/api.w.org\/{rel}","templated":true}]}}