{"id":249042,"date":"2023-05-18T16:56:11","date_gmt":"2023-05-18T15:56:11","guid":{"rendered":"https:\/\/www.moskito.cz\/?post_type=product&#038;p=249042"},"modified":"2025-05-07T10:50:51","modified_gmt":"2025-05-07T09:50:51","slug":"zaviraci-nuz-joker-punta-de-ciervo","status":"publish","type":"product","link":"https:\/\/www.moskito.cz\/sk\/produkt\/zaviraci-nuz-joker-punta-de-ciervo\/","title":{"rendered":"Zav\u00edrac\u00ed N\u016f\u017e Joker PUNTA DE CIERVO"},"content":{"rendered":"<p>Zav\u00edrac\u00ed N\u016f\u017e <strong>Joker<\/strong> PUNTA DE CIERVO<\/p>\n<p>Bushcraft, Survival nebo Hunting Knife Joker NC142 je \u0161pan\u011blsk\u00fd ru\u010dn\u011b vyroben\u00fd n\u016f\u017e s ozna\u010den\u00edm p\u016fvodu Albacete, ide\u00e1ln\u00ed pro va\u0161e venkovn\u00ed v\u00fdlety do p\u0159\u00edrody. Kdekoli budete, n\u016f\u017e Joker NB20 v\u00e1m bude v\u017edy p\u0159ipraven pomoci. Jedn\u00e1 se o \u0159emesln\u00fd n\u016f\u017e no\u017e\u00ed\u0159e Jokera Albacete z nerezov\u00e9 oceli Mova 1.4116 s velikost\u00ed \u010depele 8 cm a z\u00e1mkem \u010depele dla\u017edicov\u00e9ho typu. Tento n\u016f\u017e vynik\u00e1 svou rukojet\u00ed z jelen\u00edho rohu zakon\u010denou r\u016fzn\u00fdmi ru\u010dn\u011b vy\u0159ez\u00e1van\u00fdmi motivy. Hmotnost no\u017ee je 70 gram\u016f. Je to ru\u010dn\u011b vyroben\u00fd n\u016f\u017e na cel\u00fd \u017eivot.<\/p>\n<p>\u010cepel: Nerezov\u00e1 ocel 1.4116, Molybden Vanadium<br \/>\nP\u011bst: Ru\u010dn\u011b vy\u0159ez\u00e1van\u00fd hrot z jelen\u00edho parohu. Motiv kance.<br \/>\n8 cm &#8211; 70 g<\/p>\n<p>&nbsp;<\/p>\n<p>&nbsp;<\/p>\n","protected":false},"excerpt":{"rendered":"<p>No\u017ee Joker poch\u00e1zej\u00ed ze \u0160pan\u011blsk\u00e9ho m\u011bsta Albacete, kter\u00e9 je zn\u00e1m\u00e9 tradi\u010dn\u00ed v\u00fdrobou no\u017e\u016f a d\u00fdk.<br \/>\n<strong>Navr\u017eeno a vyrobeno ve \u0160pan\u011blsku (Albacete)<\/strong><\/p>\n","protected":false},"featured_media":249043,"comment_status":"open","ping_status":"closed","template":"","meta":[],"pwb-brand":[359],"product_brand":[],"product_cat":[22,17],"product_tag":[],"class_list":{"0":"post-249042","1":"product","2":"type-product","3":"status-publish","4":"has-post-thumbnail","6":"pwb-brand-joker","7":"product_cat-zaviraci-noze","8":"product_cat-noze","10":"first","11":"instock","12":"taxable","13":"shipping-taxable","14":"purchasable","15":"product-type-simple"},"brands":[{"id":359,"name":"Joker","slug":"joker"}],"_links":{"self":[{"href":"https:\/\/www.moskito.cz\/sk\/wp-json\/wp\/v2\/product\/249042","targetHints":{"allow":["GET"]}}],"collection":[{"href":"https:\/\/www.moskito.cz\/sk\/wp-json\/wp\/v2\/product"}],"about":[{"href":"https:\/\/www.moskito.cz\/sk\/wp-json\/wp\/v2\/types\/product"}],"replies":[{"embeddable":true,"href":"https:\/\/www.moskito.cz\/sk\/wp-json\/wp\/v2\/comments?post=249042"}],"wp:featuredmedia":[{"embeddable":true,"href":"https:\/\/www.moskito.cz\/sk\/wp-json\/wp\/v2\/media\/249043"}],"wp:attachment":[{"href":"https:\/\/www.moskito.cz\/sk\/wp-json\/wp\/v2\/media?parent=249042"}],"wp:term":[{"taxonomy":"pwb-brand","embeddable":true,"href":"https:\/\/www.moskito.cz\/sk\/wp-json\/wp\/v2\/pwb-brand?post=249042"},{"taxonomy":"product_brand","embeddable":true,"href":"https:\/\/www.moskito.cz\/sk\/wp-json\/wp\/v2\/product_brand?post=249042"},{"taxonomy":"product_cat","embeddable":true,"href":"https:\/\/www.moskito.cz\/sk\/wp-json\/wp\/v2\/product_cat?post=249042"},{"taxonomy":"product_tag","embeddable":true,"href":"https:\/\/www.moskito.cz\/sk\/wp-json\/wp\/v2\/product_tag?post=249042"}],"curies":[{"name":"wp","href":"https:\/\/api.w.org\/{rel}","templated":true}]}}