{"id":249060,"date":"2023-05-18T18:03:21","date_gmt":"2023-05-18T17:03:21","guid":{"rendered":"https:\/\/www.moskito.cz\/produkt\/zatvaraci-noz-kansept-fenrir-stonewashed-carbon-titanium-k1034a1\/"},"modified":"2025-05-07T10:50:52","modified_gmt":"2025-05-07T09:50:52","slug":"zatvaraci-noz-kansept-fenrir-stonewashed-carbon-titanium-k1034a1","status":"publish","type":"product","link":"https:\/\/www.moskito.cz\/sk\/produkt\/zatvaraci-noz-kansept-fenrir-stonewashed-carbon-titanium-k1034a1\/","title":{"rendered":"Zatv\u00e1rac\u00ed N\u00f4\u017e Kansept Fenrir Stonewashed Carbon Titanium K1034A1"},"content":{"rendered":"<p>Zatv\u00e1rac\u00ed N\u00f4\u017e Kansept Fenrir Stonewashed Carbon Titanium K1034A1<\/p>\n<p>Fenrir je funk\u010dn\u00fd EDC n\u00f4\u017e s v\u00fdrazn\u00fdmi estetick\u00fdmi l\u00edniami. V\u010faka ve\u013ek\u00e9mu bruchu a ostr\u00e9mu hrotu je univerz\u00e1lny na ka\u017edodenn\u00e9 pou\u017eitie. Nieko\u013eko mo\u017enost\u00ed nasadenia a v\u0161estrann\u00e1 ergon\u00f3mia z neho robia skvel\u00fa manipul\u00e1ciu. Jedine\u010dn\u00fd design podhlavn\u00edka v\u00e1m d\u00e1 v\u00e1hu priamo do ruky, \u010do v\u00e1m poskytne kontrolu a bezpe\u010dn\u00fd \u00fachop.<\/p>\n<p>\u010cierno potiahnut\u00e1 harp\u00fanov\u00e1 \u010depe\u013e.<br \/>\nPredn\u00e1 plutva a otv\u00e1ra\u010d na palec.<br \/>\nRukov\u00e4\u0165 Shred je z uhl\u00edkov\u00fdch vl\u00e1kien so zadn\u00fdmi tit\u00e1nov\u00fdmi podperami.<br \/>\nVykl\u00e1pac\u00ed vreckov\u00fd klip.<\/p>\n<p>Celkov\u00e1 d\u013a\u017eka: 19.72 cm<br \/>\nD\u013a\u017eka \u010depele: 8.7 cm<br \/>\nMateri\u00e1l \u010depele: CPM-S35VN<br \/>\nTvrdos\u0165 \u010depele: 58-61 HRC<br \/>\n\u0160t\u00fdl \u010depele: Harpuna<br \/>\nPovrchov\u00e1 \u00faprava \u010depele: Black Stonewash<br \/>\nMateri\u00e1l rukov\u00e4te: Drven\u00e9 uhl\u00edkov\u00e9 vl\u00e1kno \/ tit\u00e1n<br \/>\nDokon\u010denie rukov\u00e4te: Uhl\u00edkov\u00e9 vl\u00e1kno \/ \u0161ed\u00e1<br \/>\nTyp z\u00e1mku: Z\u00e1mok r\u00e1mu<br \/>\nPoz\u00edcia klipu: Skl\u00e1pacie \/ prav\u00e9 nosenie<br \/>\nHmotnos\u0165: 4,37 unca<\/p>\n","protected":false},"excerpt":{"rendered":"<p>\u201eKansept\u201c je prelo\u017een\u00edm v\u00fdznamu \u201ekoncepcie\u201c. To, \u010do n\u00e1s odli\u0161uje od davu, je na\u0161a schopnos\u0165 inovova\u0165. Rovnako ako design n\u00e1\u0161ho loga, ktor\u00e9 vych\u00e1dza z obrazu UFO, ktor\u00e9 cestuj\u00fa z vesm\u00edru do vesm\u00edru a sk\u00e1\u010du do bud\u00facnosti.<\/p>\n<p>Doprava zadarmo.<\/p>\n","protected":false},"featured_media":249049,"comment_status":"open","ping_status":"closed","template":"","meta":[],"pwb-brand":[3258],"product_brand":[],"product_cat":[3186,3233],"product_tag":[],"class_list":{"0":"post-249060","1":"product","2":"type-product","3":"status-publish","4":"has-post-thumbnail","6":"pwb-brand-zatvaraci-noz-kansept-knives-sprite-flipper-titanium-carbon-k1003a1","7":"product_cat-noze-sk","8":"product_cat-zatvaracie-noze","10":"first","11":"instock","12":"taxable","13":"shipping-taxable","14":"purchasable","15":"product-type-simple"},"brands":[{"id":3258,"name":"Zatv\u00e1rac\u00ed N\u00f4\u017e Kansept Knives Sprite Flipper Titanium Carbon K1003A1","slug":"zatvaraci-noz-kansept-knives-sprite-flipper-titanium-carbon-k1003a1"}],"_links":{"self":[{"href":"https:\/\/www.moskito.cz\/sk\/wp-json\/wp\/v2\/product\/249060","targetHints":{"allow":["GET"]}}],"collection":[{"href":"https:\/\/www.moskito.cz\/sk\/wp-json\/wp\/v2\/product"}],"about":[{"href":"https:\/\/www.moskito.cz\/sk\/wp-json\/wp\/v2\/types\/product"}],"replies":[{"embeddable":true,"href":"https:\/\/www.moskito.cz\/sk\/wp-json\/wp\/v2\/comments?post=249060"}],"wp:featuredmedia":[{"embeddable":true,"href":"https:\/\/www.moskito.cz\/sk\/wp-json\/wp\/v2\/media\/249049"}],"wp:attachment":[{"href":"https:\/\/www.moskito.cz\/sk\/wp-json\/wp\/v2\/media?parent=249060"}],"wp:term":[{"taxonomy":"pwb-brand","embeddable":true,"href":"https:\/\/www.moskito.cz\/sk\/wp-json\/wp\/v2\/pwb-brand?post=249060"},{"taxonomy":"product_brand","embeddable":true,"href":"https:\/\/www.moskito.cz\/sk\/wp-json\/wp\/v2\/product_brand?post=249060"},{"taxonomy":"product_cat","embeddable":true,"href":"https:\/\/www.moskito.cz\/sk\/wp-json\/wp\/v2\/product_cat?post=249060"},{"taxonomy":"product_tag","embeddable":true,"href":"https:\/\/www.moskito.cz\/sk\/wp-json\/wp\/v2\/product_tag?post=249060"}],"curies":[{"name":"wp","href":"https:\/\/api.w.org\/{rel}","templated":true}]}}