{"id":249154,"date":"2023-05-19T20:13:38","date_gmt":"2023-05-19T19:13:38","guid":{"rendered":"https:\/\/www.moskito.cz\/produkt\/zatvaraci-noz-spyderco-endura-4-lightweight-thin-red-line\/"},"modified":"2025-05-07T10:50:53","modified_gmt":"2025-05-07T09:50:53","slug":"zatvaraci-noz-spyderco-endura-4-lightweight-thin-red-line","status":"publish","type":"product","link":"https:\/\/www.moskito.cz\/sk\/produkt\/zatvaraci-noz-spyderco-endura-4-lightweight-thin-red-line\/","title":{"rendered":"Zatv\u00e1rac\u00ed N\u00f4\u017e Spyderco ENDURA 4 LIGHTWEIGHT THIN RED LINE"},"content":{"rendered":"<p>Zatv\u00e1rac\u00ed N\u00f4\u017e Spyderco ENDURA 4 LIGHTWEIGHT THIN RED LINE<\/p>\n<p>No\u017ee Spyderco \u201eThin Red Line\u201c, vytvoren\u00e9 ako pocta odv\u00e1\u017enym hasi\u010dom n\u00e1\u0161ho n\u00e1roda, s\u00fa v\u00fdrazn\u00fdm vyjadren\u00edm na\u0161ich \u013eahk\u00fdch modelov \u0165a\u017en\u00fdch kon\u00ed. Ich charakteristick\u00fdm rysom je ich jedine\u010dn\u00fd dizajn rukov\u00e4te, ktor\u00fd predv\u00e1dza \u010dierne \u0161upiny rukov\u00e4te vystu\u017een\u00e9 sklenen\u00fdmi vl\u00e1knami (FRN) zv\u00fdraznen\u00e9 jasne \u010dervenou pod\u0161\u00edvkou a zodpovedaj\u00facim \u010derven\u00fdm backspacerom. T\u00e1to farebn\u00e1 t\u00e9ma symbolizuje \u201etenk\u00fa \u010derven\u00fa \u010diaru\u201c, ktor\u00fa predstavuj\u00fa prv\u00e9 zasahuj\u00face medzi norm\u00e1lnos\u0165ou n\u00e1\u0161ho ka\u017edodenn\u00e9ho sveta a chaosom \u017eivot ohrozuj\u00facich mimoriadnych udalost\u00ed.<\/p>\n<p>\u010cepe\u013e VG-10 tohto Endura 4 Lightweight taktie\u017e kombinuje vylep\u0161en\u00fa geometriu britu plne ploch\u00e9ho br\u00fasenia s nen\u00e1sytnou reznou silou vr\u00fabkovania Spyderco. Aby sme ctili nezi\u0161tn\u00fa slu\u017ebu z\u00e1chran\u00e1rov, je ka\u017ed\u00e1 \u010depe\u013e hrdo vyryt\u00e1 laserom s mottom \u201eSave and Serve\u201c. V\u0161etky ostatn\u00e9 vlastnosti t\u00fdchto elitn\u00fdch no\u017eov s\u00fa v s\u00falade so \u0161tandardnou verziou tohto modelu, vr\u00e1tane spo\u013eahliv\u00e9ho zadn\u00e9ho zamykacieho mechanizmu, skeletonizovan\u00fdch nerezov\u00fdch vlo\u017eiek, \u0161tvorpolohov\u00e9ho vreckov\u00e9ho klipu a obojsmern\u00e9ho text\u00farovania.<\/p>\n<p>Spyderco venuje \u010das\u0165 v\u0161etk\u00fdch predajov no\u017eov \u201eThin Red Line\u201c nad\u00e1cii Wildland Firefighter Foundation, ktor\u00e1 poskytuje okam\u017eit\u00fa finan\u010dn\u00fa a trval\u00fa emocion\u00e1lnu podporu, obhajobu a uznanie padl\u00fdm a zranen\u00fdm hasi\u010dom z divokej pr\u00edrody a ich rodin\u00e1m.<\/p>\n<p>Celkov\u00e1 d\u013a\u017eka: 22.3 cm<\/p>\n<p>D\u013a\u017eka \u010depele: 9.7 cm<\/p>\n<p>Oce\u013e: VG-10<\/p>\n<p>Uzavret\u00e1 d\u013a\u017eka: 12.6 cm<\/p>\n<p>Hmotnos\u0165: 94 g<\/p>\n<p>Hr\u00fabka \u010depele: 0.3 cm<\/p>\n<p>Rukov\u00e4\u0165: FRN<\/p>\n<p>P\u00f4vod: Japonsko<\/p>\n","protected":false},"excerpt":{"rendered":"<p>Endura 4 \u013dahk\u00e1 tenk\u00e1 \u010derven\u00e1 l\u00ednia<\/p>\n","protected":false},"featured_media":249149,"comment_status":"open","ping_status":"closed","template":"","meta":[],"pwb-brand":[3261],"product_brand":[],"product_cat":[3186,3233],"product_tag":[3668],"class_list":{"0":"post-249154","1":"product","2":"type-product","3":"status-publish","4":"has-post-thumbnail","6":"pwb-brand-zatvaraci-noz-spyderco-endura-flat-ground-gray-frn-c10fpgy","7":"product_cat-noze-sk","8":"product_cat-zatvaracie-noze","9":"product_tag-b2b-sk","11":"first","12":"outofstock","13":"taxable","14":"shipping-taxable","15":"purchasable","16":"product-type-simple"},"brands":[{"id":3261,"name":"Zatv\u00e1rac\u00ed N\u00f4\u017e Spyderco Endura Flat Ground Gray FRN C10FPGY","slug":"zatvaraci-noz-spyderco-endura-flat-ground-gray-frn-c10fpgy"}],"_links":{"self":[{"href":"https:\/\/www.moskito.cz\/sk\/wp-json\/wp\/v2\/product\/249154","targetHints":{"allow":["GET"]}}],"collection":[{"href":"https:\/\/www.moskito.cz\/sk\/wp-json\/wp\/v2\/product"}],"about":[{"href":"https:\/\/www.moskito.cz\/sk\/wp-json\/wp\/v2\/types\/product"}],"replies":[{"embeddable":true,"href":"https:\/\/www.moskito.cz\/sk\/wp-json\/wp\/v2\/comments?post=249154"}],"wp:featuredmedia":[{"embeddable":true,"href":"https:\/\/www.moskito.cz\/sk\/wp-json\/wp\/v2\/media\/249149"}],"wp:attachment":[{"href":"https:\/\/www.moskito.cz\/sk\/wp-json\/wp\/v2\/media?parent=249154"}],"wp:term":[{"taxonomy":"pwb-brand","embeddable":true,"href":"https:\/\/www.moskito.cz\/sk\/wp-json\/wp\/v2\/pwb-brand?post=249154"},{"taxonomy":"product_brand","embeddable":true,"href":"https:\/\/www.moskito.cz\/sk\/wp-json\/wp\/v2\/product_brand?post=249154"},{"taxonomy":"product_cat","embeddable":true,"href":"https:\/\/www.moskito.cz\/sk\/wp-json\/wp\/v2\/product_cat?post=249154"},{"taxonomy":"product_tag","embeddable":true,"href":"https:\/\/www.moskito.cz\/sk\/wp-json\/wp\/v2\/product_tag?post=249154"}],"curies":[{"name":"wp","href":"https:\/\/api.w.org\/{rel}","templated":true}]}}