{"id":249169,"date":"2023-05-19T20:35:58","date_gmt":"2023-05-19T19:35:58","guid":{"rendered":"https:\/\/www.moskito.cz\/produkt\/zatvaraci-noz-spyderco-endura-4-lightweight-k390-blue-c10fsk390\/"},"modified":"2025-05-07T10:50:54","modified_gmt":"2025-05-07T09:50:54","slug":"zatvaraci-noz-spyderco-endura-4-lightweight-k390-blue-c10fsk390","status":"publish","type":"product","link":"https:\/\/www.moskito.cz\/sk\/produkt\/zatvaraci-noz-spyderco-endura-4-lightweight-k390-blue-c10fsk390\/","title":{"rendered":"Zatv\u00e1rac\u00ed N\u00f4\u017e Spyderco Endura 4 Lightweight K390 Blue C10FSK390"},"content":{"rendered":"<p>Zatv\u00e1rac\u00ed N\u00f4\u017e Spyderco Endura 4 Lightweight K390 Blue C10FSK390<\/p>\n<p>Spolo\u010dnos\u0165 Bohler-Uddeholm vyvinula K390 MICROCLEAN, aby zabezpe\u010dila extr\u00e9mnu odolnos\u0165 proti opotrebovaniu a vysok\u00fa pevnos\u0165 v tlaku potrebn\u00fa pre n\u00e1ro\u010dn\u00e9 priemyseln\u00e9 aplik\u00e1cie. V\u00fdnimo\u010dn\u00e1 h\u00fa\u017eevnatos\u0165 a odolnos\u0165 proti opotrebovaniu K390 ako \u010depe\u013eovej ocele sa dobre hod\u00ed pre tenk\u00e9, vysoko v\u00fdkonn\u00e9 ostrie \u2013 vr\u00e1tane zubov vr\u00fabkovan\u00fdch hr\u00e1n. Verzie SpyderEdge Delica 4, Endela a Endura 4 nielen\u017ee plne vyu\u017e\u00edvaj\u00fa pozoruhodn\u00e9 vlastnosti K390, ale tie\u017e prid\u00e1vaj\u00fa geometriu hr\u00e1n s n\u00edzkym tren\u00edm a plne ploch\u00e9ho br\u00fasenia. Rovnako ako v\u0161etci \u010dlenovia rodiny Spyderco K390 s\u00fa ich obojsmern\u00e9 text\u00farovan\u00e9 rukov\u00e4te FRN tvarovan\u00e9 vo v\u00fdraznej modrej farbe.<\/p>\n<p>\u0160pecifik\u00e1cia<br \/>\nD\u013a\u017eka \u010depele: 9.7 Cm<br \/>\nD\u013a\u017eka v zatvorenom stave: 12.6 cm<br \/>\nCelkov\u00e1 d\u013a\u017eka: 22.3 cm<br \/>\nRezn\u00e1 hrana: 8.7 cm<br \/>\nHr\u00fabka \u010depele: 0.3 cm<br \/>\nMateri\u00e1l \u010depele: N\u00e1strojov\u00e1 oce\u013e Bohler K390<br \/>\n\u0160t\u00fdl \u010depele: Drop Point<br \/>\nBr\u00fasenie \u010depele: Plne ploch\u00e9<br \/>\nPovrchov\u00e1 \u00faprava \u010depele: sat\u00e9n<br \/>\nOstrie \u010depele: Vr\u00fabkovan\u00e9<br \/>\nMateri\u00e1l rukov\u00e4te: FRN<br \/>\nFarba rukov\u00e4te: kobaltov\u00e1 modr\u00e1<br \/>\nUzamykac\u00ed mechanizmus: Lockback<br \/>\nVreckov\u00e1 spona: Nerezov\u00e1 oce\u013e (Tip-Up\/Down, Right\/Left carry)<br \/>\n\u010c\u00edslo modelu: C10FSK390<br \/>\nN\u00e1zov modelu: Endura 4 Lightweight SpyderEdge K390<br \/>\nHmotnos\u0165: 3,32 oz. (94 g)<br \/>\nVyroben\u00e9 v Japonsku<\/p>\n<p>Pozn\u00e1mka: K390 je vysoko v\u00fdkonn\u00e1 nerezov\u00e1 oce\u013e, ktor\u00e1 m\u00f4\u017ee pri nespr\u00e1vnej starostlivosti hrdzavie\u0165. Po pou\u017eit\u00ed \u010depe\u013e v\u017edy o\u010distite a osu\u0161te av pr\u00edpade potreby naneste olej alebo in\u00e9 pr\u00edpravky zabra\u0148uj\u00face kor\u00f3zii.<\/p>\n","protected":false},"excerpt":{"rendered":"<p>K390 sat\u00e9nov\u00e1 z\u00fabkovan\u00e1 \u010depe\u013e, modr\u00e9 rukov\u00e4te FRN<\/p>\n","protected":false},"featured_media":249158,"comment_status":"open","ping_status":"closed","template":"","meta":[],"pwb-brand":[3261],"product_brand":[],"product_cat":[3233,3186],"product_tag":[3668],"class_list":{"0":"post-249169","1":"product","2":"type-product","3":"status-publish","4":"has-post-thumbnail","6":"pwb-brand-zatvaraci-noz-spyderco-endura-flat-ground-gray-frn-c10fpgy","7":"product_cat-zatvaracie-noze","8":"product_cat-noze-sk","9":"product_tag-b2b-sk","11":"first","12":"instock","13":"sale","14":"taxable","15":"shipping-taxable","16":"purchasable","17":"product-type-simple"},"brands":[{"id":3261,"name":"Zatv\u00e1rac\u00ed N\u00f4\u017e Spyderco Endura Flat Ground Gray FRN C10FPGY","slug":"zatvaraci-noz-spyderco-endura-flat-ground-gray-frn-c10fpgy"}],"_links":{"self":[{"href":"https:\/\/www.moskito.cz\/sk\/wp-json\/wp\/v2\/product\/249169","targetHints":{"allow":["GET"]}}],"collection":[{"href":"https:\/\/www.moskito.cz\/sk\/wp-json\/wp\/v2\/product"}],"about":[{"href":"https:\/\/www.moskito.cz\/sk\/wp-json\/wp\/v2\/types\/product"}],"replies":[{"embeddable":true,"href":"https:\/\/www.moskito.cz\/sk\/wp-json\/wp\/v2\/comments?post=249169"}],"wp:featuredmedia":[{"embeddable":true,"href":"https:\/\/www.moskito.cz\/sk\/wp-json\/wp\/v2\/media\/249158"}],"wp:attachment":[{"href":"https:\/\/www.moskito.cz\/sk\/wp-json\/wp\/v2\/media?parent=249169"}],"wp:term":[{"taxonomy":"pwb-brand","embeddable":true,"href":"https:\/\/www.moskito.cz\/sk\/wp-json\/wp\/v2\/pwb-brand?post=249169"},{"taxonomy":"product_brand","embeddable":true,"href":"https:\/\/www.moskito.cz\/sk\/wp-json\/wp\/v2\/product_brand?post=249169"},{"taxonomy":"product_cat","embeddable":true,"href":"https:\/\/www.moskito.cz\/sk\/wp-json\/wp\/v2\/product_cat?post=249169"},{"taxonomy":"product_tag","embeddable":true,"href":"https:\/\/www.moskito.cz\/sk\/wp-json\/wp\/v2\/product_tag?post=249169"}],"curies":[{"name":"wp","href":"https:\/\/api.w.org\/{rel}","templated":true}]}}