{"id":249206,"date":"2023-05-19T21:48:18","date_gmt":"2023-05-19T20:48:18","guid":{"rendered":"https:\/\/www.moskito.cz\/produkt\/zatvaraci-noz-spyderco-endura-flat-ground-zome-green-c10zfpgr\/"},"modified":"2023-05-19T21:48:18","modified_gmt":"2023-05-19T20:48:18","slug":"zatvaraci-noz-spyderco-endura-flat-ground-zome-green-c10zfpgr","status":"publish","type":"product","link":"https:\/\/www.moskito.cz\/sk\/produkt\/zatvaraci-noz-spyderco-endura-flat-ground-zome-green-c10zfpgr\/","title":{"rendered":"Zatv\u00e1rac\u00ed N\u00f4\u017e Spyderco Endura Flat Ground Zome Green C10ZFPGR"},"content":{"rendered":"<p>Zatv\u00e1rac\u00ed N\u00f4\u017e Spyderco Endura Flat Ground Zome Green C10ZFPGR<\/p>\n<p>Spyderco Endura 4 je jedn\u00fdm z ich najtrvanlivej\u0161\u00edch n\u00e1vrhov, a to z dobr\u00e9ho d\u00f4vodu. S pohodln\u00fdmi ergy, schopnou \u010depe\u013eou a mnoh\u00fdmi mo\u017enos\u0165ami \u013eahk\u00e9ho pren\u00e1\u0161ania Endura v priebehu rokov in\u0161pirovala mnoho napodobite\u013eov. Teraz s ru\u010dne farbenou rukov\u00e4\u0165ou Camo v \u0161t\u00fdle Zome (vyslovovan\u00e9 \u201ezoh-may\u201c), t\u00e1to \u0161peci\u00e1lna ed\u00edcia tu v Moskite podporuje v\u00fdkon jedine\u010dn\u00fdm \u0161t\u00fdlom a je ist\u00e9, \u017ee sa stane zberate\u013esk\u00fdm tovarom.<\/p>\n<p>Rukov\u00e4te FRN, in\u0161pirovan\u00e9 tradi\u010dn\u00fdmi japonsk\u00fdmi technikami hiki-zome (farbenie \u0161tetcom), s\u00fa tvarovan\u00e9 vo svetlej z\u00e1kladnej farbe a potom individu\u00e1lne ru\u010dne farben\u00e9 odborn\u00fdmi japonsk\u00fdmi remeseln\u00edkmi. \u017diadne dva z t\u00fdchto no\u017eov nie s\u00fa rovnak\u00e9. R\u00f4zne farby farbiva s\u00fa ru\u010dne nan\u00e1\u0161an\u00e9 na rukov\u00e4\u0165 a vytv\u00e1raj\u00fa v\u00fdrazn\u00e9 vzory. Tieto farbiv\u00e1 \u00faplne prestupuj\u00fa a trvalo sfarbuj\u00fa FRN.<\/p>\n<p>Tieto \u0161peci\u00e1lne rukov\u00e4te s\u00fa podopren\u00e9 klasickou platformou Endura. Tenk\u00fd a \u013eahko prenosn\u00fd do vrecka, obojsmern\u00e9 text\u00farovanie na stupnici FRN zais\u0165uje pevn\u00e9 uchopenie aj v t\u00fdch najhor\u0161\u00edch podmienkach. Delica tie\u017e umo\u017e\u0148uje takmer ak\u00e9ko\u013evek preferencie nosenia: \u0161tvorpolohov\u00e1 spona z nerezov\u00e9ho vrecka umo\u017e\u0148uje nosenie na \u013eavej alebo pravej strane, v konfigur\u00e1cii so sklopen\u00edm nahor alebo nadol.<\/p>\n<p>Samotn\u00e1 \u010depe\u013e je vyroben\u00e1 z VG-10, \u010do zais\u0165uje dlhotrvaj\u00face ostrie a m\u00e1 \u00faplne ploch\u00e9 br\u00fasenie pre vynikaj\u00facu schopnos\u0165 kr\u00e1jania. T\u00e1to \u010depe\u013e, ktor\u00e1 sa rozklad\u00e1 na hranici medzi bodom p\u00e1du a upraven\u00fdm tvarom Wharncliffe, sa dobre hod\u00ed pre v\u0161etky druhy ka\u017edodenn\u00fdch potrieb. Jimping pozd\u013a\u017e integrovanej palcovej rampy pom\u00e1ha s jemnou kontrolou a umo\u017e\u0148uje v\u00e1m skuto\u010dne vyu\u017ei\u0165 v\u00fdhody jemnej \u0161pi\u010dky. Siln\u00fd z\u00e1mok chrbta udr\u017euje \u010depe\u013e otvoren\u00fa a je vybaven\u00fd Boye-dent, aby sa zabr\u00e1nilo n\u00e1hodn\u00e9mu zatvoreniu.<\/p>\n<p>\u0160pecifik\u00e1cia<br \/>\nCelkov\u00e1 d\u013a\u017eka: 22.2 cm<br \/>\nD\u013a\u017eka v zatvorenom stave: 12.7 cm<br \/>\nPriemer otvoru: 0.13 cm<br \/>\nD\u013a\u017eka \u010depele: 9.6 cm<br \/>\nRezn\u00e1 hrana: 8.8 cm<br \/>\nHr\u00fabka \u010depele: 0.3 cm<br \/>\nOce\u013e \u010depele: VG10<br \/>\nHmotnos\u0165: 3,6 oz. (103 g)<br \/>\nMateri\u00e1l rukov\u00e4te: FRN<br \/>\nVyroben\u00e9 v Seki-City, Japonsko<\/p>\n","protected":false},"excerpt":{"rendered":"<p>Endura je v\u00e4\u010d\u0161ia verzia no\u017ea Spyderco Delica. Oba no\u017ee boli v priebehu rokov ve\u013emi popul\u00e1rne v\u010faka svojej \u013eahkej, vysoko v\u00fdkonnej kon\u0161trukcii a prijate\u013enej cene.<\/p>\n","protected":false},"featured_media":249192,"comment_status":"open","ping_status":"closed","template":"","meta":[],"pwb-brand":[3261],"product_brand":[],"product_cat":[3233,3186],"product_tag":[3668],"class_list":{"0":"post-249206","1":"product","2":"type-product","3":"status-publish","4":"has-post-thumbnail","6":"pwb-brand-zatvaraci-noz-spyderco-endura-flat-ground-gray-frn-c10fpgy","7":"product_cat-zatvaracie-noze","8":"product_cat-noze-sk","9":"product_tag-b2b-sk","11":"first","12":"instock","13":"taxable","14":"shipping-taxable","15":"purchasable","16":"product-type-simple"},"brands":[{"id":3261,"name":"Zatv\u00e1rac\u00ed N\u00f4\u017e Spyderco Endura Flat Ground Gray FRN C10FPGY","slug":"zatvaraci-noz-spyderco-endura-flat-ground-gray-frn-c10fpgy"}],"_links":{"self":[{"href":"https:\/\/www.moskito.cz\/sk\/wp-json\/wp\/v2\/product\/249206","targetHints":{"allow":["GET"]}}],"collection":[{"href":"https:\/\/www.moskito.cz\/sk\/wp-json\/wp\/v2\/product"}],"about":[{"href":"https:\/\/www.moskito.cz\/sk\/wp-json\/wp\/v2\/types\/product"}],"replies":[{"embeddable":true,"href":"https:\/\/www.moskito.cz\/sk\/wp-json\/wp\/v2\/comments?post=249206"}],"wp:featuredmedia":[{"embeddable":true,"href":"https:\/\/www.moskito.cz\/sk\/wp-json\/wp\/v2\/media\/249192"}],"wp:attachment":[{"href":"https:\/\/www.moskito.cz\/sk\/wp-json\/wp\/v2\/media?parent=249206"}],"wp:term":[{"taxonomy":"pwb-brand","embeddable":true,"href":"https:\/\/www.moskito.cz\/sk\/wp-json\/wp\/v2\/pwb-brand?post=249206"},{"taxonomy":"product_brand","embeddable":true,"href":"https:\/\/www.moskito.cz\/sk\/wp-json\/wp\/v2\/product_brand?post=249206"},{"taxonomy":"product_cat","embeddable":true,"href":"https:\/\/www.moskito.cz\/sk\/wp-json\/wp\/v2\/product_cat?post=249206"},{"taxonomy":"product_tag","embeddable":true,"href":"https:\/\/www.moskito.cz\/sk\/wp-json\/wp\/v2\/product_tag?post=249206"}],"curies":[{"name":"wp","href":"https:\/\/api.w.org\/{rel}","templated":true}]}}