{"id":249290,"date":"2023-05-20T20:19:02","date_gmt":"2023-05-20T19:19:02","guid":{"rendered":"https:\/\/www.moskito.cz\/produkt\/zatvaraci-noz-spyderco-paramilitary-2-c81gp2\/"},"modified":"2025-05-07T10:50:57","modified_gmt":"2025-05-07T09:50:57","slug":"zatvaraci-noz-spyderco-paramilitary-2-c81gp2","status":"publish","type":"product","link":"https:\/\/www.moskito.cz\/sk\/produkt\/zatvaraci-noz-spyderco-paramilitary-2-c81gp2\/","title":{"rendered":"Zatv\u00e1rac\u00ed N\u00f4\u017e Spyderco Paramilitary 2 C81GP2"},"content":{"rendered":"<p>Zatv\u00e1rac\u00ed N\u00f4\u017e Spyderco Paramilitary 2 C81GP2<\/p>\n<p>Paramilitary, p\u00f4vodne navrhnut\u00fd na zhustenie definuj\u00facich rysov vojensk\u00e9ho modelu Spyderco do kompaktnej\u0161ieho form\u00e1tu, vzal svet no\u017eov \u00fatokom. Jeho verzia druhej gener\u00e1cie, Paramilitary 2, kra\u013euje ako jeden z najpopul\u00e1rnej\u0161\u00edch designov zatv\u00e1rac\u00edch no\u017eov, ktor\u00e9 kedy boli vytvoren\u00e9, a na\u010falej in\u0161piruje roz\u0161iruj\u00facu sa rodinu vari\u00e1ci\u00ed. \u0160t\u00edhly dizajn s otvoren\u00fdm chrbtom, vlo\u017een\u00e9 nerezov\u00e9 vlo\u017eky a vysoko pevn\u00fd mechanizmus kompresn\u00e9ho z\u00e1mku tejto vysoko vyvinutej sklada\u010dky dop\u013a\u0148aj\u00fa \u010depe\u013e s plne ploch\u00fdm br\u00fasen\u00edm, ve\u013ek\u00fd okr\u00fahly otvor zna\u010dky Trademark a \u0161tvorpolohov\u00fd klip. Dohromady synergia t\u00fdchto prvkov poskytuje skuto\u010dne pr\u00edkladn\u00fd rezn\u00fd n\u00e1stroj, ktor\u00fd mal hlbok\u00fd vplyv na modern\u00fd design no\u017eov.<\/p>\n<p>\u0160pecifik\u00e1cia<br \/>\nD\u013a\u017eka \u010depele: 8.55 cm<br \/>\nD\u013a\u017eka v zatvorenom stave: 12 cm<br \/>\nCelkov\u00e1 d\u013a\u017eka: 21 cm<br \/>\nMateri\u00e1l \u010depele: CPM-S45VN Nerezov\u00e1 oce\u013e<br \/>\n\u0160t\u00fdl \u010depele: Clip Point<br \/>\nBr\u00fasenie \u010depele: Plne ploch\u00e9<br \/>\nPovrchov\u00e1 \u00faprava \u010depele: sat\u00e9n<br \/>\nOstrie \u010depele: Hladk\u00e9<br \/>\nMateri\u00e1l rukov\u00e4te: G10<br \/>\nFarba rukov\u00e4te: \u010cierna<br \/>\nUzamykac\u00ed mechanizmus: Kompresia<br \/>\nVreckov\u00fd klip: Vykl\u00e1panie, skl\u00e1panie dole, nosenie v\u013eavo\/vpravo<br \/>\n\u010c\u00edslo modelu: C81GP2<br \/>\nN\u00e1zov modelu: Paramilitary 2<br \/>\nHmotnos\u0165: 3,81 unca (108 g.)<br \/>\nVyroben\u00e9 v USA<\/p>\n","protected":false},"excerpt":{"rendered":"<p>Paramilitary 2, kra\u013euje ako jeden z najpopul\u00e1rnej\u0161\u00edch designov zatv\u00e1rac\u00edch no\u017eov, ktor\u00e9 kedy boli vytvoren\u00e9.<\/p>\n","protected":false},"featured_media":249279,"comment_status":"open","ping_status":"closed","template":"","meta":[],"pwb-brand":[3261],"product_brand":[],"product_cat":[3233,3186],"product_tag":[3668],"class_list":{"0":"post-249290","1":"product","2":"type-product","3":"status-publish","4":"has-post-thumbnail","6":"pwb-brand-zatvaraci-noz-spyderco-endura-flat-ground-gray-frn-c10fpgy","7":"product_cat-zatvaracie-noze","8":"product_cat-noze-sk","9":"product_tag-b2b-sk","11":"first","12":"instock","13":"taxable","14":"shipping-taxable","15":"purchasable","16":"product-type-simple"},"brands":[{"id":3261,"name":"Zatv\u00e1rac\u00ed N\u00f4\u017e Spyderco Endura Flat Ground Gray FRN C10FPGY","slug":"zatvaraci-noz-spyderco-endura-flat-ground-gray-frn-c10fpgy"}],"_links":{"self":[{"href":"https:\/\/www.moskito.cz\/sk\/wp-json\/wp\/v2\/product\/249290","targetHints":{"allow":["GET"]}}],"collection":[{"href":"https:\/\/www.moskito.cz\/sk\/wp-json\/wp\/v2\/product"}],"about":[{"href":"https:\/\/www.moskito.cz\/sk\/wp-json\/wp\/v2\/types\/product"}],"replies":[{"embeddable":true,"href":"https:\/\/www.moskito.cz\/sk\/wp-json\/wp\/v2\/comments?post=249290"}],"wp:featuredmedia":[{"embeddable":true,"href":"https:\/\/www.moskito.cz\/sk\/wp-json\/wp\/v2\/media\/249279"}],"wp:attachment":[{"href":"https:\/\/www.moskito.cz\/sk\/wp-json\/wp\/v2\/media?parent=249290"}],"wp:term":[{"taxonomy":"pwb-brand","embeddable":true,"href":"https:\/\/www.moskito.cz\/sk\/wp-json\/wp\/v2\/pwb-brand?post=249290"},{"taxonomy":"product_brand","embeddable":true,"href":"https:\/\/www.moskito.cz\/sk\/wp-json\/wp\/v2\/product_brand?post=249290"},{"taxonomy":"product_cat","embeddable":true,"href":"https:\/\/www.moskito.cz\/sk\/wp-json\/wp\/v2\/product_cat?post=249290"},{"taxonomy":"product_tag","embeddable":true,"href":"https:\/\/www.moskito.cz\/sk\/wp-json\/wp\/v2\/product_tag?post=249290"}],"curies":[{"name":"wp","href":"https:\/\/api.w.org\/{rel}","templated":true}]}}