{"id":249335,"date":"2023-05-20T21:43:00","date_gmt":"2023-05-20T20:43:00","guid":{"rendered":"https:\/\/www.moskito.cz\/produkt\/spyderco-tenacious-c122gbbkps\/"},"modified":"2023-11-20T17:32:06","modified_gmt":"2023-11-20T16:32:06","slug":"spyderco-tenacious-c122gbbkps","status":"publish","type":"product","link":"https:\/\/www.moskito.cz\/sk\/produkt\/spyderco-tenacious-c122gbbkps\/","title":{"rendered":"Spyderco Tenacious C122GBBKPS"},"content":{"rendered":"<p>Zatv\u00e1rac\u00ed N\u00f4\u017e Spyderco Tenacious C122GBBKPS<\/p>\n<p>By\u0165 h\u00fa\u017eevnat\u00fd znamen\u00e1 dr\u017ea\u0165 sa pevne. Znamen\u00e1 to by\u0165 tvrd\u00fd a ne\u00fanavn\u00fd, k\u00fdm nedosiahnete svoj cie\u013e: v\u0161etky defin\u00edcie hodn\u00e9 no\u017ee pre hodn\u00fd n\u00f4\u017e. Stredne ve\u013ek\u00fd Tenacious m\u00e1 \u010diernu lamin\u00e1tov\u00fa rukov\u00e4\u0165 G-10, fr\u00e9zovan\u00fa s oh\u013eadom na dlhodob\u00e9 rezanie bez \u00fanavy. Vn\u00fatri s\u00fa zastr\u010den\u00e9 skeletonizovan\u00e9 oce\u013eov\u00e9 vlo\u017eky zvy\u0161uj\u00face tuhos\u0165 a pevnos\u0165 rukov\u00e4te bez pridania nefunk\u010dnej hmotnosti alebo objemnej hr\u00fabky. Nerezov\u00e1 \u010depe\u013e 8Cr13Mov m\u00e1 tvar listu a je br\u00fasen\u00e1 naplocho od chrbta k reznej hrane pre v\u00fdkon pri rezan\u00ed. Tvar \u010depele spojen\u00fd s nadmernou gu\u013eatou dierou Spyderco a \u0161trukt\u00farovan\u00fdm lemovan\u00edm chrbta v\u00e1m umo\u017en\u00ed otvori\u0165 \u010depe\u013e a umiestni\u0165 palec na chrbticu s istotou, \u017ee ste pripraven\u00ed na pr\u00e1cu. Z\u00e1mok Walker Linerlock (s vystu\u017eenou vlo\u017ekou) a \u0161tvorcestn\u00fd vreckov\u00fd klip v\u00e1m umo\u017en\u00ed nastavi\u0165 preferenciu nosenia: Nakl\u00e1panie\/skl\u00e1panie v\u013eavo\/vpravo.<\/p>\n<p>Vlastnosti:<br \/>\nTip Carry Position: Tip-up\/Tip-down<br \/>\nUzamykac\u00ed mechanizmus: Michael Walker LinerLock<br \/>\nJimping: Spine &amp; Liner<br \/>\nLanyard Hole: \u00c1no<br \/>\n\u010cepe\u013e Oce\u013e: Nerezov\u00e1 oce\u013e 8Cr13MoV<br \/>\nMateri\u00e1l rukov\u00e4te: G-10<br \/>\nBr\u00fasenie \u010depele: Br\u00fasenie na plocho<br \/>\nKonfigur\u00e1cia hr\u00e1n: CombinationEdge<br \/>\n\u0160pecifik\u00e1cia<br \/>\nCelkov\u00e1 d\u013a\u017eka: 19.7 cm<br \/>\n\u010cepe\u013e: 8.6 cm<br \/>\nHmotnos\u0165: 4 oz. (114 g)<\/p>\n","protected":false},"excerpt":{"rendered":"<p>Stredne ve\u013ek\u00fd Tenacious m\u00e1 \u010diernu lamin\u00e1tov\u00fa rukov\u00e4\u0165 G-10, fr\u00e9zovan\u00fa s oh\u013eadom na dlhodob\u00e9 rezanie bez \u00fanavy.<\/p>\n","protected":false},"featured_media":249324,"comment_status":"open","ping_status":"closed","template":"","meta":[],"pwb-brand":[3261],"product_brand":[],"product_cat":[3233,3186],"product_tag":[3668],"class_list":{"0":"post-249335","1":"product","2":"type-product","3":"status-publish","4":"has-post-thumbnail","6":"pwb-brand-zatvaraci-noz-spyderco-endura-flat-ground-gray-frn-c10fpgy","7":"product_cat-zatvaracie-noze","8":"product_cat-noze-sk","9":"product_tag-b2b-sk","11":"first","12":"instock","13":"taxable","14":"shipping-taxable","15":"purchasable","16":"product-type-simple"},"brands":[{"id":3261,"name":"Zatv\u00e1rac\u00ed N\u00f4\u017e Spyderco Endura Flat Ground Gray FRN C10FPGY","slug":"zatvaraci-noz-spyderco-endura-flat-ground-gray-frn-c10fpgy"}],"_links":{"self":[{"href":"https:\/\/www.moskito.cz\/sk\/wp-json\/wp\/v2\/product\/249335","targetHints":{"allow":["GET"]}}],"collection":[{"href":"https:\/\/www.moskito.cz\/sk\/wp-json\/wp\/v2\/product"}],"about":[{"href":"https:\/\/www.moskito.cz\/sk\/wp-json\/wp\/v2\/types\/product"}],"replies":[{"embeddable":true,"href":"https:\/\/www.moskito.cz\/sk\/wp-json\/wp\/v2\/comments?post=249335"}],"wp:featuredmedia":[{"embeddable":true,"href":"https:\/\/www.moskito.cz\/sk\/wp-json\/wp\/v2\/media\/249324"}],"wp:attachment":[{"href":"https:\/\/www.moskito.cz\/sk\/wp-json\/wp\/v2\/media?parent=249335"}],"wp:term":[{"taxonomy":"pwb-brand","embeddable":true,"href":"https:\/\/www.moskito.cz\/sk\/wp-json\/wp\/v2\/pwb-brand?post=249335"},{"taxonomy":"product_brand","embeddable":true,"href":"https:\/\/www.moskito.cz\/sk\/wp-json\/wp\/v2\/product_brand?post=249335"},{"taxonomy":"product_cat","embeddable":true,"href":"https:\/\/www.moskito.cz\/sk\/wp-json\/wp\/v2\/product_cat?post=249335"},{"taxonomy":"product_tag","embeddable":true,"href":"https:\/\/www.moskito.cz\/sk\/wp-json\/wp\/v2\/product_tag?post=249335"}],"curies":[{"name":"wp","href":"https:\/\/api.w.org\/{rel}","templated":true}]}}