{"id":249365,"date":"2023-05-20T23:03:33","date_gmt":"2023-05-20T22:03:33","guid":{"rendered":"https:\/\/www.moskito.cz\/produkt\/zatvaraci-noz-spyderco-delica-4-wharncliffe-c11fpwcbk\/"},"modified":"2025-05-07T10:50:58","modified_gmt":"2025-05-07T09:50:58","slug":"zatvaraci-noz-spyderco-delica-4-wharncliffe-c11fpwcbk","status":"publish","type":"product","link":"https:\/\/www.moskito.cz\/sk\/produkt\/zatvaraci-noz-spyderco-delica-4-wharncliffe-c11fpwcbk\/","title":{"rendered":"Zatv\u00e1rac\u00ed N\u00f4\u017e Spyderco Delica 4 Wharncliffe C11FPWCBK"},"content":{"rendered":"<p>Zatv\u00e1rac\u00ed N\u00f4\u017e Spyderco Delica 4 Wharncliffe C11FPWCBK<\/p>\n<p>Tento variant, in\u0161pirovan\u00fd po\u017eiadavkou jedn\u00e9ho zo z\u00e1kazn\u00edkov Spyderco, ktor\u00fd pri svojej pr\u00e1ci pou\u017e\u00edva Delica 4 Lightweight ka\u017ed\u00fd de\u0148, obsahuje ploch\u00e9 ostrie v \u0161t\u00fdle Wharncliffe vyroben\u00e9 z nerezovej ocele VG10. Dokonale rovn\u00e1 rezn\u00e1 hrana tohto profilu \u010depele poskytuje maxim\u00e1lny prenos rezn\u00e9ho tlaku \u2013 a\u017e ku \u0161pi\u010dke \u2013 a poskytuje ostr\u00fd hrot, ktor\u00fd vynik\u00e1 pri detailnej pr\u00e1ci. V\u0161etky ostatn\u00e9 vlastnosti tohto \u0165ah\u00fa\u0148a s\u00fa v s\u00falade so \u0161tandardn\u00fdm modelom Delica 4 Lightweight.<\/p>\n<p>Delica 4, rovnocenn\u00fd partner v historick\u00fdch \u00faspechoch Endura, pon\u00faka v\u0161etky rovnak\u00e9 vynikaj\u00face kvality v kompaktnej\u0161om balen\u00ed. Rad Delica 4 Lightweight zah\u0155\u0148a cel\u00fd rad farieb rukov\u00e4t\u00ed, br\u00fasenie \u010depel\u00ed a konfigur\u00e1ci\u00ed hr\u00e1n, rovnako ako otupen\u00fa tr\u00e9ningov\u00fa verziu a model s funkciou Emerson Opening Feature. V\u0161etky \u013eahk\u00e9 modely maj\u00fa skeletonizovan\u00e9 vlo\u017eky z nerezovej ocele pre pevnos\u0165 a text\u00farovan\u00e9 rukov\u00e4te vyroben\u00e9 z pevn\u00e9ho nylonu vystu\u017een\u00e9ho sklen\u00fdmi vl\u00e1knami.<\/p>\n<p>\u0160pecifik\u00e1cia<br \/>\nD\u013a\u017eka \u010depele: 7.17 cm<br \/>\nD\u013a\u017eka v zatvorenom stave: 10.62 cm<br \/>\nCelkov\u00e1 d\u013a\u017eka: 18 cm<br \/>\nMateri\u00e1l \u010depele: VG10 Nerezov\u00e1 oce\u013e<br \/>\n\u0160t\u00fdl \u010depele: Wharncliffe<br \/>\nBr\u00fasenie \u010depele: Plne ploch\u00e9<br \/>\nPovrchov\u00e1 \u00faprava \u010depele: sat\u00e9n<br \/>\nOstrie \u010depele: Hladk\u00e9<br \/>\nMateri\u00e1l rukov\u00e4te: Nylon vystu\u017een\u00fd sklen\u00fdmi vl\u00e1knami (FRN)<br \/>\nFarba rukov\u00e4te: \u010cierna<br \/>\nUzamykac\u00ed mechanizmus: Lockback<br \/>\nVreckov\u00fd klip: Vykl\u00e1panie, skl\u00e1panie dole, nosenie v\u013eavo\/vpravo<br \/>\n\u010c\u00edslo modelu: C11FWCBK<br \/>\nN\u00e1zov modelu: Delica 4 Lightweight Wharncliffe<br \/>\nHmotnos\u0165: 2,4 oz.<br \/>\nVyroben\u00e9 v Japonsku<\/p>\n","protected":false},"excerpt":{"rendered":"<p>Delica 4, rovnocenn\u00fd partner v historick\u00fdch \u00faspechoch Endury, pon\u00faka v\u0161etky rovnak\u00e9 vynikaj\u00face kvality v kompaktnej\u0161om balen\u00ed.<\/p>\n","protected":false},"featured_media":249354,"comment_status":"open","ping_status":"closed","template":"","meta":[],"pwb-brand":[3261],"product_brand":[],"product_cat":[3233,3186],"product_tag":[3668],"class_list":{"0":"post-249365","1":"product","2":"type-product","3":"status-publish","4":"has-post-thumbnail","6":"pwb-brand-zatvaraci-noz-spyderco-endura-flat-ground-gray-frn-c10fpgy","7":"product_cat-zatvaracie-noze","8":"product_cat-noze-sk","9":"product_tag-b2b-sk","11":"first","12":"instock","13":"sale","14":"taxable","15":"shipping-taxable","16":"purchasable","17":"product-type-simple"},"brands":[{"id":3261,"name":"Zatv\u00e1rac\u00ed N\u00f4\u017e Spyderco Endura Flat Ground Gray FRN C10FPGY","slug":"zatvaraci-noz-spyderco-endura-flat-ground-gray-frn-c10fpgy"}],"_links":{"self":[{"href":"https:\/\/www.moskito.cz\/sk\/wp-json\/wp\/v2\/product\/249365","targetHints":{"allow":["GET"]}}],"collection":[{"href":"https:\/\/www.moskito.cz\/sk\/wp-json\/wp\/v2\/product"}],"about":[{"href":"https:\/\/www.moskito.cz\/sk\/wp-json\/wp\/v2\/types\/product"}],"replies":[{"embeddable":true,"href":"https:\/\/www.moskito.cz\/sk\/wp-json\/wp\/v2\/comments?post=249365"}],"wp:featuredmedia":[{"embeddable":true,"href":"https:\/\/www.moskito.cz\/sk\/wp-json\/wp\/v2\/media\/249354"}],"wp:attachment":[{"href":"https:\/\/www.moskito.cz\/sk\/wp-json\/wp\/v2\/media?parent=249365"}],"wp:term":[{"taxonomy":"pwb-brand","embeddable":true,"href":"https:\/\/www.moskito.cz\/sk\/wp-json\/wp\/v2\/pwb-brand?post=249365"},{"taxonomy":"product_brand","embeddable":true,"href":"https:\/\/www.moskito.cz\/sk\/wp-json\/wp\/v2\/product_brand?post=249365"},{"taxonomy":"product_cat","embeddable":true,"href":"https:\/\/www.moskito.cz\/sk\/wp-json\/wp\/v2\/product_cat?post=249365"},{"taxonomy":"product_tag","embeddable":true,"href":"https:\/\/www.moskito.cz\/sk\/wp-json\/wp\/v2\/product_tag?post=249365"}],"curies":[{"name":"wp","href":"https:\/\/api.w.org\/{rel}","templated":true}]}}