{"id":249382,"date":"2023-05-21T20:19:00","date_gmt":"2023-05-21T19:19:00","guid":{"rendered":"https:\/\/www.moskito.cz\/produkt\/zatvaraci-noz-spyderco-endura-flat-ground-orange-c10fpor\/"},"modified":"2023-11-20T17:32:10","modified_gmt":"2023-11-20T16:32:10","slug":"zatvaraci-noz-spyderco-endura-flat-ground-orange-c10fpor","status":"publish","type":"product","link":"https:\/\/www.moskito.cz\/sk\/produkt\/zatvaraci-noz-spyderco-endura-flat-ground-orange-c10fpor\/","title":{"rendered":"Zatv\u00e1rac\u00ed N\u00f4\u017e Spyderco Endura Flat Ground Orange C10FPOR"},"content":{"rendered":"<p>Zatv\u00e1rac\u00ed N\u00f4\u017e Spyderco Endura Flat Ground Orange C10FPOR<\/p>\n<p>Spyderco prid\u00e1va k rade dlhodobo najpred\u00e1vanej\u0161\u00edch \u013eahk\u00fdch v\u00e1h C10-Endura4 a C11-Delica4 a predstavuje \u017eiarivo oran\u017eov\u00fa rukov\u00e4\u0165 FRN (nylon vystu\u017een\u00fd berglassom) do ponuky plne rovn\u00e9ho dizajnu, ktor\u00e1 je u\u017e k dispoz\u00edcii v nieko\u013ek\u00fdch farb\u00e1ch. Na povrchu rukov\u00e4te je vytvarovan\u00e1 Bi-Directional Texturing\u00ae, ktor\u00e1 vytv\u00e1ra hmatov\u00fa trakciu pre proti\u0161mykov\u00e9 uchopenie. Vystu\u017een\u00e9 rukov\u00e4te, du\u00e1lne skeletonizovan\u00e9 vlo\u017eky z nerezovej ocele spev\u0148uj\u00fa n\u00f4\u017e, v\u010faka \u010domu je robustnej\u0161\u00ed a tuh\u0161\u00ed bez zbyto\u010dnej hmotnosti a sl\u00fa\u017ei ako pevn\u00e1 kotva na pripevnenie vonkaj\u0161\u00edch a vn\u00fatorn\u00fdch s\u00fa\u010dast\u00ed. \u010cepele s\u00fa plne ploch\u00e9 br\u00fasen\u00e9 VG-10 s tenk\u00fdm vysoko rafinovan\u00fdm britom a v\u00e4\u010d\u0161\u00edm 13mm okr\u00fahlym otvorom Spyderco. Vrchn\u00e1 \u010das\u0165 chrbta \u010depele je proti\u0161mykov\u00e1. Vn\u00fatorne podlo\u017eky z fosforov\u00e9ho bronzu vyhladzuj\u00fa otv\u00e1ranie\/zatv\u00e1ranie a spona je upgradovan\u00e1 na \u0161tvorsmern\u00fa sklopn\u00fa, sklopn\u00fa, \u013eav\u00fa alebo prav\u00fa.<\/p>\n<p>\u0160pecifik\u00e1cia<br \/>\nCelkov\u00e1 d\u013a\u017eka: 22.2 cm<br \/>\nD\u013a\u017eka v zatvorenom stave: 12.7 cm<br \/>\nD\u013a\u017eka \u010depele: 9.6 cm<br \/>\nRezn\u00e1 hrana: 8.8 cm<br \/>\nHr\u00fabka \u010depele: 0.3 cm<br \/>\nOce\u013e \u010depele: VG-10<br \/>\nHmotnos\u0165: 3,6 oz. (103 g)<br \/>\nMateri\u00e1l rukov\u00e4te: FRN<br \/>\nVyroben\u00e9 v Seki-City, Japonsko<\/p>\n","protected":false},"excerpt":{"rendered":"<p>Odoln\u00fd a \u013eahk\u00fd zatv\u00e1rac\u00ed vreckov\u00fd n\u00f4\u017e Spyderco Endura 4 Flat Ground Orange vhodn\u00fd na ka\u017edodenn\u00e9 pou\u017eitie<\/p>\n","protected":false},"featured_media":249371,"comment_status":"open","ping_status":"closed","template":"","meta":[],"pwb-brand":[3261],"product_brand":[],"product_cat":[3233,3186],"product_tag":[3668],"class_list":{"0":"post-249382","1":"product","2":"type-product","3":"status-publish","4":"has-post-thumbnail","6":"pwb-brand-zatvaraci-noz-spyderco-endura-flat-ground-gray-frn-c10fpgy","7":"product_cat-zatvaracie-noze","8":"product_cat-noze-sk","9":"product_tag-b2b-sk","11":"first","12":"instock","13":"taxable","14":"shipping-taxable","15":"purchasable","16":"product-type-simple"},"brands":[{"id":3261,"name":"Zatv\u00e1rac\u00ed N\u00f4\u017e Spyderco Endura Flat Ground Gray FRN C10FPGY","slug":"zatvaraci-noz-spyderco-endura-flat-ground-gray-frn-c10fpgy"}],"_links":{"self":[{"href":"https:\/\/www.moskito.cz\/sk\/wp-json\/wp\/v2\/product\/249382","targetHints":{"allow":["GET"]}}],"collection":[{"href":"https:\/\/www.moskito.cz\/sk\/wp-json\/wp\/v2\/product"}],"about":[{"href":"https:\/\/www.moskito.cz\/sk\/wp-json\/wp\/v2\/types\/product"}],"replies":[{"embeddable":true,"href":"https:\/\/www.moskito.cz\/sk\/wp-json\/wp\/v2\/comments?post=249382"}],"wp:featuredmedia":[{"embeddable":true,"href":"https:\/\/www.moskito.cz\/sk\/wp-json\/wp\/v2\/media\/249371"}],"wp:attachment":[{"href":"https:\/\/www.moskito.cz\/sk\/wp-json\/wp\/v2\/media?parent=249382"}],"wp:term":[{"taxonomy":"pwb-brand","embeddable":true,"href":"https:\/\/www.moskito.cz\/sk\/wp-json\/wp\/v2\/pwb-brand?post=249382"},{"taxonomy":"product_brand","embeddable":true,"href":"https:\/\/www.moskito.cz\/sk\/wp-json\/wp\/v2\/product_brand?post=249382"},{"taxonomy":"product_cat","embeddable":true,"href":"https:\/\/www.moskito.cz\/sk\/wp-json\/wp\/v2\/product_cat?post=249382"},{"taxonomy":"product_tag","embeddable":true,"href":"https:\/\/www.moskito.cz\/sk\/wp-json\/wp\/v2\/product_tag?post=249382"}],"curies":[{"name":"wp","href":"https:\/\/api.w.org\/{rel}","templated":true}]}}