{"id":249397,"date":"2023-05-21T21:03:28","date_gmt":"2023-05-21T20:03:28","guid":{"rendered":"https:\/\/www.moskito.cz\/produkt\/zatvaraci-noz-spyderco-endura-4-trainer-lightweight-c10tr\/"},"modified":"2025-05-07T10:50:59","modified_gmt":"2025-05-07T09:50:59","slug":"zatvaraci-noz-spyderco-endura-4-trainer-lightweight-c10tr","status":"publish","type":"product","link":"https:\/\/www.moskito.cz\/sk\/produkt\/zatvaraci-noz-spyderco-endura-4-trainer-lightweight-c10tr\/","title":{"rendered":"Zatv\u00e1rac\u00ed N\u00f4\u017e Spyderco Endura 4 Trainer Lightweight C10TR"},"content":{"rendered":"<p>Zatv\u00e1rac\u00ed N\u00f4\u017e Spyderco Endura 4 Trainer Lightweight C10TR<\/p>\n<p>Tr\u00e9nikov\u00e9 no\u017ee s\u00fa nenabr\u00fasen\u00e9 no\u017ee, ktor\u00e9 umo\u017e\u0148uj\u00fa bezpe\u010dn\u00e9 cvi\u010denie Martial Blade Craft (MBC). Umo\u017e\u0148uj\u00fa u\u017e\u00edvate\u013eovi nau\u010di\u0165 sa techniky nasadenia\/vytiahnutia, vykon\u00e1va\u0165 cvi\u010denia a rozv\u00edja\u0165 sebad\u00f4veru a svalov\u00fa pam\u00e4\u0165 bez toho, aby riskoval, \u017ee seba alebo ostatn\u00fdch pore\u017ee ostrou \u010depe\u013eou.<\/p>\n<p>Endura Trainer je hmotnos\u0165ou a ve\u013ekos\u0165ou identick\u00fd so \u201e\u017eiv\u00fdm\u201c modelom. Aby sme zlep\u0161ili vyv\u00e1\u017eenie kusu, z\u00fa\u017eili sme neobr\u00fasen\u00fa \u0161pi\u010dku a vyv\u0155tali otvory v \u010depeli, \u010d\u00edm sme odstr\u00e1nili zbyto\u010dn\u00fd objem. Text\u00farovanie rukov\u00e4te Volcano na oboch stran\u00e1ch rukov\u00e4te zais\u0165uje, \u017ee va\u0161e ruky pri tr\u00e9ningu k\u013azaj\u00fa. V\u0161etky tr\u00e9ningov\u00e9 modely Spyderco maj\u00fa \u010derven\u00e9 rukov\u00e4te, ktor\u00e9 ich ozna\u010duj\u00fa ako nenaostren\u00e9.<\/p>\n<p>\u0160pecifik\u00e1cia<br \/>\nD\u013a\u017eka \u010depele: 9.1 cm<br \/>\nHr\u00fabka \u010depele: 0.3 cm<br \/>\nCelkov\u00e1 d\u013a\u017eka: 21.7 cm<br \/>\nD\u013a\u017eka v zatvorenom stave: 12.7 cm<br \/>\nOce\u013e \u010depele: AUS-6<br \/>\nHmotnos\u0165: 3,6 oz. (103 g)<br \/>\nMateri\u00e1l rukov\u00e4te: \u010derven\u00e1 FRN<\/p>\n","protected":false},"excerpt":{"rendered":"<p>Tr\u00e9ningov\u00e9 no\u017ee s\u00fa neostren\u00e9 no\u017ee, ktor\u00e9 umo\u017e\u0148uj\u00fa bezpe\u010dn\u00e9 cvi\u010denie a tr\u00e9ning s no\u017eom.<\/p>\n","protected":false},"featured_media":249386,"comment_status":"open","ping_status":"closed","template":"","meta":[],"pwb-brand":[3261],"product_brand":[],"product_cat":[3233,3186],"product_tag":[3668],"class_list":{"0":"post-249397","1":"product","2":"type-product","3":"status-publish","4":"has-post-thumbnail","6":"pwb-brand-zatvaraci-noz-spyderco-endura-flat-ground-gray-frn-c10fpgy","7":"product_cat-zatvaracie-noze","8":"product_cat-noze-sk","9":"product_tag-b2b-sk","11":"first","12":"instock","13":"sale","14":"taxable","15":"shipping-taxable","16":"purchasable","17":"product-type-simple"},"brands":[{"id":3261,"name":"Zatv\u00e1rac\u00ed N\u00f4\u017e Spyderco Endura Flat Ground Gray FRN C10FPGY","slug":"zatvaraci-noz-spyderco-endura-flat-ground-gray-frn-c10fpgy"}],"_links":{"self":[{"href":"https:\/\/www.moskito.cz\/sk\/wp-json\/wp\/v2\/product\/249397","targetHints":{"allow":["GET"]}}],"collection":[{"href":"https:\/\/www.moskito.cz\/sk\/wp-json\/wp\/v2\/product"}],"about":[{"href":"https:\/\/www.moskito.cz\/sk\/wp-json\/wp\/v2\/types\/product"}],"replies":[{"embeddable":true,"href":"https:\/\/www.moskito.cz\/sk\/wp-json\/wp\/v2\/comments?post=249397"}],"wp:featuredmedia":[{"embeddable":true,"href":"https:\/\/www.moskito.cz\/sk\/wp-json\/wp\/v2\/media\/249386"}],"wp:attachment":[{"href":"https:\/\/www.moskito.cz\/sk\/wp-json\/wp\/v2\/media?parent=249397"}],"wp:term":[{"taxonomy":"pwb-brand","embeddable":true,"href":"https:\/\/www.moskito.cz\/sk\/wp-json\/wp\/v2\/pwb-brand?post=249397"},{"taxonomy":"product_brand","embeddable":true,"href":"https:\/\/www.moskito.cz\/sk\/wp-json\/wp\/v2\/product_brand?post=249397"},{"taxonomy":"product_cat","embeddable":true,"href":"https:\/\/www.moskito.cz\/sk\/wp-json\/wp\/v2\/product_cat?post=249397"},{"taxonomy":"product_tag","embeddable":true,"href":"https:\/\/www.moskito.cz\/sk\/wp-json\/wp\/v2\/product_tag?post=249397"}],"curies":[{"name":"wp","href":"https:\/\/api.w.org\/{rel}","templated":true}]}}