{"id":249512,"date":"2023-05-23T21:29:38","date_gmt":"2023-05-23T20:29:38","guid":{"rendered":"https:\/\/www.moskito.cz\/produkt\/zatvaraci-noz-spyderco-resilience-c142gp\/"},"modified":"2023-05-23T21:29:38","modified_gmt":"2023-05-23T20:29:38","slug":"zatvaraci-noz-spyderco-resilience-c142gp","status":"publish","type":"product","link":"https:\/\/www.moskito.cz\/sk\/produkt\/zatvaraci-noz-spyderco-resilience-c142gp\/","title":{"rendered":"Zatv\u00e1rac\u00ed N\u00f4\u017e Spyderco Resilience C142GP"},"content":{"rendered":"<p>Zatv\u00e1rac\u00ed N\u00f4\u017e Spyderco Resilience C142GP<\/p>\n<p>Zbierka hodnotov\u00fdch no\u017eov Spyderco nesie meno obdivuhodn\u00fdch \u013eudsk\u00fdch vlastnost\u00ed. Na\u0161a ekonomick\u00e1 Persistence je najmen\u0161ia, Tenacious je stredne ve\u013ek\u00fd a Resilience najv\u00e4\u010d\u0161\u00ed. V\u0161etky sp\u013a\u0148aj\u00fa a prekra\u010duj\u00fa n\u00e1\u0161 cie\u013e, poskytova\u0165 \u00farove\u0148 rezn\u00e9ho v\u00fdkonu a kon\u0161trukcie za cenu, \u017ee si poviete \u201ehmm\u201c? C142 kombinuje tie najlep\u0161ie vlastnosti Spyderco: 4-cestn\u00fd klip, skrutkovaciu kon\u0161trukciu, puzdr\u00e1 z fosforov\u00e9ho bronzu, skeletonizovan\u00e9 oce\u013eov\u00e9 v\u00fdstelky, zv\u00e4\u010d\u0161en\u00fd otvor a chrb\u00e1t a v\u00fdstelku s ploch\u00fdm ostr\u00edm 8Cr13MoV. Funkcia za funkciu, dol\u00e1r za dol\u00e1r, v\u00fdkon za v\u00fdkon \u2013 Resilience prid\u00e1va do radu Spyderco \u010fal\u0161ie, \u010do mus\u00edte ma\u0165.<\/p>\n<p>\u0160pecifik\u00e1cia<br \/>\nCelkov\u00e1 d\u013a\u017eka: 23.8 cm<br \/>\nD\u013a\u017eka \u010depele: 10.8 cm<br \/>\nD\u013a\u017eka reznej hrany: 10.8 cm<br \/>\nD\u013a\u017eka v zatvorenom stave: 13.3 cm<br \/>\nOce\u013e: 8Cr3MoV<br \/>\nMateri\u00e1l rukov\u00e4te: G-10<br \/>\nHmotnos\u0165: 5,4 oz. (154 g)<br \/>\nKlip: \u013eav\u00fd\/prav\u00fd<br \/>\nNosenie \u0161pi\u010dky: hore\/dole<\/p>\n","protected":false},"excerpt":{"rendered":"<p>Zbierka hodnotov\u00fdch no\u017eov Spyderco nesie meno obdivuhodn\u00fdch \u013eudsk\u00fdch vlastnost\u00ed.<\/p>\n","protected":false},"featured_media":249501,"comment_status":"open","ping_status":"closed","template":"","meta":[],"pwb-brand":[3261],"product_brand":[],"product_cat":[3233,3186],"product_tag":[3668],"class_list":{"0":"post-249512","1":"product","2":"type-product","3":"status-publish","4":"has-post-thumbnail","6":"pwb-brand-zatvaraci-noz-spyderco-endura-flat-ground-gray-frn-c10fpgy","7":"product_cat-zatvaracie-noze","8":"product_cat-noze-sk","9":"product_tag-b2b-sk","11":"first","12":"instock","13":"taxable","14":"shipping-taxable","15":"purchasable","16":"product-type-simple"},"brands":[{"id":3261,"name":"Zatv\u00e1rac\u00ed N\u00f4\u017e Spyderco Endura Flat Ground Gray FRN C10FPGY","slug":"zatvaraci-noz-spyderco-endura-flat-ground-gray-frn-c10fpgy"}],"_links":{"self":[{"href":"https:\/\/www.moskito.cz\/sk\/wp-json\/wp\/v2\/product\/249512","targetHints":{"allow":["GET"]}}],"collection":[{"href":"https:\/\/www.moskito.cz\/sk\/wp-json\/wp\/v2\/product"}],"about":[{"href":"https:\/\/www.moskito.cz\/sk\/wp-json\/wp\/v2\/types\/product"}],"replies":[{"embeddable":true,"href":"https:\/\/www.moskito.cz\/sk\/wp-json\/wp\/v2\/comments?post=249512"}],"wp:featuredmedia":[{"embeddable":true,"href":"https:\/\/www.moskito.cz\/sk\/wp-json\/wp\/v2\/media\/249501"}],"wp:attachment":[{"href":"https:\/\/www.moskito.cz\/sk\/wp-json\/wp\/v2\/media?parent=249512"}],"wp:term":[{"taxonomy":"pwb-brand","embeddable":true,"href":"https:\/\/www.moskito.cz\/sk\/wp-json\/wp\/v2\/pwb-brand?post=249512"},{"taxonomy":"product_brand","embeddable":true,"href":"https:\/\/www.moskito.cz\/sk\/wp-json\/wp\/v2\/product_brand?post=249512"},{"taxonomy":"product_cat","embeddable":true,"href":"https:\/\/www.moskito.cz\/sk\/wp-json\/wp\/v2\/product_cat?post=249512"},{"taxonomy":"product_tag","embeddable":true,"href":"https:\/\/www.moskito.cz\/sk\/wp-json\/wp\/v2\/product_tag?post=249512"}],"curies":[{"name":"wp","href":"https:\/\/api.w.org\/{rel}","templated":true}]}}