{"id":249654,"date":"2023-05-25T22:44:20","date_gmt":"2023-05-25T21:44:20","guid":{"rendered":"https:\/\/www.moskito.cz\/produkt\/zatvaraci-noz-spyderco-yojimbo-2-c85gp2\/"},"modified":"2023-11-20T17:32:27","modified_gmt":"2023-11-20T16:32:27","slug":"zatvaraci-noz-spyderco-yojimbo-2-c85gp2","status":"publish","type":"product","link":"https:\/\/www.moskito.cz\/sk\/produkt\/zatvaraci-noz-spyderco-yojimbo-2-c85gp2\/","title":{"rendered":"Zatv\u00e1rac\u00ed N\u00f4\u017e Spyderco Yojimbo 2 C85GP2"},"content":{"rendered":"<p>Prepracovanej\u0161\u00ed dizajn Yojimbo 2 \u2013 podporen\u00fd Janichovou ne\u00fanavnou propag\u00e1ciou Wharncliffe ako profilu taktickej \u010depele \u2013 mu pomohol z\u00edska\u0165 pevn\u00e9 miesto v produktovom rade Spyderco. Preto\u017ee bol \u00fa\u010delovo navrhnut\u00fd ako sebaobrann\u00fd n\u00f4\u017e, k verzii so \u017eivou \u010depe\u013eou sa v roku 2017 pripojil \u0161peci\u00e1lny model tr\u00e9nera. V zauj\u00edmavom pr\u00edklade \u201ereverznej evol\u00facie\u201c \u2013 as pomocou z\u00e1kazkov\u00e9ho no\u017eiara Mickey Yurco \u2013 Yojimbo 2 tie\u017e in\u0161piroval takmer identick\u00fd n\u00e1protivok s pevnou \u010depe\u013eou, Ronin 2.<\/p>\n<p>Hoci s\u00fa Wharncliffi s taktick\u00fdm t\u00e9mou v dne\u0161nej dobe samozrejmos\u0165ou, evol\u00facia tohto plemena za\u010dala s \u00fasil\u00edm Michaela Janicha, Spyderco a duchom spolupr\u00e1ce a inov\u00e1cie, ktor\u00fd zdie\u013eali u\u017e viac ako 20 rokov.<\/p>\n<p>\u0160pecifik\u00e1cia<br \/>\nD\u013a\u017eka \u010depele: 8 cm<br \/>\nD\u013a\u017eka v zatvorenom stave: 11.22 cm<br \/>\nCelkov\u00e1 d\u013a\u017eka: 19.22 cm<br \/>\nMateri\u00e1l \u010depele: CPM-S30V Nerezov\u00e1 oce\u013e<br \/>\n\u0160t\u00fdl \u010depele: Wharncliffe<br \/>\nBr\u00fasenie \u010depele: Dut\u00e9<br \/>\nPovrchov\u00e1 \u00faprava \u010depele: sat\u00e9n<br \/>\nOstrie \u010depele: Hladk\u00e9<br \/>\nMateri\u00e1l rukov\u00e4te: G10<br \/>\nFarby rukov\u00e4te: \u010cierna<br \/>\nUzamykac\u00ed mechanizmus: Kompresn\u00fd z\u00e1mok<br \/>\nVreckov\u00fd klip: Vykl\u00e1panie\/dole, nosenie vpravo\/v\u013eavo<br \/>\n\u010c\u00edslo modelu: C85GP2<br \/>\nN\u00e1zov modelu: Yojimbo 2<br \/>\nHmotnos\u0165: 4,1 oz.<br \/>\nDizajn\u00e9r: Michael Janich<br \/>\nVyroben\u00e9 v USA<\/p>\n","protected":false},"excerpt":{"rendered":"<p>Yojimbo 2 orez\u00e1va\u010d krab\u00edc na steroidoch<\/p>\n","protected":false},"featured_media":249640,"comment_status":"open","ping_status":"closed","template":"","meta":[],"pwb-brand":[3261],"product_brand":[],"product_cat":[3233,3186],"product_tag":[3668],"class_list":{"0":"post-249654","1":"product","2":"type-product","3":"status-publish","4":"has-post-thumbnail","6":"pwb-brand-zatvaraci-noz-spyderco-endura-flat-ground-gray-frn-c10fpgy","7":"product_cat-zatvaracie-noze","8":"product_cat-noze-sk","9":"product_tag-b2b-sk","11":"first","12":"instock","13":"taxable","14":"shipping-taxable","15":"purchasable","16":"product-type-simple"},"brands":[{"id":3261,"name":"Zatv\u00e1rac\u00ed N\u00f4\u017e Spyderco Endura Flat Ground Gray FRN C10FPGY","slug":"zatvaraci-noz-spyderco-endura-flat-ground-gray-frn-c10fpgy"}],"_links":{"self":[{"href":"https:\/\/www.moskito.cz\/sk\/wp-json\/wp\/v2\/product\/249654","targetHints":{"allow":["GET"]}}],"collection":[{"href":"https:\/\/www.moskito.cz\/sk\/wp-json\/wp\/v2\/product"}],"about":[{"href":"https:\/\/www.moskito.cz\/sk\/wp-json\/wp\/v2\/types\/product"}],"replies":[{"embeddable":true,"href":"https:\/\/www.moskito.cz\/sk\/wp-json\/wp\/v2\/comments?post=249654"}],"wp:featuredmedia":[{"embeddable":true,"href":"https:\/\/www.moskito.cz\/sk\/wp-json\/wp\/v2\/media\/249640"}],"wp:attachment":[{"href":"https:\/\/www.moskito.cz\/sk\/wp-json\/wp\/v2\/media?parent=249654"}],"wp:term":[{"taxonomy":"pwb-brand","embeddable":true,"href":"https:\/\/www.moskito.cz\/sk\/wp-json\/wp\/v2\/pwb-brand?post=249654"},{"taxonomy":"product_brand","embeddable":true,"href":"https:\/\/www.moskito.cz\/sk\/wp-json\/wp\/v2\/product_brand?post=249654"},{"taxonomy":"product_cat","embeddable":true,"href":"https:\/\/www.moskito.cz\/sk\/wp-json\/wp\/v2\/product_cat?post=249654"},{"taxonomy":"product_tag","embeddable":true,"href":"https:\/\/www.moskito.cz\/sk\/wp-json\/wp\/v2\/product_tag?post=249654"}],"curies":[{"name":"wp","href":"https:\/\/api.w.org\/{rel}","templated":true}]}}