{"id":249673,"date":"2023-05-26T22:41:38","date_gmt":"2023-05-26T21:41:38","guid":{"rendered":"https:\/\/www.moskito.cz\/produkt\/zatvaraci-noz-spyderco-harpy-c08s\/"},"modified":"2025-05-07T10:51:06","modified_gmt":"2025-05-07T09:51:06","slug":"zatvaraci-noz-spyderco-harpy-c08s","status":"publish","type":"product","link":"https:\/\/www.moskito.cz\/sk\/produkt\/zatvaraci-noz-spyderco-harpy-c08s\/","title":{"rendered":"Zatv\u00e1rac\u00ed N\u00f4\u017e Spyderco Harpy C08S"},"content":{"rendered":"<p>Zatv\u00e1rac\u00ed N\u00f4\u017e Spyderco Harpy C08S<\/p>\n<p>Rovnako ako paz\u00far orla harpyja je aj C08 tvarovan\u00fd pre kontrolovan\u00e9 \u0165ahov\u00e9 rezy. Tvar \u010depele hawkbill poch\u00e1dza z n\u00e1morn\u00e9ho\/ryb\u00e1rskeho priemyslu, kde sa prerez\u00e1vanie lana, vlasca, popruhu a siete vykon\u00e1va na d\u013a\u017eku ramena r\u00fdchlo a efekt\u00edvne. Zakriven\u00fd obl\u00fak dr\u017e\u00ed to, \u010do re\u017eete, proti nabr\u00fasenej hrane a br\u00e1ni tomu, aby sk\u013azlo z hrotu.<\/p>\n<p>Z\u00e1kazkov\u00fd no\u017eiar David Boya vyvinul priehlbinu v uzamykacej p\u00e1ke, ktor\u00e1 zais\u0165uje, \u017ee \u010depe\u013e zostane bezpe\u010dne zaisten\u00e1 otvoren\u00e1, ke\u010f rukov\u00e4\u0165 uchop\u00edte silou. Z rukov\u00e4te je vyrezan\u00fd k\u013e\u00fa\u010dik\/su\u0161iaci otvor, ktor\u00fd umo\u017e\u0148uje cirkul\u00e1ciu vzduchu okolo \u010depele, ke\u010f je zatvoren\u00e1 za mokra. Kovov\u00e1 spona je umiestnen\u00e1 na nosenie \u0161pi\u010dkou dole.<\/p>\n<p>\u0160pecifik\u00e1cia<br \/>\nD\u013a\u017eka \u010depele: 7 cm<br \/>\nRezn\u00e1 hrana: 6.5 cm<br \/>\nHr\u00fabka \u010depele: 0.3 cm<br \/>\nCelkov\u00e1 d\u013a\u017eka: 16.5 cm<br \/>\nD\u013a\u017eka v zatvorenom stave: 9.8 cm<br \/>\nOce\u013e \u010depele: Nerezov\u00e1 oce\u013e VG-10<br \/>\nHmotnos\u0165: 3,9 oz. (109 g)<br \/>\nMateri\u00e1l rukov\u00e4te: Nerezov\u00e1 oce\u013e<br \/>\nVyroben\u00e9 v Seki-City, Japonsko<\/p>\n","protected":false},"excerpt":{"rendered":"<p>Tvar \u010depele hawkbill poch\u00e1dza z n\u00e1morn\u00e9ho\/ryb\u00e1rskeho priemyslu, kde sa prerez\u00e1vanie lana, vlasca, popruhu a siete vykon\u00e1va na d\u013a\u017eku ramena r\u00fdchlo a efekt\u00edvne.<\/p>\n","protected":false},"featured_media":249662,"comment_status":"open","ping_status":"closed","template":"","meta":[],"pwb-brand":[3261],"product_brand":[],"product_cat":[3186,3233],"product_tag":[3668],"class_list":{"0":"post-249673","1":"product","2":"type-product","3":"status-publish","4":"has-post-thumbnail","6":"pwb-brand-zatvaraci-noz-spyderco-endura-flat-ground-gray-frn-c10fpgy","7":"product_cat-noze-sk","8":"product_cat-zatvaracie-noze","9":"product_tag-b2b-sk","11":"first","12":"outofstock","13":"taxable","14":"shipping-taxable","15":"purchasable","16":"product-type-simple"},"brands":[{"id":3261,"name":"Zatv\u00e1rac\u00ed N\u00f4\u017e Spyderco Endura Flat Ground Gray FRN C10FPGY","slug":"zatvaraci-noz-spyderco-endura-flat-ground-gray-frn-c10fpgy"}],"_links":{"self":[{"href":"https:\/\/www.moskito.cz\/sk\/wp-json\/wp\/v2\/product\/249673","targetHints":{"allow":["GET"]}}],"collection":[{"href":"https:\/\/www.moskito.cz\/sk\/wp-json\/wp\/v2\/product"}],"about":[{"href":"https:\/\/www.moskito.cz\/sk\/wp-json\/wp\/v2\/types\/product"}],"replies":[{"embeddable":true,"href":"https:\/\/www.moskito.cz\/sk\/wp-json\/wp\/v2\/comments?post=249673"}],"wp:featuredmedia":[{"embeddable":true,"href":"https:\/\/www.moskito.cz\/sk\/wp-json\/wp\/v2\/media\/249662"}],"wp:attachment":[{"href":"https:\/\/www.moskito.cz\/sk\/wp-json\/wp\/v2\/media?parent=249673"}],"wp:term":[{"taxonomy":"pwb-brand","embeddable":true,"href":"https:\/\/www.moskito.cz\/sk\/wp-json\/wp\/v2\/pwb-brand?post=249673"},{"taxonomy":"product_brand","embeddable":true,"href":"https:\/\/www.moskito.cz\/sk\/wp-json\/wp\/v2\/product_brand?post=249673"},{"taxonomy":"product_cat","embeddable":true,"href":"https:\/\/www.moskito.cz\/sk\/wp-json\/wp\/v2\/product_cat?post=249673"},{"taxonomy":"product_tag","embeddable":true,"href":"https:\/\/www.moskito.cz\/sk\/wp-json\/wp\/v2\/product_tag?post=249673"}],"curies":[{"name":"wp","href":"https:\/\/api.w.org\/{rel}","templated":true}]}}