{"id":249691,"date":"2023-05-27T18:52:03","date_gmt":"2023-05-27T17:52:03","guid":{"rendered":"https:\/\/www.moskito.cz\/produkt\/zatvaraci-noz-spyderco-police-4-lightweight-c07pbk4\/"},"modified":"2023-11-20T17:32:31","modified_gmt":"2023-11-20T16:32:31","slug":"zatvaraci-noz-spyderco-police-4-lightweight-c07pbk4","status":"publish","type":"product","link":"https:\/\/www.moskito.cz\/sk\/produkt\/zatvaraci-noz-spyderco-police-4-lightweight-c07pbk4\/","title":{"rendered":"Zatv\u00e1rac\u00ed N\u00f4\u017e Spyderco Police 4 Lightweight C07PBK4"},"content":{"rendered":"<p>\u010cepe\u013e Police 4 Lightweight je celoplo\u0161ne br\u00fasen\u00e1 z vysoko kvalitnej nerezovej ocele VG10, materi\u00e1lu, ktor\u00fd pon\u00faka osved\u010den\u00fa rovnov\u00e1hu medzi dr\u017ean\u00edm ostrie, odolnos\u0165ou proti kor\u00f3zii, h\u00fa\u017eevnatos\u0165ou a \u013eahk\u00fdm zaostrovan\u00edm. Jeho plne pr\u00edstupn\u00fd okr\u00fahly otvor s ochrannou zn\u00e1mkou umo\u017e\u0148uje r\u00fdchle, obojstrann\u00e9 otv\u00e1ranie jednou rukou a dop\u013a\u0148a vysoko pevn\u00fd zadn\u00fd z\u00e1mok no\u017ea a \u0161tvorpolohov\u00fa sponu, aby bol rovnako priate\u013esk\u00fd pre \u013eav\u00e1kov aj prav\u00e1kov.<\/p>\n<p>Police 4 Lightweight, vyvrcholenie bohatej a mimoriadne v\u00fdznamnej hist\u00f3rie, je ako evol\u00faciou jedn\u00e9ho z najikonickej\u0161\u00edch designov Spyderco, tak aj hrdou poctou. Sme presved\u010den\u00ed, \u017ee to priv\u00edtaj\u00fa ako oldschoolov\u00ed, tak za\u010diato\u010dn\u00edci Spyderco nad\u0161enci.<\/p>\n<p>\u0160pecifik\u00e1cia<br \/>\nD\u013a\u017eka \u010depele: 11.2 cm<br \/>\nRezn\u00e1 hrana: 10 cm<br \/>\nD\u013a\u017eka v zatvorenom stave: 14.3 cm<br \/>\nCelkov\u00e1 d\u013a\u017eka: 25.3 cm<br \/>\nHr\u00fabka \u010depele: 0.3 cm<br \/>\nMateri\u00e1l \u010depele: VG10 Nerezov\u00e1 oce\u013e<br \/>\n\u0160t\u00fdl \u010depele: Drop Point<br \/>\nBr\u00fasenie \u010depele: Plne ploch\u00e9<br \/>\nPovrchov\u00e1 \u00faprava \u010depele: sat\u00e9n<br \/>\nOstrie \u010depele: Hladk\u00e9<br \/>\nMateri\u00e1l rukov\u00e4te: Obojsmern\u00e1 text\u00farovan\u00e1 FRN<br \/>\nFarba rukov\u00e4te: \u010cierna<br \/>\nUzamykac\u00ed mechanizmus: Lockback<br \/>\nVreckov\u00fd klip: Sklopenie hore\/dole, nosenie v\u013eavo\/vpravo<br \/>\n\u010c\u00edslo modelu: C07PBK4<br \/>\nN\u00e1zov modelu: Police 4 Lightweight<br \/>\nHmotnos\u0165: 4,2 oz. (119 g)<br \/>\nVyroben\u00e9 v Japonsku<\/p>\n","protected":false},"excerpt":{"rendered":"<p>Police 4 Lightweight, vyvrcholenie bohatej a mimoriadne v\u00fdznamnej hist\u00f3rie a je evol\u00faciou jedn\u00e9ho z najikonickej\u0161\u00edch designov Spyderco<\/p>\n","protected":false},"featured_media":249680,"comment_status":"open","ping_status":"closed","template":"","meta":[],"pwb-brand":[3261],"product_brand":[],"product_cat":[3233,3186],"product_tag":[3668],"class_list":{"0":"post-249691","1":"product","2":"type-product","3":"status-publish","4":"has-post-thumbnail","6":"pwb-brand-zatvaraci-noz-spyderco-endura-flat-ground-gray-frn-c10fpgy","7":"product_cat-zatvaracie-noze","8":"product_cat-noze-sk","9":"product_tag-b2b-sk","11":"first","12":"instock","13":"taxable","14":"shipping-taxable","15":"purchasable","16":"product-type-simple"},"brands":[{"id":3261,"name":"Zatv\u00e1rac\u00ed N\u00f4\u017e Spyderco Endura Flat Ground Gray FRN C10FPGY","slug":"zatvaraci-noz-spyderco-endura-flat-ground-gray-frn-c10fpgy"}],"_links":{"self":[{"href":"https:\/\/www.moskito.cz\/sk\/wp-json\/wp\/v2\/product\/249691","targetHints":{"allow":["GET"]}}],"collection":[{"href":"https:\/\/www.moskito.cz\/sk\/wp-json\/wp\/v2\/product"}],"about":[{"href":"https:\/\/www.moskito.cz\/sk\/wp-json\/wp\/v2\/types\/product"}],"replies":[{"embeddable":true,"href":"https:\/\/www.moskito.cz\/sk\/wp-json\/wp\/v2\/comments?post=249691"}],"wp:featuredmedia":[{"embeddable":true,"href":"https:\/\/www.moskito.cz\/sk\/wp-json\/wp\/v2\/media\/249680"}],"wp:attachment":[{"href":"https:\/\/www.moskito.cz\/sk\/wp-json\/wp\/v2\/media?parent=249691"}],"wp:term":[{"taxonomy":"pwb-brand","embeddable":true,"href":"https:\/\/www.moskito.cz\/sk\/wp-json\/wp\/v2\/pwb-brand?post=249691"},{"taxonomy":"product_brand","embeddable":true,"href":"https:\/\/www.moskito.cz\/sk\/wp-json\/wp\/v2\/product_brand?post=249691"},{"taxonomy":"product_cat","embeddable":true,"href":"https:\/\/www.moskito.cz\/sk\/wp-json\/wp\/v2\/product_cat?post=249691"},{"taxonomy":"product_tag","embeddable":true,"href":"https:\/\/www.moskito.cz\/sk\/wp-json\/wp\/v2\/product_tag?post=249691"}],"curies":[{"name":"wp","href":"https:\/\/api.w.org\/{rel}","templated":true}]}}