{"id":249866,"date":"2023-06-01T09:03:03","date_gmt":"2023-06-01T08:03:03","guid":{"rendered":"https:\/\/www.moskito.cz\/produkt\/suprava-2-ks-spyderco-triangle-sharpmaker-cubic-boron-nitride-rods-204cbn\/"},"modified":"2024-08-15T09:23:15","modified_gmt":"2024-08-15T08:23:15","slug":"suprava-2-ks-spyderco-triangle-sharpmaker-cubic-boron-nitride-rods-204cbn","status":"publish","type":"product","link":"https:\/\/www.moskito.cz\/sk\/produkt\/suprava-2-ks-spyderco-triangle-sharpmaker-cubic-boron-nitride-rods-204cbn\/","title":{"rendered":"S\u00faprava 2 ks Spyderco Triangle Sharpmaker Cubic Boron Nitride Rods 204CBN"},"content":{"rendered":"<p>S\u00faprava 2 ks <strong>Spyderco<\/strong> Triangle Sharpmaker Cubic Boron Nitride Rods 204CBN Jedn\u00e1 sa o oce\u013eov\u00e9 trojuholn\u00edky pokryt\u00e9 spojivom a n\u00e1sledne pokryt\u00e9 \u010dasticami kubick\u00e9ho nitridu b\u00f3ru. Kubick\u00fd nitrid b\u00f3ru je superabrazivo, ktor\u00e9 je v tvrdosti druh\u00e9 za diamantom. Pon\u00faka vynikaj\u00facu odolnos\u0165 proti oderu a tepeln\u00fa vodivos\u0165 v porovnan\u00ed s konven\u010dn\u00fdmi brusivami, ako je karbid krem\u00edka a oxid hlinit\u00fd, \u010do z neho rob\u00ed preferovan\u00e9 brusivo v mnoh\u00fdch pokro\u010dil\u00fdch priemyseln\u00fdch br\u00fasnych aplik\u00e1ci\u00e1ch. Teraz m\u00f4\u017eete skombinova\u0165 v\u00fdhody tohto r\u00fdchlo rezaj\u00faceho superabraz\u00edva s pohodl\u00edm a jednoduchos\u0165ou pou\u017eitia Spyderco Tri-Angle Sharpmaker. Extr\u00e9mne tvrd\u00e9 brusiv\u00e1 sa odpor\u00fa\u010daj\u00fa, ke\u010f chcete odstr\u00e1ni\u0165 materi\u00e1l, na \u00fa\u010dely re\u0161taurovania a agres\u00edvne pretv\u00e1ranie, nov\u00e9 skosenie a reprofilovanie reznej hrany. Ve\u013ekos\u0165 zrna CBN je asi 40 mikr\u00f3nov CBN brusivo je v\u00fdrazne hrub\u0161ie ako stredn\u00e9 keramick\u00e9 kamene CBN ty\u010de by mali by\u0165 pou\u017e\u00edvan\u00e9 s VE\u013dMI \u013dAHK\u00ddM tlakom. Odpor\u00fa\u010dan\u00e9 pou\u017eitie menej ako 5 gramov (v unci je 28 gramov) a nadmern\u00fd tlak m\u00f4\u017ee odreza\u0165 brusivo zo z\u00e1kladnej vrstvy, ktor\u00e1 ho via\u017ee k ty\u010di. Odpor\u00fa\u010da sa pred pou\u017eit\u00edm ty\u010de zahmli\u0165 vodou, aby sa zn\u00ed\u017eil kovov\u00fd prach a spomalil sa abraz\u00edvny proces. Ty\u010de s\u00fa ide\u00e1lne pre reprofil\u00e1ciu uhla \u00fakosu no\u017ea alebo skosenie \u0161tiepan\u00fdch alebo narezan\u00fdch \u010depel\u00ed vyhladi\u0165 \u00fakosy na jemnej\u0161iu zrnitos\u0165. Rozmery 17,8 \u00d7 1,3 cm        <\/p>\n","protected":false},"excerpt":{"rendered":"<p>Oce\u013eov\u00e9 trojuholn\u00edky pokryt\u00e9 spojivom a n\u00e1sledne pokryt\u00e9 \u010dasticami kubick\u00e9ho nitridu b\u00f3ru.<\/p>\n","protected":false},"featured_media":249864,"comment_status":"open","ping_status":"closed","template":"","meta":[],"pwb-brand":[3261],"product_brand":[],"product_cat":[3205],"product_tag":[3668],"class_list":{"0":"post-249866","1":"product","2":"type-product","3":"status-publish","4":"has-post-thumbnail","6":"pwb-brand-zatvaraci-noz-spyderco-endura-flat-ground-gray-frn-c10fpgy","7":"product_cat-brusky-a-ocielky","8":"product_tag-b2b-sk","10":"first","11":"instock","12":"taxable","13":"shipping-taxable","14":"purchasable","15":"product-type-simple"},"brands":[{"id":3261,"name":"Zatv\u00e1rac\u00ed N\u00f4\u017e Spyderco Endura Flat Ground Gray FRN C10FPGY","slug":"zatvaraci-noz-spyderco-endura-flat-ground-gray-frn-c10fpgy"}],"_links":{"self":[{"href":"https:\/\/www.moskito.cz\/sk\/wp-json\/wp\/v2\/product\/249866","targetHints":{"allow":["GET"]}}],"collection":[{"href":"https:\/\/www.moskito.cz\/sk\/wp-json\/wp\/v2\/product"}],"about":[{"href":"https:\/\/www.moskito.cz\/sk\/wp-json\/wp\/v2\/types\/product"}],"replies":[{"embeddable":true,"href":"https:\/\/www.moskito.cz\/sk\/wp-json\/wp\/v2\/comments?post=249866"}],"wp:featuredmedia":[{"embeddable":true,"href":"https:\/\/www.moskito.cz\/sk\/wp-json\/wp\/v2\/media\/249864"}],"wp:attachment":[{"href":"https:\/\/www.moskito.cz\/sk\/wp-json\/wp\/v2\/media?parent=249866"}],"wp:term":[{"taxonomy":"pwb-brand","embeddable":true,"href":"https:\/\/www.moskito.cz\/sk\/wp-json\/wp\/v2\/pwb-brand?post=249866"},{"taxonomy":"product_brand","embeddable":true,"href":"https:\/\/www.moskito.cz\/sk\/wp-json\/wp\/v2\/product_brand?post=249866"},{"taxonomy":"product_cat","embeddable":true,"href":"https:\/\/www.moskito.cz\/sk\/wp-json\/wp\/v2\/product_cat?post=249866"},{"taxonomy":"product_tag","embeddable":true,"href":"https:\/\/www.moskito.cz\/sk\/wp-json\/wp\/v2\/product_tag?post=249866"}],"curies":[{"name":"wp","href":"https:\/\/api.w.org\/{rel}","templated":true}]}}