{"id":249884,"date":"2023-06-01T09:43:45","date_gmt":"2023-06-01T08:43:45","guid":{"rendered":"https:\/\/www.moskito.cz\/produkt\/brusik-spyderco-triangle-sharpmaker-ultra-fine-grit-rod-204uf1\/"},"modified":"2023-06-01T09:43:45","modified_gmt":"2023-06-01T08:43:45","slug":"brusik-spyderco-triangle-sharpmaker-ultra-fine-grit-rod-204uf1","status":"publish","type":"product","link":"https:\/\/www.moskito.cz\/sk\/produkt\/brusik-spyderco-triangle-sharpmaker-ultra-fine-grit-rod-204uf1\/","title":{"rendered":"Br\u00fasik Spyderco Triangle Sharpmaker Ultra Fine Grit Rod 204UF1"},"content":{"rendered":"<p>Br\u00fasik Spyderco Triangle Sharpmaker Ultra Fine Grit Rod 204UF1<\/p>\n<p>Mimoriadne jemn\u00fd kame\u0148 spev\u0148uje vzor po\u0161kriabania \u010depele na e\u0161te prenikavej\u0161\u00ed stupe\u0148 pre profesion\u00e1lnu ostros\u0165 a le\u0161tenie. Pasuje na syst\u00e9m 204 Sharpmaker, kamene sa pred\u00e1vaj\u00fa jednotlivo. Kamene 204UF TriAngle s\u00fa 7&#8243; x 0,5&#8243; (178 mm x 1 3 mm). Na \u010distenie: vydrhnite dr\u00f4tenou \u0161pongiou a motorov\u00fdm abraz\u00edvnym \u010disti\u010dom, vysu\u0161te na vzduchu.<\/p>\n","protected":false},"excerpt":{"rendered":"<p>Mimoriadne jemn\u00fd kame\u0148 Spyderco<\/p>\n","protected":false},"featured_media":249882,"comment_status":"open","ping_status":"closed","template":"","meta":[],"pwb-brand":[3261],"product_brand":[],"product_cat":[3205],"product_tag":[3668],"class_list":{"0":"post-249884","1":"product","2":"type-product","3":"status-publish","4":"has-post-thumbnail","6":"pwb-brand-zatvaraci-noz-spyderco-endura-flat-ground-gray-frn-c10fpgy","7":"product_cat-brusky-a-ocielky","8":"product_tag-b2b-sk","10":"first","11":"instock","12":"taxable","13":"shipping-taxable","14":"purchasable","15":"product-type-simple"},"brands":[{"id":3261,"name":"Zatv\u00e1rac\u00ed N\u00f4\u017e Spyderco Endura Flat Ground Gray FRN C10FPGY","slug":"zatvaraci-noz-spyderco-endura-flat-ground-gray-frn-c10fpgy"}],"_links":{"self":[{"href":"https:\/\/www.moskito.cz\/sk\/wp-json\/wp\/v2\/product\/249884","targetHints":{"allow":["GET"]}}],"collection":[{"href":"https:\/\/www.moskito.cz\/sk\/wp-json\/wp\/v2\/product"}],"about":[{"href":"https:\/\/www.moskito.cz\/sk\/wp-json\/wp\/v2\/types\/product"}],"replies":[{"embeddable":true,"href":"https:\/\/www.moskito.cz\/sk\/wp-json\/wp\/v2\/comments?post=249884"}],"wp:featuredmedia":[{"embeddable":true,"href":"https:\/\/www.moskito.cz\/sk\/wp-json\/wp\/v2\/media\/249882"}],"wp:attachment":[{"href":"https:\/\/www.moskito.cz\/sk\/wp-json\/wp\/v2\/media?parent=249884"}],"wp:term":[{"taxonomy":"pwb-brand","embeddable":true,"href":"https:\/\/www.moskito.cz\/sk\/wp-json\/wp\/v2\/pwb-brand?post=249884"},{"taxonomy":"product_brand","embeddable":true,"href":"https:\/\/www.moskito.cz\/sk\/wp-json\/wp\/v2\/product_brand?post=249884"},{"taxonomy":"product_cat","embeddable":true,"href":"https:\/\/www.moskito.cz\/sk\/wp-json\/wp\/v2\/product_cat?post=249884"},{"taxonomy":"product_tag","embeddable":true,"href":"https:\/\/www.moskito.cz\/sk\/wp-json\/wp\/v2\/product_tag?post=249884"}],"curies":[{"name":"wp","href":"https:\/\/api.w.org\/{rel}","templated":true}]}}